{"id":1050,"date":"2026-02-03T17:19:02","date_gmt":"2026-02-03T16:19:02","guid":{"rendered":"http:\/\/mivv2026.local\/mivv-kundenservice\/"},"modified":"2026-03-04T18:02:58","modified_gmt":"2026-03-04T17:02:58","slug":"mivv-kundenservice","status":"publish","type":"page","link":"https:\/\/dev.mivv.com\/de\/mivv-kundenservice\/","title":{"rendered":"MIVV Kundenservice"},"content":{"rendered":"\n<div class=\"wp-block-columns is-layout-flex wp-container-core-columns-is-layout-9d6595d7 wp-block-columns-is-layout-flex\">\n<div class=\"wp-block-column is-layout-flow wp-block-column-is-layout-flow\">\n<div class=\"wp-block-group card-assistenza pre-vendita has-white-color has-text-color has-background has-link-color wp-elements-913afad64dcf2c4aec6168de14c4b839 is-vertical is-content-justification-center is-layout-flex wp-container-core-group-is-layout-4b2eccd6 wp-block-group-is-layout-flex\" style=\"background-color:#e21d2c\">\n<figure class=\"wp-block-image size-full\"><img loading=\"lazy\" decoding=\"async\" width=\"50\" height=\"50\" src=\"http:\/\/mivv2026.local\/wp-content\/uploads\/2026\/02\/icons8-punto-interrogativo-50-1.png\" alt=\"\" class=\"wp-image-886\"\/><\/figure>\n\n\n\n<h2 class=\"wp-block-heading\">MIVV Vorverkaufsservice<\/h2>\n\n\n\n<p class=\"has-text-align-center\">M\u00f6chtest du wissen, welcher Auspuff perfekt f\u00fcr dein Motorrad ist? Wenn du Zweifel hinsichtlich der Kompatibilit\u00e4t oder der Leistung hast oder vor dem Kauf eine technische Beratung w\u00fcnschst, steht dir unser Vertriebsteam gerne zur Verf\u00fcgung.<\/p>\n\n\n\n<div class=\"wp-block-buttons is-layout-flex wp-block-buttons-is-layout-flex\">\n<div class=\"wp-block-button btn-assistenza\"><a class=\"wp-block-button__link wp-element-button\" href=\"http:\/\/mivv2026.local\/de\/mivv-kundenservice\/mivv-vorverkaufsservice\/\" style=\"border-top-left-radius:0px;border-top-right-radius:0px;border-bottom-left-radius:0px;border-bottom-right-radius:0px\">Informationen anfordern<\/a><\/div>\n<\/div>\n<\/div>\n<\/div>\n\n\n\n<div class=\"wp-block-column is-vertically-aligned-top is-layout-flow wp-block-column-is-layout-flow\">\n<div class=\"wp-block-group card-assistenza post-vendita has-white-color has-black-background-color has-text-color has-background has-link-color wp-elements-95536b62192673de55549e9edbab9faf is-vertical is-content-justification-center is-layout-flex wp-container-core-group-is-layout-0472769e wp-block-group-is-layout-flex\">\n<figure class=\"wp-block-image size-full\"><img loading=\"lazy\" decoding=\"async\" width=\"50\" height=\"50\" src=\"http:\/\/mivv2026.local\/wp-content\/uploads\/2026\/02\/icons8-chiave-inglese-50-1.png\" alt=\"\" class=\"wp-image-873\"\/><\/figure>\n\n\n\n<h2 class=\"wp-block-heading\">MIVV Kundendienst nach dem Kauf<\/h2>\n\n\n\n<p class=\"has-text-align-center\">Hast du bereits ein MIVV Produkt gekauft und ben\u00f6tigst Unterst\u00fctzung? Wenn du Schwierigkeiten bei der Montage hast oder ein besch\u00e4digtes Produkt erhalten hast, er\u00f6ffne hier eine Anfrage.<\/p>\n\n\n\n<div class=\"wp-block-buttons is-layout-flex wp-block-buttons-is-layout-flex\">\n<div class=\"wp-block-button btn-assistenza\"><a class=\"wp-block-button__link wp-element-button\" href=\"http:\/\/mivv2026.local\/de\/mivv-kundenservice\/mivv-kundendienst-nach-dem-kauf\/\" style=\"border-top-left-radius:0px;border-top-right-radius:0px;border-bottom-left-radius:0px;border-bottom-right-radius:0px\">Eine Anfrage er\u00f6ffnen<\/a><\/div>\n<\/div>\n<\/div>\n<\/div>\n<\/div>\n\n<div style=\"height:100px\" aria-hidden=\"true\" class=\"wp-block-spacer\"><\/div>\n\n<div class=\"wp-block-columns sezione-faq-assistenza is-layout-flex wp-container-core-columns-is-layout-9d6595d7 wp-block-columns-is-layout-flex\">\n<div class=\"wp-block-column is-vertically-aligned-center is-layout-flow wp-block-column-is-layout-flow\" style=\"flex-basis:80%\">\n<h2 class=\"wp-block-heading\">Finde sofortige Antworten<br\/><\/h2>\n\n\n\n<p>Wirf einen Blick in unseren FAQ-Bereich.<br\/>Wir haben die Antworten auf die h\u00e4ufigsten Fragen zu Installation, Homologationen und Wartung zusammengestellt.<br\/>Die L\u00f6sung f\u00fcr dein Problem k\u00f6nnte bereits nur einen Klick entfernt sein.<\/p>\n<\/div>\n\n\n\n<div class=\"wp-block-column is-vertically-aligned-center is-layout-flow wp-block-column-is-layout-flow\" style=\"flex-basis:20%\">\n<div class=\"wp-block-buttons is-layout-flex wp-block-buttons-is-layout-flex\">\n<div class=\"wp-block-button\"><a class=\"wp-block-button__link has-white-color has-black-background-color has-text-color has-background has-link-color wp-element-button\" href=\"http:\/\/mivv2026.local\/de\/faq\/\" style=\"border-top-left-radius:0px;border-top-right-radius:0px;border-bottom-left-radius:0px;border-bottom-right-radius:0px\">FAQ ansehen<\/a><\/div>\n<\/div>\n<\/div>\n<\/div>\n","protected":false},"excerpt":{"rendered":"<p>MIVV Vorverkaufsservice M\u00f6chtest du wissen, welcher Auspuff perfekt f\u00fcr dein Motorrad ist? Wenn du Zweifel hinsichtlich der Kompatibilit\u00e4t oder der Leistung hast oder vor dem Kauf eine technische Beratung w\u00fcnschst, steht dir unser Vertriebsteam gerne zur Verf\u00fcgung. MIVV Kundendienst nach dem Kauf Hast du bereits ein MIVV Produkt gekauft und ben\u00f6tigst Unterst\u00fctzung? Wenn du Schwierigkeiten [&hellip;]<\/p>\n","protected":false},"author":2,"featured_media":0,"parent":0,"menu_order":0,"comment_status":"closed","ping_status":"closed","template":"","meta":{"_acf_changed":false,"footnotes":""},"class_list":["post-1050","page","type-page","status-publish","hentry"],"acf":[],"_links":{"self":[{"href":"https:\/\/dev.mivv.com\/de\/wp-json\/wp\/v2\/pages\/1050","targetHints":{"allow":["GET"]}}],"collection":[{"href":"https:\/\/dev.mivv.com\/de\/wp-json\/wp\/v2\/pages"}],"about":[{"href":"https:\/\/dev.mivv.com\/de\/wp-json\/wp\/v2\/types\/page"}],"author":[{"embeddable":true,"href":"https:\/\/dev.mivv.com\/de\/wp-json\/wp\/v2\/users\/2"}],"replies":[{"embeddable":true,"href":"https:\/\/dev.mivv.com\/de\/wp-json\/wp\/v2\/comments?post=1050"}],"version-history":[{"count":4,"href":"https:\/\/dev.mivv.com\/de\/wp-json\/wp\/v2\/pages\/1050\/revisions"}],"predecessor-version":[{"id":3065,"href":"https:\/\/dev.mivv.com\/de\/wp-json\/wp\/v2\/pages\/1050\/revisions\/3065"}],"wp:attachment":[{"href":"https:\/\/dev.mivv.com\/de\/wp-json\/wp\/v2\/media?parent=1050"}],"curies":[{"name":"wp","href":"https:\/\/api.w.org\/{rel}","templated":true}]}}