{"id":105886,"date":"2026-01-16T10:14:46","date_gmt":"2026-01-16T09:14:46","guid":{"rendered":"https:\/\/dev.mivv.com\/whistleblowing\/"},"modified":"2026-04-23T15:26:21","modified_gmt":"2026-04-23T13:26:21","slug":"whistleblowing","status":"publish","type":"page","link":"https:\/\/dev.mivv.com\/de\/whistleblowing\/","title":{"rendered":"Whistleblowing"},"content":{"rendered":"\n<h1 class=\"wp-block-heading\">Whistleblowing-Meldekanal<\/h1>\n\n<p>Bei Mivv S.p.A. sind korrektes unternehmerisches Handeln und die Achtung ethischer Grunds\u00e4tze grundlegende Werte. In \u00dcbereinstimmung mit diesem Bekenntnis und gem\u00e4\u00df Gesetzesdekret 24\/2023 (Umsetzung der europ\u00e4ischen Richtlinie 2019\/1937) haben wir ein internes System zur Bearbeitung von Meldungen \u00fcber Fehlverhalten eingef\u00fchrt, das sogenannte Whistleblowing-System.<\/p>\n\n<h3 class=\"wp-block-heading\">Was ist Whistleblowing?<\/h3>\n\n<p>Das Hinweisgebersystem erm\u00f6glicht es jedem Mitarbeiter von Mivv S.p.A., spontan Verst\u00f6\u00dfe, Risiken oder gef\u00e4hrliche Situationen offenzulegen, die dem Unternehmen, Kollegen, Kunden oder dem \u00f6ffentlichen Interesse schaden k\u00f6nnten.<\/p>\n\n<h3 class=\"wp-block-heading\">Unser Engagement f\u00fcr Ihren Schutz<\/h3>\n\n<p>Mivv S.p.A. f\u00f6rdert eine Kultur der Integrit\u00e4t und setzt sich f\u00fcr den Schutz aller ein, die Fehlverhalten melden. \u00dcber unseren eigens daf\u00fcr eingerichteten Kanal garantieren wir:<\/p>\n\n<ul class=\"wp-block-list has-black-color has-text-color has-link-color wp-elements-114e76231579de57ce3331030f85b6ed\">\n<li><strong>Maximale Vertraulichkeit:<\/strong> Die Identit\u00e4t des Melders und die Details des Berichts werden in jeder Phase des Prozesses gesch\u00fctzt.<\/li>\n\n\n\n<li><strong>Transparenz im Management:<\/strong> Jede Meldung wird durch eine Empfangsbest\u00e4tigung, eine gr\u00fcndliche Untersuchung und eine abschlie\u00dfende Stellungnahme erg\u00e4nzt.<\/li>\n\n\n\n<li><strong>Zeitnahe Antworten:<\/strong> Wir verpflichten uns, Ihnen innerhalb von 3 Monaten nach Eingang Ihrer Meldung eine Antwort zum Ergebnis zukommen zu lassen.<\/li>\n<\/ul>\n\n<p>Wir sind der \u00dcberzeugung, dass die aktive und verantwortungsvolle Beteiligung aller unerl\u00e4sslich ist, um ein gesundes, sicheres und ethisches Arbeitsumfeld zu erhalten.<\/p>\n\n<div class=\"wp-block-buttons is-nowrap is-layout-flex wp-container-core-buttons-is-layout-ad2f72ca wp-block-buttons-is-layout-flex\">\n<div class=\"wp-block-button\"><a class=\"wp-block-button__link has-background wp-element-button\" href=\"https:\/\/areariservata.mygovernance.it\/#!\/WB\/M.I.V.V.\" style=\"border-top-left-radius:0px;border-top-right-radius:0px;border-bottom-left-radius:0px;border-bottom-right-radius:0px;background-color:#d10008\" target=\"_blank\" rel=\"noreferrer noopener nofollow\">Greifen Sie auf das Mivv SPA-Berichtsportal zu<\/a><\/div>\n\n\n\n<div class=\"wp-block-button\"><a class=\"wp-block-button__link has-background wp-element-button\" href=\"\/wp-content\/uploads\/2026\/01\/whistleblowing-Informativa-sito-mivv_compressed.pdf\" style=\"border-top-left-radius:0px;border-top-right-radius:0px;border-bottom-left-radius:0px;border-bottom-right-radius:0px;background-color:#d10008\" target=\"_blank\" rel=\"noreferrer noopener nofollow\">Laden Sie die vollst\u00e4ndigen Informationen herunter (PDF)<\/a><\/div>\n<\/div>\n\n<p><\/p>\n","protected":false},"excerpt":{"rendered":"<p>Whistleblowing-Meldekanal Bei Mivv S.p.A. sind korrektes unternehmerisches Handeln und die Achtung ethischer Grunds\u00e4tze grundlegende Werte. In \u00dcbereinstimmung mit diesem Bekenntnis und gem\u00e4\u00df Gesetzesdekret 24\/2023 (Umsetzung der europ\u00e4ischen Richtlinie 2019\/1937) haben wir ein internes System zur Bearbeitung von Meldungen \u00fcber Fehlverhalten eingef\u00fchrt, das sogenannte Whistleblowing-System. Was ist Whistleblowing? Das Hinweisgebersystem erm\u00f6glicht es jedem Mitarbeiter von Mivv [&hellip;]<\/p>\n","protected":false},"author":2,"featured_media":0,"parent":0,"menu_order":0,"comment_status":"closed","ping_status":"closed","template":"","meta":{"_acf_changed":false,"footnotes":""},"class_list":["post-105886","page","type-page","status-publish","hentry"],"acf":[],"_links":{"self":[{"href":"https:\/\/dev.mivv.com\/de\/wp-json\/wp\/v2\/pages\/105886","targetHints":{"allow":["GET"]}}],"collection":[{"href":"https:\/\/dev.mivv.com\/de\/wp-json\/wp\/v2\/pages"}],"about":[{"href":"https:\/\/dev.mivv.com\/de\/wp-json\/wp\/v2\/types\/page"}],"author":[{"embeddable":true,"href":"https:\/\/dev.mivv.com\/de\/wp-json\/wp\/v2\/users\/2"}],"replies":[{"embeddable":true,"href":"https:\/\/dev.mivv.com\/de\/wp-json\/wp\/v2\/comments?post=105886"}],"version-history":[{"count":3,"href":"https:\/\/dev.mivv.com\/de\/wp-json\/wp\/v2\/pages\/105886\/revisions"}],"predecessor-version":[{"id":105889,"href":"https:\/\/dev.mivv.com\/de\/wp-json\/wp\/v2\/pages\/105886\/revisions\/105889"}],"wp:attachment":[{"href":"https:\/\/dev.mivv.com\/de\/wp-json\/wp\/v2\/media?parent=105886"}],"curies":[{"name":"wp","href":"https:\/\/api.w.org\/{rel}","templated":true}]}}