{"id":1103,"date":"2026-02-03T17:29:12","date_gmt":"2026-02-03T16:29:12","guid":{"rendered":"http:\/\/mivv2026.local\/mivv-kundenservice\/mivv-vorverkaufsservice\/"},"modified":"2026-02-16T17:51:19","modified_gmt":"2026-02-16T16:51:19","slug":"mivv-vorverkaufsservice","status":"publish","type":"page","link":"https:\/\/dev.mivv.com\/de\/mivv-kundenservice\/mivv-vorverkaufsservice\/","title":{"rendered":"MIVV Vorverkaufsservice"},"content":{"rendered":"\n<h2 class=\"wp-block-heading\">Brauchst du Hilfe bei der Auswahl des perfekten Auspuffs?<\/h2>\n\n<p>F\u00fclle das untenstehende Formular aus, um individuelle Unterst\u00fctzung von unserem technischen Team zu erhalten.<br\/>Egal, ob du Informationen zur Kompatibilit\u00e4t, Details zu den Leistungsdaten oder Klarstellungen zu den Homologationsvorschriften suchst \u2013 wir sind hier, um dir einen sicheren und bewussten Kauf zu gew\u00e4hrleisten.<\/p>\n\n<div style=\"height:50px\" aria-hidden=\"true\" class=\"wp-block-spacer\"><\/div>\n\n<div class=\"wp-block-contact-form-7-contact-form-selector\">\n<div class=\"wpcf7 no-js\" id=\"wpcf7-f86155-o1\" lang=\"de-DE\" dir=\"ltr\" data-wpcf7-id=\"86155\">\n<div class=\"screen-reader-response\"><p role=\"status\" aria-live=\"polite\" aria-atomic=\"true\"><\/p> <ul><\/ul><\/div>\n<form action=\"\/de\/wp-json\/wp\/v2\/pages\/1103#wpcf7-f86155-o1\" method=\"post\" class=\"wpcf7-form init\" aria-label=\"Kontaktformular\" novalidate=\"novalidate\" data-status=\"init\">\n<fieldset class=\"hidden-fields-container\"><input type=\"hidden\" name=\"_wpcf7\" value=\"86155\" \/><input type=\"hidden\" name=\"_wpcf7_version\" value=\"6.1.5\" \/><input type=\"hidden\" name=\"_wpcf7_locale\" value=\"de_DE\" \/><input type=\"hidden\" name=\"_wpcf7_unit_tag\" value=\"wpcf7-f86155-o1\" \/><input type=\"hidden\" name=\"_wpcf7_container_post\" value=\"0\" \/><input type=\"hidden\" name=\"_wpcf7_posted_data_hash\" value=\"\" \/>\n<\/fieldset>\n<div class=\"mivv-form-pre-vendita\">\n\t<fieldset>\n\t\t<legend>Ihre Kontaktdaten\n\t\t<\/legend>\n\t\t<div class=\"mivv-grid-half\">\n\t\t\t<p><label for=\"pre-nome\"> Vorname <\/label><br \/>\n<span class=\"wpcf7-form-control-wrap\" data-name=\"pre-first-name\"><input size=\"40\" maxlength=\"400\" class=\"wpcf7-form-control wpcf7-text wpcf7-validates-as-required\" id=\"pre-nome\" aria-required=\"true\" aria-invalid=\"false\" placeholder=\"Z. B.: Mario\" value=\"\" type=\"text\" name=\"pre-first-name\" \/><\/span>\n\t\t\t<\/p>\n\t\t<\/div>\n\t\t<div class=\"mivv-grid-half\">\n\t\t\t<p><label for=\"pre-cognome\"> Nachname <\/label><br \/>\n<span class=\"wpcf7-form-control-wrap\" data-name=\"pre-last-name\"><input size=\"40\" maxlength=\"400\" class=\"wpcf7-form-control wpcf7-text wpcf7-validates-as-required\" id=\"pre-cognome\" aria-required=\"true\" aria-invalid=\"false\" placeholder=\"Z. B.: Rossi\" value=\"\" type=\"text\" name=\"pre-last-name\" \/><\/span>\n\t\t\t<\/p>\n\t\t<\/div>\n\t\t<div class=\"mivv-grid-half\">\n\t\t\t<p><label for=\"pre-email\"> E-Mail <\/label><br \/>\n<span class=\"wpcf7-form-control-wrap\" data-name=\"pre-email\"><input size=\"40\" maxlength=\"400\" class=\"wpcf7-form-control wpcf7-email wpcf7-validates-as-required wpcf7-text wpcf7-validates-as-email\" id=\"pre-email\" aria-required=\"true\" aria-invalid=\"false\" placeholder=\"email@beispiel.de\" value=\"\" type=\"email\" name=\"pre-email\" \/><\/span>\n\t\t\t<\/p>\n\t\t<\/div>\n\t\t<div class=\"mivv-grid-half\">\n\t\t\t<p><label for=\"pre-tel\"> Telefon (optional) <\/label><br \/>\n<span class=\"wpcf7-form-control-wrap\" data-name=\"pre-tel\"><input size=\"40\" maxlength=\"400\" class=\"wpcf7-form-control wpcf7-tel wpcf7-text wpcf7-validates-as-tel\" id=\"pre-tel\" aria-invalid=\"false\" placeholder=\"+39\" value=\"\" type=\"tel\" name=\"pre-tel\" \/><\/span>\n\t\t\t<\/p>\n\t\t<\/div>\n\t<\/fieldset>\n\t<fieldset>\n\t\t<legend>Daten zum Motorrad und zur Anfrage\n\t\t<\/legend>\n\t\t<div class=\"mivv-grid-half\">\n\t\t\t<p><label for=\"pre-moto\"> Marke und Modell des Motorrads <\/label><br \/>\n<span class=\"wpcf7-form-control-wrap\" data-name=\"pre-moto\"><input size=\"40\" maxlength=\"400\" class=\"wpcf7-form-control wpcf7-text wpcf7-validates-as-required\" id=\"pre-moto\" aria-required=\"true\" aria-invalid=\"false\" placeholder=\"Z. B.: Honda Hornet 600\" value=\"\" type=\"text\" name=\"pre-moto\" \/><\/span>\n\t\t\t<\/p>\n\t\t<\/div>\n\t\t<div class=\"mivv-grid-half\">\n\t\t\t<p><label for=\"pre-anno\"> Baujahr <\/label><br \/>\n<span class=\"wpcf7-form-control-wrap\" data-name=\"pre-anno\"><input size=\"40\" maxlength=\"400\" class=\"wpcf7-form-control wpcf7-text wpcf7-validates-as-required\" id=\"pre-anno\" aria-required=\"true\" aria-invalid=\"false\" placeholder=\"Z. B.: 2024\" value=\"\" type=\"text\" name=\"pre-anno\" \/><\/span>\n\t\t\t<\/p>\n\t\t<\/div>\n\t\t<div class=\"mivv-grid-full\">\n\t\t\t<p><label for=\"pre-info\"> Was ben\u00f6tigen Sie? <\/label><br \/>\n<span class=\"wpcf7-form-control-wrap\" data-name=\"pre-info\"><select class=\"wpcf7-form-control wpcf7-select wpcf7-validates-as-required\" id=\"pre-info\" aria-required=\"true\" aria-invalid=\"false\" name=\"pre-info\"><option value=\"\">&#8211; Bitte ausw\u00e4hlen &#8211;<\/option><option value=\"Informationen zur Kompatibilit\u00e4t\">Informationen zur Kompatibilit\u00e4t<\/option><option value=\"Beratung zu Optik\/Sound\">Beratung zu Optik\/Sound<\/option><option value=\"Technische Daten und Leistung\">Technische Daten und Leistung<\/option><option value=\"Wo kaufen\">Wo kaufen<\/option><option value=\"Sonstiges\">Sonstiges<\/option><\/select><\/span>\n\t\t\t<\/p>\n\t\t<\/div>\n\t\t<div class=\"mivv-grid-full\">\n\t\t\t<p><label for=\"pre-messaggio\"> Ihre Nachricht <\/label><br \/>\n<span class=\"wpcf7-form-control-wrap\" data-name=\"pre-message\"><textarea cols=\"40\" rows=\"5\" maxlength=\"2000\" class=\"wpcf7-form-control wpcf7-textarea wpcf7-validates-as-required\" id=\"pre-messaggio\" aria-required=\"true\" aria-invalid=\"false\" placeholder=\"Schreiben Sie hier Ihre Frage...\" name=\"pre-message\"><\/textarea><\/span>\n\t\t\t<\/p>\n\t\t<\/div>\n\t<\/fieldset>\n\t<div class=\"mivv-form-footer\">\n\t\t<p><span class=\"wpcf7-form-control-wrap\" data-name=\"privacy\"><span class=\"wpcf7-form-control wpcf7-acceptance\"><span class=\"wpcf7-list-item\"><label><input type=\"checkbox\" name=\"privacy\" value=\"1\" aria-invalid=\"false\" \/><span class=\"wpcf7-list-item-label\">Ich akzeptiere die Datenschutzrichtlinie<\/span><\/label><\/span><\/span><\/span><br \/>\n<input class=\"wpcf7-form-control wpcf7-submit has-spinner btn btn-dark\" type=\"submit\" value=\"Informationen anfordern\" \/>\n\t\t<\/p>\n\t<\/div>\n<\/div><div class=\"wpcf7-response-output\" aria-hidden=\"true\"><\/div>\n<\/form>\n<\/div>\n<\/div>\n","protected":false},"excerpt":{"rendered":"<p>Brauchst du Hilfe bei der Auswahl des perfekten Auspuffs? F\u00fclle das untenstehende Formular aus, um individuelle Unterst\u00fctzung von unserem technischen Team zu erhalten.Egal, ob du Informationen zur Kompatibilit\u00e4t, Details zu den Leistungsdaten oder Klarstellungen zu den Homologationsvorschriften suchst \u2013 wir sind hier, um dir einen sicheren und bewussten Kauf zu gew\u00e4hrleisten.<\/p>\n","protected":false},"author":2,"featured_media":0,"parent":1050,"menu_order":0,"comment_status":"closed","ping_status":"closed","template":"","meta":{"_acf_changed":false,"footnotes":""},"class_list":["post-1103","page","type-page","status-publish","hentry"],"acf":[],"_links":{"self":[{"href":"https:\/\/dev.mivv.com\/de\/wp-json\/wp\/v2\/pages\/1103","targetHints":{"allow":["GET"]}}],"collection":[{"href":"https:\/\/dev.mivv.com\/de\/wp-json\/wp\/v2\/pages"}],"about":[{"href":"https:\/\/dev.mivv.com\/de\/wp-json\/wp\/v2\/types\/page"}],"author":[{"embeddable":true,"href":"https:\/\/dev.mivv.com\/de\/wp-json\/wp\/v2\/users\/2"}],"replies":[{"embeddable":true,"href":"https:\/\/dev.mivv.com\/de\/wp-json\/wp\/v2\/comments?post=1103"}],"version-history":[{"count":1,"href":"https:\/\/dev.mivv.com\/de\/wp-json\/wp\/v2\/pages\/1103\/revisions"}],"predecessor-version":[{"id":1104,"href":"https:\/\/dev.mivv.com\/de\/wp-json\/wp\/v2\/pages\/1103\/revisions\/1104"}],"up":[{"embeddable":true,"href":"https:\/\/dev.mivv.com\/de\/wp-json\/wp\/v2\/pages\/1050"}],"wp:attachment":[{"href":"https:\/\/dev.mivv.com\/de\/wp-json\/wp\/v2\/media?parent=1103"}],"curies":[{"name":"wp","href":"https:\/\/api.w.org\/{rel}","templated":true}]}}