{"id":1243,"date":"2026-01-07T19:37:24","date_gmt":"2026-01-07T18:37:24","guid":{"rendered":"http:\/\/mivv2026.local\/geschichte\/"},"modified":"2026-03-05T16:50:06","modified_gmt":"2026-03-05T15:50:06","slug":"geschichte","status":"publish","type":"page","link":"https:\/\/dev.mivv.com\/de\/geschichte\/","title":{"rendered":"Geschichte"},"content":{"rendered":"\n<h2 class=\"wp-block-heading has-text-align-center\" style=\"font-size:60px;font-style:normal;font-weight:700\">MIVV, Auspuffanlagen aus Leidenschaft<\/h2>\n\n<div style=\"height:25px\" aria-hidden=\"true\" class=\"wp-block-spacer\"><\/div>\n\n<p class=\"has-text-align-center\">Am Ursprung von allem steht eine gro\u00dfe Leidenschaft: Motoren.<br\/>Das Jahr ist 1970; der Ort die Industriezone der Provinz Teramo in den Abruzzen.<br\/>Dort wird die Metal Industria Val Vibrata gegr\u00fcndet, die von Anfang an als MIVV bekannt ist.<\/p>\n\n<div style=\"height:50px\" aria-hidden=\"true\" class=\"wp-block-spacer\"><\/div>\n<div class=\"wp-block-image\">\n<figure class=\"aligncenter size-large\"><img loading=\"lazy\" decoding=\"async\" width=\"1024\" height=\"303\" src=\"http:\/\/mivv2026.local\/wp-content\/uploads\/2026\/01\/stabilimenti-1-1024x303.jpg\" alt=\"MIVV Werke\" class=\"wp-image-163\" srcset=\"https:\/\/dev.mivv.com\/wp-content\/uploads\/2026\/01\/stabilimenti-1-1024x303.jpg 1024w, https:\/\/dev.mivv.com\/wp-content\/uploads\/2026\/01\/stabilimenti-1-600x178.jpg 600w, https:\/\/dev.mivv.com\/wp-content\/uploads\/2026\/01\/stabilimenti-1-300x89.jpg 300w, https:\/\/dev.mivv.com\/wp-content\/uploads\/2026\/01\/stabilimenti-1-768x227.jpg 768w, https:\/\/dev.mivv.com\/wp-content\/uploads\/2026\/01\/stabilimenti-1.jpg 1200w\" sizes=\"auto, (max-width: 1024px) 100vw, 1024px\" \/><\/figure>\n<\/div>\n<div style=\"height:50px\" aria-hidden=\"true\" class=\"wp-block-spacer\"><\/div>\n\n<p class=\"has-text-align-center\">Zweir\u00e4der sind noch weit entfernt: Wir beginnen damit, ausschlie\u00dflich Auspuffanlagen f\u00fcr Autos herzustellen, und tun dies \u00fcber zwanzig Jahre mit ansehnlichem Erfolg, sodass 1982 und 1988 das zweite und dritte Werk errichtet werden.<\/p>\n\n<p class=\"has-text-align-center\">Auf diesen 25.000 Quadratmetern hallt jedoch ein anderer Sound: der der Motorr\u00e4der. Es sind die 1990er Jahre, und unser Unternehmen beginnt, neben der Produktion f\u00fcr Autos auch Auspuffanlagen f\u00fcr Motorr\u00e4der herzustellen.<\/p>\n\n<div style=\"height:50px\" aria-hidden=\"true\" class=\"wp-block-spacer\"><\/div>\n\n<div class=\"wp-block-group\"><div class=\"wp-block-group__inner-container is-layout-constrained wp-block-group-is-layout-constrained\">\n<h2 class=\"wp-block-heading has-text-align-center\" style=\"font-size:60px;font-style:normal;font-weight:700\">Seit 1970 an der Spitze der Technik<\/h2>\n\n\n\n<div style=\"height:25px\" aria-hidden=\"true\" class=\"wp-block-spacer\"><\/div>\n\n\n\n<p class=\"has-text-align-center\">Das Markenzeichen dieser Geschichte ist die unternehmerische Kompetenz: ein sehr hohes Niveau, das es erm\u00f6glicht, hochmoderne Auspuffanlagen f\u00fcr Motorr\u00e4der zu entwerfen und herzustellen, die darauf ausgelegt sind, die Anforderungen der Motorradhersteller und der Fahrer selbst zu erf\u00fcllen.<\/p>\n\n\n\n<p class=\"has-text-align-center\">Unser Ziel war und ist immer dasselbe: zuverl\u00e4ssige Auspuffendst\u00fccke bereitzustellen, die maximale Leistung und unvergleichliche Emotionen garantieren. Ein Ziel, das uns zu gro\u00dfen Erfolgen gef\u00fchrt hat, auch in der Racing-Welt, wo wir mit offiziellen Teams in italienischen, europ\u00e4ischen und Weltmeisterschaften zusammengearbeitet haben.<\/p>\n\n\n\n<div style=\"height:50px\" aria-hidden=\"true\" class=\"wp-block-spacer\"><\/div>\n\n\n<div class=\"wp-block-image\">\n<figure class=\"aligncenter size-large\"><img loading=\"lazy\" decoding=\"async\" width=\"1024\" height=\"330\" src=\"http:\/\/mivv2026.local\/wp-content\/uploads\/2026\/01\/tecnologia-1024x330.jpg\" alt=\"\" class=\"wp-image-166\" srcset=\"https:\/\/dev.mivv.com\/wp-content\/uploads\/2026\/01\/tecnologia-1024x330.jpg 1024w, https:\/\/dev.mivv.com\/wp-content\/uploads\/2026\/01\/tecnologia-600x194.jpg 600w, https:\/\/dev.mivv.com\/wp-content\/uploads\/2026\/01\/tecnologia-300x97.jpg 300w, https:\/\/dev.mivv.com\/wp-content\/uploads\/2026\/01\/tecnologia-768x248.jpg 768w, https:\/\/dev.mivv.com\/wp-content\/uploads\/2026\/01\/tecnologia.jpg 1200w\" sizes=\"auto, (max-width: 1024px) 100vw, 1024px\" \/><\/figure>\n<\/div><\/div><\/div>\n\n<div style=\"height:100px\" aria-hidden=\"true\" class=\"wp-block-spacer\"><\/div>\n","protected":false},"excerpt":{"rendered":"<p>MIVV, Auspuffanlagen aus Leidenschaft Am Ursprung von allem steht eine gro\u00dfe Leidenschaft: Motoren.Das Jahr ist 1970; der Ort die Industriezone der Provinz Teramo in den Abruzzen.Dort wird die Metal Industria Val Vibrata gegr\u00fcndet, die von Anfang an als MIVV bekannt ist. Zweir\u00e4der sind noch weit entfernt: Wir beginnen damit, ausschlie\u00dflich Auspuffanlagen f\u00fcr Autos herzustellen, und [&hellip;]<\/p>\n","protected":false},"author":1,"featured_media":3413,"parent":0,"menu_order":0,"comment_status":"closed","ping_status":"closed","template":"","meta":{"_acf_changed":false,"footnotes":""},"class_list":["post-1243","page","type-page","status-publish","has-post-thumbnail","hentry"],"acf":[],"_links":{"self":[{"href":"https:\/\/dev.mivv.com\/de\/wp-json\/wp\/v2\/pages\/1243","targetHints":{"allow":["GET"]}}],"collection":[{"href":"https:\/\/dev.mivv.com\/de\/wp-json\/wp\/v2\/pages"}],"about":[{"href":"https:\/\/dev.mivv.com\/de\/wp-json\/wp\/v2\/types\/page"}],"author":[{"embeddable":true,"href":"https:\/\/dev.mivv.com\/de\/wp-json\/wp\/v2\/users\/1"}],"replies":[{"embeddable":true,"href":"https:\/\/dev.mivv.com\/de\/wp-json\/wp\/v2\/comments?post=1243"}],"version-history":[{"count":1,"href":"https:\/\/dev.mivv.com\/de\/wp-json\/wp\/v2\/pages\/1243\/revisions"}],"predecessor-version":[{"id":1244,"href":"https:\/\/dev.mivv.com\/de\/wp-json\/wp\/v2\/pages\/1243\/revisions\/1244"}],"wp:featuredmedia":[{"embeddable":true,"href":"https:\/\/dev.mivv.com\/de\/wp-json\/wp\/v2\/media\/3413"}],"wp:attachment":[{"href":"https:\/\/dev.mivv.com\/de\/wp-json\/wp\/v2\/media?parent=1243"}],"curies":[{"name":"wp","href":"https:\/\/api.w.org\/{rel}","templated":true}]}}