{"id":1534,"date":"2026-01-16T10:10:02","date_gmt":"2026-01-16T09:10:02","guid":{"rendered":"http:\/\/mivv2026.local\/verhaltenskodex\/"},"modified":"2026-02-27T18:04:35","modified_gmt":"2026-02-27T17:04:35","slug":"verhaltenskodex","status":"publish","type":"page","link":"https:\/\/dev.mivv.com\/de\/verhaltenskodex\/","title":{"rendered":"Verhaltenskodex"},"content":{"rendered":"\n<h2 class=\"wp-block-heading\">Ethik und soziale Verantwortung: Unser Engagement<\/h2>\n\n<p>Bei MIVV SpA sind wir \u00fcberzeugt, dass unternehmerischer Erfolg untrennbar mit einer strikten ethischen Haltung und einem tiefen Verantwortungsbewusstsein gegen\u00fcber der Gemeinschaft und der Umwelt verbunden ist. Aus diesem Grund haben wir einen Verhaltenskodex und eine Richtlinie f\u00fcr soziale Verantwortung eingef\u00fchrt, die jede unserer t\u00e4glichen Handlungen leiten.<\/p>\n\n<p>Unser Handeln basiert auf den Grunds\u00e4tzen der Norm UNI EN ISO 26000:2020, durch die wir uns kontinuierlich verpflichten, Folgendes sicherzustellen:<\/p>\n\n<ul class=\"wp-block-list has-black-color has-text-color has-link-color wp-elements-30d2e1996460868a4b6965ba6d1ef3c0\">\n<li>Transparenz und Rechenschaft: Wir legen Rechenschaft \u00fcber die Auswirkungen unserer Entscheidungen auf Stakeholder, Gesellschaft und Wirtschaft ab.<\/li>\n\n\n\n<li>Achtung: Ich kann das Web nicht in Echtzeit durchsuchen.<br\/>Hier ist die \u00dcbersetzung ins Deutsche:<br\/>Respekt der Menschenrechte: Wir f\u00f6rdern W\u00fcrde, Gleichheit und Freiheit und lehnen jede Form von Diskriminierung oder Ausbeutung ab.<\/li>\n\n\n\n<li>Arbeitsschutz: Wir gew\u00e4hrleisten unseren Mitarbeitenden faire Arbeitsbedingungen, Gesundheit, Sicherheit und M\u00f6glichkeiten zur beruflichen Weiterentwicklung.<\/li>\n\n\n\n<li>Umweltvertr\u00e4glichkeit: Wir handeln aktiv, um Verschmutzung zu verhindern, Abfall zu reduzieren und Ressourcen effizient sowie erneuerbar zu nutzen.<\/li>\n\n\n\n<li>Integrit\u00e4t im Gesch\u00e4ft: Wir handeln fair auf dem Markt, bek\u00e4mpfen Korruption und halten die Wettbewerbsregeln ein.<\/li>\n<\/ul>\n\n<p>Dieses Zusammenfassungsdokument stellt den Wertekompass f\u00fcr alle Mitglieder unserer Organisation und f\u00fcr die Partner dar, die mit uns zusammenarbeiten.<sup><\/sup><sup><\/sup><sup><\/sup><sup><\/sup>. Es ist der Beweis unseres Engagements, einen langfristig nachhaltigen Wert f\u00fcr das Unternehmen und die Region zu schaffen.<sup><\/sup><sup><\/sup><sup><\/sup><sup><\/sup><sup><\/sup><sup><\/sup><sup><\/sup><sup><\/sup><sup><\/sup>.<\/p>\n\n<div class=\"wp-block-buttons is-content-justification-center is-layout-flex wp-container-core-buttons-is-layout-16018d1d wp-block-buttons-is-layout-flex\">\n<div class=\"wp-block-button\"><a class=\"wp-block-button__link has-background wp-element-button\" href=\"\/wp-content\/uploads\/2026\/01\/sintesi_codice_etico_e_politica_it_mivv_compressed.pdf\" style=\"border-top-left-radius:0px;border-top-right-radius:0px;border-bottom-left-radius:0px;border-bottom-right-radius:0px;background-color:#d10008\" target=\"_blank\" rel=\"noreferrer noopener nofollow\">Scarica la Sintesi del Codice Etico e della Politica Aziendale (PDF)<\/a><\/div>\n<\/div>\n","protected":false},"excerpt":{"rendered":"<p>Ethik und soziale Verantwortung: Unser Engagement Bei MIVV SpA sind wir \u00fcberzeugt, dass unternehmerischer Erfolg untrennbar mit einer strikten ethischen Haltung und einem tiefen Verantwortungsbewusstsein gegen\u00fcber der Gemeinschaft und der Umwelt verbunden ist. Aus diesem Grund haben wir einen Verhaltenskodex und eine Richtlinie f\u00fcr soziale Verantwortung eingef\u00fchrt, die jede unserer t\u00e4glichen Handlungen leiten. Unser Handeln [&hellip;]<\/p>\n","protected":false},"author":2,"featured_media":0,"parent":0,"menu_order":0,"comment_status":"closed","ping_status":"closed","template":"","meta":{"_acf_changed":false,"footnotes":""},"class_list":["post-1534","page","type-page","status-publish","hentry"],"acf":[],"_links":{"self":[{"href":"https:\/\/dev.mivv.com\/de\/wp-json\/wp\/v2\/pages\/1534","targetHints":{"allow":["GET"]}}],"collection":[{"href":"https:\/\/dev.mivv.com\/de\/wp-json\/wp\/v2\/pages"}],"about":[{"href":"https:\/\/dev.mivv.com\/de\/wp-json\/wp\/v2\/types\/page"}],"author":[{"embeddable":true,"href":"https:\/\/dev.mivv.com\/de\/wp-json\/wp\/v2\/users\/2"}],"replies":[{"embeddable":true,"href":"https:\/\/dev.mivv.com\/de\/wp-json\/wp\/v2\/comments?post=1534"}],"version-history":[{"count":2,"href":"https:\/\/dev.mivv.com\/de\/wp-json\/wp\/v2\/pages\/1534\/revisions"}],"predecessor-version":[{"id":1537,"href":"https:\/\/dev.mivv.com\/de\/wp-json\/wp\/v2\/pages\/1534\/revisions\/1537"}],"wp:attachment":[{"href":"https:\/\/dev.mivv.com\/de\/wp-json\/wp\/v2\/media?parent=1534"}],"curies":[{"name":"wp","href":"https:\/\/api.w.org\/{rel}","templated":true}]}}