{"id":201,"date":"2026-01-07T19:18:53","date_gmt":"2026-01-07T18:18:53","guid":{"rendered":"https:\/\/mivv2026.local\/ueber-uns\/"},"modified":"2026-04-23T15:37:24","modified_gmt":"2026-04-23T13:37:24","slug":"ueber-uns","status":"publish","type":"page","link":"https:\/\/dev.mivv.com\/de\/ueber-uns\/","title":{"rendered":"\u00dcber uns"},"content":{"rendered":"\n<div class=\"wp-block-columns is-layout-flex wp-container-core-columns-is-layout-9d6595d7 wp-block-columns-is-layout-flex\">\n<div class=\"wp-block-column is-vertically-aligned-center is-layout-flow wp-block-column-is-layout-flow\">\n<h2 class=\"wp-block-heading\" style=\"font-size:60px;font-style:normal;font-weight:700\">Reiner italienischer Stil<\/h2>\n\n\n\n<p><strong>Der Premium-Auspuff f\u00fcr exklusive Motorr\u00e4der<\/strong><\/p>\n\n\n\n<div style=\"height:25px\" aria-hidden=\"true\" class=\"wp-block-spacer\"><\/div>\n\n\n\n<p>Mivv ist ein f\u00fchrendes Unternehmen in der Entwicklung von Premium-Auspuffsystemen f\u00fcr Motorr\u00e4der, die eine perfekte Verbindung aus Leistung und mitrei\u00dfenden Emotionen bieten.<\/p>\n\n\n\n<p>Seit der Gr\u00fcndung im Jahr 1970 haben wir Phasen au\u00dfergew\u00f6hnlichen Wachstums durchlaufen und z\u00e4hlen heute 160 Mitarbeiter, die auf 3 Produktionsst\u00e4tten verteilt sind und eine Gesamtfl\u00e4che von 25.000 m\u00b2 abdecken. Unsere Produkte sind in \u00fcber 40 L\u00e4ndern weltweit erh\u00e4ltlich und belegen unsere globale Pr\u00e4senz.<\/p>\n\n\n\n<p>Unsere Aftermarket-Auspuffsysteme sind das Ergebnis einer kontinuierlichen Forschung nach den innovativsten Materialien und den attraktivsten Designl\u00f6sungen. Jedes Detail wird mit gr\u00f6\u00dfter Sorgfalt entwickelt, um nicht nur eine Leistungssteigerung zu gew\u00e4hrleisten, sondern auch einen unverwechselbaren Sound, der Motorradliebhabern ein einzigartiges Gef\u00fchl vermittelt.<\/p>\n<\/div>\n\n\n\n<div class=\"wp-block-column is-vertically-aligned-top is-layout-flow wp-block-column-is-layout-flow\"><div class=\"wp-block-image\">\n<figure class=\"alignright size-full\"><img loading=\"lazy\" decoding=\"async\" width=\"1800\" height=\"1600\" src=\"http:\/\/mivv2026.local\/wp-content\/uploads\/2026\/03\/mivv-design-prodotti-1.jpg\" alt=\"\" class=\"wp-image-3461\" style=\"object-fit:cover\" srcset=\"https:\/\/dev.mivv.com\/wp-content\/uploads\/2026\/03\/mivv-design-prodotti-1.jpg 1800w, https:\/\/dev.mivv.com\/wp-content\/uploads\/2026\/03\/mivv-design-prodotti-1-300x267.jpg 300w, https:\/\/dev.mivv.com\/wp-content\/uploads\/2026\/03\/mivv-design-prodotti-1-1024x910.jpg 1024w, https:\/\/dev.mivv.com\/wp-content\/uploads\/2026\/03\/mivv-design-prodotti-1-768x683.jpg 768w, https:\/\/dev.mivv.com\/wp-content\/uploads\/2026\/03\/mivv-design-prodotti-1-1536x1365.jpg 1536w, https:\/\/dev.mivv.com\/wp-content\/uploads\/2026\/03\/mivv-design-prodotti-1-600x533.jpg 600w\" sizes=\"auto, (max-width: 1800px) 100vw, 1800px\" \/><\/figure>\n<\/div><\/div>\n<\/div>\n\n<div class=\"wp-block-columns inverti-mobile is-layout-flex wp-container-core-columns-is-layout-9d6595d7 wp-block-columns-is-layout-flex\">\n<div class=\"wp-block-column is-layout-flow wp-block-column-is-layout-flow\" style=\"flex-basis:50%\"><div class=\"wp-block-image\">\n<figure class=\"alignleft size-full\"><img loading=\"lazy\" decoding=\"async\" width=\"1280\" height=\"1138\" src=\"http:\/\/mivv2026.local\/wp-content\/uploads\/2026\/03\/mivv-chi-siamo-2.jpg\" alt=\"\" class=\"wp-image-3477\" style=\"object-fit:cover\" srcset=\"https:\/\/dev.mivv.com\/wp-content\/uploads\/2026\/03\/mivv-chi-siamo-2.jpg 1280w, https:\/\/dev.mivv.com\/wp-content\/uploads\/2026\/03\/mivv-chi-siamo-2-300x267.jpg 300w, https:\/\/dev.mivv.com\/wp-content\/uploads\/2026\/03\/mivv-chi-siamo-2-1024x910.jpg 1024w, https:\/\/dev.mivv.com\/wp-content\/uploads\/2026\/03\/mivv-chi-siamo-2-768x683.jpg 768w, https:\/\/dev.mivv.com\/wp-content\/uploads\/2026\/03\/mivv-chi-siamo-2-600x533.jpg 600w\" sizes=\"auto, (max-width: 1280px) 100vw, 1280px\" \/><\/figure>\n<\/div><\/div>\n\n\n\n<div class=\"wp-block-column is-vertically-aligned-center is-layout-flow wp-block-column-is-layout-flow\" style=\"flex-basis:50%\">\n<h2 class=\"wp-block-heading\" style=\"font-size:60px;font-style:normal;font-weight:700\">Racing-Leidenschaft<\/h2>\n\n\n\n<p><strong>Italienische Technologie und Handwerkskunst<\/strong><\/p>\n\n\n\n<div style=\"height:25px\" aria-hidden=\"true\" class=\"wp-block-spacer\"><\/div>\n\n\n\n<p>Wir engagieren uns kontinuierlich f\u00fcr technologisches Wachstum, angetrieben von grenzenloser Leidenschaft und Entschlossenheit. Gerade diese Hingabe hat es uns erm\u00f6glicht, bedeutende Meilensteine in allen wichtigen Weltm\u00e4rkten zu erreichen.<\/p>\n\n\n\n<p>Unsere Erfahrung im Motorsportbereich hat eine entscheidende Rolle f\u00fcr unseren Erfolg gespielt. Wir arbeiten mit hochkar\u00e4tigen Teams zusammen, die in italienischen, europ\u00e4ischen und weltweiten Meisterschaften aktiv sind und uns einzigartiges Know-how und Fachkompetenz f\u00fcr die Entwicklung hochwertiger Premiumprodukte vermittelt haben.<\/p>\n\n\n\n<p>Wer sich f\u00fcr Mivv entscheidet, erh\u00e4lt nicht nur ein Premium-Auspuffsystem, sondern auch eine Ikone italienischen Stils, die Design und unvergleichliche Leistung vereint. Unsere L\u00f6sungen sind Ausdruck italienischer Leidenschaft und Handwerkskunst und verleihen jedem Motorrad eine unverwechselbare Note.<\/p>\n\n\n\n<div style=\"height:25px\" aria-hidden=\"true\" class=\"wp-block-spacer\"><\/div>\n\n\n\n<div class=\"wp-block-buttons is-layout-flex wp-block-buttons-is-layout-flex\">\n<div class=\"wp-block-button is-style-outline is-style-outline--1\"><a class=\"wp-block-button__link has-black-color has-text-color has-link-color has-text-align-center wp-element-button\" href=\"https:\/\/dev.mivv.com\/de\/auspuffanlagen\/\" style=\"border-top-left-radius:0px;border-top-right-radius:0px;border-bottom-left-radius:0px;border-bottom-right-radius:0px;font-style:normal;font-weight:600;text-transform:uppercase\">Entdecke die Mivv Auspuffanlagen<\/a><\/div>\n<\/div>\n<\/div>\n<\/div>\n\n<div style=\"height:100px\" aria-hidden=\"true\" class=\"wp-block-spacer\"><\/div>\n\n<p class=\"has-text-align-center\" style=\"font-size:50px;font-style:normal;font-weight:700;letter-spacing:0px\"><strong>Unsere Herausforderung?<\/strong><\/p>\n\n<p class=\"has-text-align-center\" style=\"letter-spacing:0px\"><strong>Premium-Auspuffanlagen anzubieten, die maximale Leistung und unvergessliche Emotionen garantieren.<\/strong><\/p>\n\n<div style=\"height:50px\" aria-hidden=\"true\" class=\"wp-block-spacer\"><\/div>\n\n<div class=\"wp-block-group is-content-justification-center is-layout-flex wp-container-core-group-is-layout-64b26803 wp-block-group-is-layout-flex\">\n<iframe loading=\"lazy\" width=\"1120\" height=\"630\" src=\"https:\/\/www.youtube.com\/embed\/UmKH0TesqWk?si=PDE7C8kgL7EDvLXn\" title=\"YouTube-Videoplayer\" frameborder=\"0\" allow=\"accelerometer; autoplay; clipboard-write; encrypted-media; gyroscope; picture-in-picture; web-share\" referrerpolicy=\"strict-origin-when-cross-origin\" allowfullscreen=\"\"><\/iframe>\r\n<\/div>\n","protected":false},"excerpt":{"rendered":"<p>Reiner italienischer Stil Der Premium-Auspuff f\u00fcr exklusive Motorr\u00e4der Mivv ist ein f\u00fchrendes Unternehmen in der Entwicklung von Premium-Auspuffsystemen f\u00fcr Motorr\u00e4der, die eine perfekte Verbindung aus Leistung und mitrei\u00dfenden Emotionen bieten. Seit der Gr\u00fcndung im Jahr 1970 haben wir Phasen au\u00dfergew\u00f6hnlichen Wachstums durchlaufen und z\u00e4hlen heute 160 Mitarbeiter, die auf 3 Produktionsst\u00e4tten verteilt sind und eine [&hellip;]<\/p>\n","protected":false},"author":1,"featured_media":0,"parent":0,"menu_order":0,"comment_status":"closed","ping_status":"closed","template":"","meta":{"_acf_changed":false,"footnotes":""},"class_list":["post-201","page","type-page","status-publish","hentry"],"acf":[],"_links":{"self":[{"href":"https:\/\/dev.mivv.com\/de\/wp-json\/wp\/v2\/pages\/201","targetHints":{"allow":["GET"]}}],"collection":[{"href":"https:\/\/dev.mivv.com\/de\/wp-json\/wp\/v2\/pages"}],"about":[{"href":"https:\/\/dev.mivv.com\/de\/wp-json\/wp\/v2\/types\/page"}],"author":[{"embeddable":true,"href":"https:\/\/dev.mivv.com\/de\/wp-json\/wp\/v2\/users\/1"}],"replies":[{"embeddable":true,"href":"https:\/\/dev.mivv.com\/de\/wp-json\/wp\/v2\/comments?post=201"}],"version-history":[{"count":12,"href":"https:\/\/dev.mivv.com\/de\/wp-json\/wp\/v2\/pages\/201\/revisions"}],"predecessor-version":[{"id":105904,"href":"https:\/\/dev.mivv.com\/de\/wp-json\/wp\/v2\/pages\/201\/revisions\/105904"}],"wp:attachment":[{"href":"https:\/\/dev.mivv.com\/de\/wp-json\/wp\/v2\/media?parent=201"}],"curies":[{"name":"wp","href":"https:\/\/api.w.org\/{rel}","templated":true}]}}