{"id":100673,"date":"2026-04-21T14:42:14","date_gmt":"2026-04-21T12:42:14","guid":{"rendered":"https:\/\/dev.mivv.com\/scarico-moto\/h-086-lz-honda-xl750-transalp-2023-2024\/"},"modified":"2026-04-21T14:42:14","modified_gmt":"2026-04-21T12:42:14","slug":"h-086-lz-honda-xl750-transalp-2023-2024","status":"publish","type":"product","link":"https:\/\/dev.mivv.com\/de\/product\/h-086-lz-honda-xl750-transalp-2023-2024\/","title":{"rendered":"H.086.LZ- HONDA XL750 TRANSALP 2023 > 2024"},"content":{"rendered":"<p>Der zur <strong>\u00c4sthetik, Sound und Leistungs-<\/strong>Verbesserungdes Motorrads hergestellte Mivv slip-on, entsteht aus h\u00f6chster Acht auf das Design, mit dem Ziel alle, die <strong>sich<\/strong> auch durch den Look seines eigenen Motorrads <strong>auszeichnen<\/strong> wollen, zu befriedigen.<\/p>\n<p>Der Auspuff OVAL passt sich perfekt jedem Motorrad an. Dieser mit gro\u00dfer Liebe f\u00fcrs Detail entwickelte Endschalld\u00e4mpfer stellt den bestm\u00f6glichen Kompromiss zwischen <strong>Design<\/strong> und <strong>Leistung<\/strong> dar. <\/p>\n<p>Die <strong>Black<\/strong>-Version zeichnet sich durch einen Schalld\u00e4mpfer aus <strong>schwarzem 304 Edelstahl<\/strong> mit einem <strong>&#8222;Black Moon&#8220;<\/strong> \u2013 Effekt aus. Der Effekt wird dank eines <strong>Sonderlackierungsprozesses<\/strong> mit <strong>Keramik<\/strong> erreicht.<\/p>\n","protected":false},"excerpt":{"rendered":"<p>Der zur \u00c4sthetik, Sound und Leistungs-Verbesserungdes Motorrads hergestellte Mivv slip-on, entsteht aus h\u00f6chster Acht auf das Design, mit dem Ziel alle, die sich auch durch den Look seines eigenen Motorrads auszeichnen wollen, zu befriedigen. Der Auspuff OVAL passt sich perfekt jedem Motorrad an. Dieser mit gro\u00dfer Liebe f\u00fcrs Detail entwickelte Endschalld\u00e4mpfer stellt den bestm\u00f6glichen Kompromiss [&hellip;]<\/p>\n","protected":false},"featured_media":65635,"template":"","meta":{"_acf_changed":false},"product_brand":[24890,23847,24883],"product_cat":[699],"product_tag":[],"class_list":{"0":"post-100673","1":"product","2":"type-product","3":"status-publish","4":"has-post-thumbnail","6":"product_brand-2023-xl-750-transalp","7":"product_brand-honda","8":"product_brand-xl-750-transalp","9":"product_cat-slip-on","11":"first","12":"instock","13":"shipping-taxable","14":"product-type-simple"},"acf":[],"_links":{"self":[{"href":"https:\/\/dev.mivv.com\/de\/wp-json\/wp\/v2\/product\/100673","targetHints":{"allow":["GET"]}}],"collection":[{"href":"https:\/\/dev.mivv.com\/de\/wp-json\/wp\/v2\/product"}],"about":[{"href":"https:\/\/dev.mivv.com\/de\/wp-json\/wp\/v2\/types\/product"}],"wp:featuredmedia":[{"embeddable":true,"href":"https:\/\/dev.mivv.com\/de\/wp-json\/wp\/v2\/media\/65635"}],"wp:attachment":[{"href":"https:\/\/dev.mivv.com\/de\/wp-json\/wp\/v2\/media?parent=100673"}],"wp:term":[{"taxonomy":"product_brand","embeddable":true,"href":"https:\/\/dev.mivv.com\/de\/wp-json\/wp\/v2\/product_brand?post=100673"},{"taxonomy":"product_cat","embeddable":true,"href":"https:\/\/dev.mivv.com\/de\/wp-json\/wp\/v2\/product_cat?post=100673"},{"taxonomy":"product_tag","embeddable":true,"href":"https:\/\/dev.mivv.com\/de\/wp-json\/wp\/v2\/product_tag?post=100673"}],"curies":[{"name":"wp","href":"https:\/\/api.w.org\/{rel}","templated":true}]}}