{"id":101212,"date":"2026-04-21T14:47:11","date_gmt":"2026-04-21T12:47:11","guid":{"rendered":"https:\/\/dev.mivv.com\/scarico-moto\/z-003-lxb-zontes-zt-125-gk-2021-2024\/"},"modified":"2026-04-21T14:47:11","modified_gmt":"2026-04-21T12:47:11","slug":"z-003-lxb-zontes-zt-125-gk-2021-2024","status":"publish","type":"product","link":"https:\/\/dev.mivv.com\/de\/product\/z-003-lxb-zontes-zt-125-gk-2021-2024\/","title":{"rendered":"Z.003.LXB \u2013 ZONTES ZT 125 GK 2021 > 2024"},"content":{"rendered":"<p>Der zur <strong>\u00c4sthetik, Sound und Leistungs-<\/strong>Verbesserungdes Motorrads hergestellte Mivv slip-on, entsteht aus h\u00f6chster Acht auf das Design, mit dem Ziel alle, die <strong>sich<\/strong> auch durch den Look seines eigenen Motorrads <strong>auszeichnen<\/strong> wollen, zu befriedigen.<\/p>\n<p>Der GP ist ein <strong>runder, kurzer<\/strong> Schalld\u00e4mpfer mit ausgeweiteten Verschl\u00fcssen; der Auspuff wurde durch die Anwendung der technischen L\u00f6sungen der Wettbewerbsd\u00e4mpfer gefertigt.<\/p>\n<p>Der Zentralk\u00f6rper wurde aus schwarzem Edelstahl mit Effekt  <strong>\u201cBlack Moon\u201d<\/strong> gefertigt. Der Effekt wurde durch ein spezielles Lackierverfahren erzielt. Diese Bearbeitung verleiht dem Produkt einen <strong>aggressiveren<\/strong> Look.<\/p>\n","protected":false},"excerpt":{"rendered":"<p>NUR MIT INSTALLIERTEM KATALYSATOR ACC.042.A1 ZUGELASSEN. NICHT KOMPATIBEL MIT EURO 5+ FAHRZEUGEN, DIE MIT EINER LAMBDASONDE NACH DEM KATALYSATOR AUSGESTATTET SIND.<\/p>\n","protected":false},"featured_media":4612,"template":"","meta":{"_acf_changed":false},"product_brand":[28764,28803,28770],"product_cat":[682],"product_tag":[],"class_list":{"0":"post-101212","1":"product","2":"type-product","3":"status-publish","4":"has-post-thumbnail","6":"product_brand-2021-zt-125-gk","7":"product_brand-zontes","8":"product_brand-zt-125-gk","9":"product_cat-komplette-auspuffanlage","11":"first","12":"instock","13":"shipping-taxable","14":"product-type-simple"},"acf":[],"_links":{"self":[{"href":"https:\/\/dev.mivv.com\/de\/wp-json\/wp\/v2\/product\/101212","targetHints":{"allow":["GET"]}}],"collection":[{"href":"https:\/\/dev.mivv.com\/de\/wp-json\/wp\/v2\/product"}],"about":[{"href":"https:\/\/dev.mivv.com\/de\/wp-json\/wp\/v2\/types\/product"}],"wp:featuredmedia":[{"embeddable":true,"href":"https:\/\/dev.mivv.com\/de\/wp-json\/wp\/v2\/media\/4612"}],"wp:attachment":[{"href":"https:\/\/dev.mivv.com\/de\/wp-json\/wp\/v2\/media?parent=101212"}],"wp:term":[{"taxonomy":"product_brand","embeddable":true,"href":"https:\/\/dev.mivv.com\/de\/wp-json\/wp\/v2\/product_brand?post=101212"},{"taxonomy":"product_cat","embeddable":true,"href":"https:\/\/dev.mivv.com\/de\/wp-json\/wp\/v2\/product_cat?post=101212"},{"taxonomy":"product_tag","embeddable":true,"href":"https:\/\/dev.mivv.com\/de\/wp-json\/wp\/v2\/product_tag?post=101212"}],"curies":[{"name":"wp","href":"https:\/\/api.w.org\/{rel}","templated":true}]}}