{"id":102304,"date":"2026-04-21T14:57:16","date_gmt":"2026-04-21T12:57:16","guid":{"rendered":"https:\/\/dev.mivv.com\/scarico-moto\/a-015-lr1tb-aprilia-tuono-v4-1100-2025-2025\/"},"modified":"2026-04-21T14:57:16","modified_gmt":"2026-04-21T12:57:16","slug":"a-015-lr1tb-aprilia-tuono-v4-1100-2025-2025","status":"publish","type":"product","link":"https:\/\/dev.mivv.com\/de\/product\/a-015-lr1tb-aprilia-tuono-v4-1100-2025-2025\/","title":{"rendered":"A.015.LR1TB \u2013 APRILIA TUONO V4 1100 2025 > 2025"},"content":{"rendered":"<p>Der zur <strong>\u00c4sthetik, Sound und Leistungs-<\/strong>Verbesserungdes Motorrads hergestellte Mivv slip-on, entsteht aus h\u00f6chster Acht auf das Design, mit dem Ziel alle, die <strong>sich<\/strong> auch durch den Look seines eigenen Motorrads <strong>auszeichnen<\/strong> wollen, zu befriedigen.<\/p>\n<p>Die Auspuffe der <strong>SR-1<\/strong> Linie sind haupts\u00e4chlich den Superbike und Hypernaked Motorr\u00e4dern gewidmet.\u00a0Die <strong>SR-1<\/strong> Anlage, erbt die ganze Erfahrung, die in den verschiedenen <strong>MotoGp &#8211; Moto2 &#8211; Moto3<\/strong> Weltmeisterschaften gesammelt wurde. Der Auspuff, der mit gro\u00dfer Sorgfalt auf die Details bearbeitet wurde, garantiert eine <strong>Look<\/strong>-sowie eine <strong>Leistungsverbesserung<\/strong> des Motorrads.<\/p>\n<p>Diese Version besteht aus einem <strong>sechseckigen K\u00f6rper aus Titan mit schwarzer Bearbeitung<\/strong> und einer <strong>Kappe aus Carbon<\/strong> mit T- will Bearbeitung; diese ist gegen heftige Temperaturver\u00e4nderungen best\u00e4ndig, was typisch f\u00fcr <strong>die Racing Welt<\/strong> ist. Im Unterschied zum Serienauspuff, garantiert die SR-1 Anlage aus <strong>Titan<\/strong> eine erhebliche <strong>Gewichtsreduktion<\/strong>. <\/p>\n","protected":false},"excerpt":{"rendered":"<p>ABE- ANLAGE NUR MIT KATALYSATOR ACC.077.A1 EINGEBAUT. ANSCHLUSSROHR MIT VENTIL AUSGESTATTET. INKLUSIVE CARBON-HITZESCHUTZ. NICHT KOMPATIBEL MIT EURO 5+ FAHRZEUGEN, DIE MIT EINER LAMBDASONDE NACH DEM KATALYSATOR AUSGESTATTET SIND.<\/p>\n","protected":false},"featured_media":65461,"template":"","meta":{"_acf_changed":false},"product_brand":[21565,21880],"product_cat":[699],"product_tag":[],"class_list":{"0":"post-102304","1":"product","2":"type-product","3":"status-publish","4":"has-post-thumbnail","6":"product_brand-aprilia","7":"product_brand-tuono-v4-1100","8":"product_cat-slip-on","10":"first","11":"instock","12":"shipping-taxable","13":"product-type-simple"},"acf":[],"_links":{"self":[{"href":"https:\/\/dev.mivv.com\/de\/wp-json\/wp\/v2\/product\/102304","targetHints":{"allow":["GET"]}}],"collection":[{"href":"https:\/\/dev.mivv.com\/de\/wp-json\/wp\/v2\/product"}],"about":[{"href":"https:\/\/dev.mivv.com\/de\/wp-json\/wp\/v2\/types\/product"}],"wp:featuredmedia":[{"embeddable":true,"href":"https:\/\/dev.mivv.com\/de\/wp-json\/wp\/v2\/media\/65461"}],"wp:attachment":[{"href":"https:\/\/dev.mivv.com\/de\/wp-json\/wp\/v2\/media?parent=102304"}],"wp:term":[{"taxonomy":"product_brand","embeddable":true,"href":"https:\/\/dev.mivv.com\/de\/wp-json\/wp\/v2\/product_brand?post=102304"},{"taxonomy":"product_cat","embeddable":true,"href":"https:\/\/dev.mivv.com\/de\/wp-json\/wp\/v2\/product_cat?post=102304"},{"taxonomy":"product_tag","embeddable":true,"href":"https:\/\/dev.mivv.com\/de\/wp-json\/wp\/v2\/product_tag?post=102304"}],"curies":[{"name":"wp","href":"https:\/\/api.w.org\/{rel}","templated":true}]}}