{"id":102444,"date":"2026-04-21T14:58:32","date_gmt":"2026-04-21T12:58:32","guid":{"rendered":"https:\/\/dev.mivv.com\/scarico-moto\/b-037-lc4b-bmw-f-900-xr-2025-2026\/"},"modified":"2026-04-21T14:58:32","modified_gmt":"2026-04-21T12:58:32","slug":"b-037-lc4b-bmw-f-900-xr-2025-2026","status":"publish","type":"product","link":"https:\/\/dev.mivv.com\/de\/product\/b-037-lc4b-bmw-f-900-xr-2025-2026\/","title":{"rendered":"B.037.LC4B \u2013 BMW F 900 XR 2025 > 2026"},"content":{"rendered":"<p>Der zur <strong>\u00c4sthetik, Sound und Leistungs-<\/strong>Verbesserungdes Motorrads hergestellte Mivv slip-on, entsteht aus h\u00f6chster Acht auf das Design, mit dem Ziel alle, die <strong>sich<\/strong> auch durch den Look seines eigenen Motorrads <strong>auszeichnen<\/strong> wollen, zu befriedigen.<\/p>\n<p>Die Mivv <strong>X-M1<\/strong>-Linie , ist das Ergebnis der in der <strong>MotoGP<\/strong>  und <strong>Moto2<\/strong>  Weltmeisterschaften gesammelten Erfahrungen und ist die perfekte Synthese aus <strong>Leistung<\/strong> und <strong>Racing<\/strong>. Mit einem <strong>Design<\/strong>, das den  Auspuffanlagen der Motorradweltmeisterschaft sehr \u00e4hnlich ist, hat der <strong>X-M1<\/strong> Endschalld\u00e4mpfer eine <strong>konische<\/strong> Form, mit  <strong>kompakten<\/strong> Abmessungen, sowie den unverwechselbaren  MIVV-<strong>Sound<\/strong>.<\/p>\n<p>Die <strong>Black<\/strong>-Version zeichnet sich durch einen Schalld\u00e4mpfer aus schwarzem 304 Edelstahl mit einem <strong>\u201cBlack Moon\u201d<\/strong> \u2013 Effekt aus. Der Effekt wird dank eines Sonderlackierungsprozesses mit Keramik erreicht.<\/p>\n<p><strong>X-M1  (rein) italienischer Stil<\/strong><\/p>\n","protected":false},"excerpt":{"rendered":"<p>EURO 5 HOMOLOGIERT. Homologation nicht g\u00fcltig f\u00fcr Motorr\u00e4der der Version 35 kW. Nur mit Original-Seitentaschen kompatibel. Kompatibel mit original mittelst\u00e4nder<\/p>\n","protected":false},"featured_media":7834,"template":"","meta":{"_acf_changed":false},"product_brand":[22272,22104,22259],"product_cat":[699],"product_tag":[],"class_list":{"0":"post-102444","1":"product","2":"type-product","3":"status-publish","4":"has-post-thumbnail","6":"product_brand-2025-2026-9377","7":"product_brand-bmw","8":"product_brand-f-900-xr","9":"product_cat-slip-on","11":"first","12":"instock","13":"shipping-taxable","14":"product-type-simple"},"acf":[],"_links":{"self":[{"href":"https:\/\/dev.mivv.com\/de\/wp-json\/wp\/v2\/product\/102444","targetHints":{"allow":["GET"]}}],"collection":[{"href":"https:\/\/dev.mivv.com\/de\/wp-json\/wp\/v2\/product"}],"about":[{"href":"https:\/\/dev.mivv.com\/de\/wp-json\/wp\/v2\/types\/product"}],"wp:featuredmedia":[{"embeddable":true,"href":"https:\/\/dev.mivv.com\/de\/wp-json\/wp\/v2\/media\/7834"}],"wp:attachment":[{"href":"https:\/\/dev.mivv.com\/de\/wp-json\/wp\/v2\/media?parent=102444"}],"wp:term":[{"taxonomy":"product_brand","embeddable":true,"href":"https:\/\/dev.mivv.com\/de\/wp-json\/wp\/v2\/product_brand?post=102444"},{"taxonomy":"product_cat","embeddable":true,"href":"https:\/\/dev.mivv.com\/de\/wp-json\/wp\/v2\/product_cat?post=102444"},{"taxonomy":"product_tag","embeddable":true,"href":"https:\/\/dev.mivv.com\/de\/wp-json\/wp\/v2\/product_tag?post=102444"}],"curies":[{"name":"wp","href":"https:\/\/api.w.org\/{rel}","templated":true}]}}