{"id":68495,"date":"2026-04-15T16:27:03","date_gmt":"2026-04-15T14:27:03","guid":{"rendered":"https:\/\/dev.mivv.com\/scarico-moto\/k-015-lc3-kawasaki-versys-650-2006-2014\/"},"modified":"2026-04-15T16:27:03","modified_gmt":"2026-04-15T14:27:03","slug":"k-015-lc3-kawasaki-versys-650-2006-2014","status":"publish","type":"product","link":"https:\/\/dev.mivv.com\/de\/product\/k-015-lc3-kawasaki-versys-650-2006-2014\/","title":{"rendered":"K.015.LC3 &#8211; KAWASAKI VERSYS 650 2006 > 2014"},"content":{"rendered":"<p>Der zur <strong>\u00c4sthetik, Sound und Leistungs-<\/strong>Verbesserungdes Motorrads hergestellte Mivv slip-on, entsteht aus h\u00f6chster Acht auf das Design, mit dem Ziel alle, die <strong>sich<\/strong> auch durch den Look seines eigenen Motorrads <strong>auszeichnen<\/strong> wollen, zu befriedigen.<\/p>\n<p>Der Auspuff X-Cone ist haupts\u00e4chlich f\u00fcr Naked Bikes oder Retro-Motorr\u00e4der gedacht. Der <strong>konische<\/strong> Auspuff wird durch die sorgf\u00e4ltige Realisierung aller Details unterst\u00fctzt.<\/p>\n<p>Der Auspuff wurde aus <strong>Edelstahl mit geb\u00fcrsteter<\/strong> Verarbeitung gefertigt.<\/p>\n","protected":false},"excerpt":{"rendered":"<p>Der zur \u00c4sthetik, Sound und Leistungs-Verbesserungdes Motorrads hergestellte Mivv slip-on, entsteht aus h\u00f6chster Acht auf das Design, mit dem Ziel alle, die sich auch durch den Look seines eigenen Motorrads auszeichnen wollen, zu befriedigen. Der Auspuff X-Cone ist haupts\u00e4chlich f\u00fcr Naked Bikes oder Retro-Motorr\u00e4der gedacht. Der konische Auspuff wird durch die sorgf\u00e4ltige Realisierung aller Details [&hellip;]<\/p>\n","protected":false},"featured_media":62816,"template":"","meta":{"_acf_changed":false},"product_brand":[20891,20862,20890],"product_cat":[699],"product_tag":[],"class_list":{"0":"post-68495","1":"product","2":"type-product","3":"status-publish","4":"has-post-thumbnail","6":"product_brand-2006-2014-versys-650","7":"product_brand-kawasaki","8":"product_brand-versys-650","9":"product_cat-slip-on","11":"first","12":"instock","13":"shipping-taxable","14":"product-type-simple"},"acf":[],"_links":{"self":[{"href":"https:\/\/dev.mivv.com\/de\/wp-json\/wp\/v2\/product\/68495","targetHints":{"allow":["GET"]}}],"collection":[{"href":"https:\/\/dev.mivv.com\/de\/wp-json\/wp\/v2\/product"}],"about":[{"href":"https:\/\/dev.mivv.com\/de\/wp-json\/wp\/v2\/types\/product"}],"wp:featuredmedia":[{"embeddable":true,"href":"https:\/\/dev.mivv.com\/de\/wp-json\/wp\/v2\/media\/62816"}],"wp:attachment":[{"href":"https:\/\/dev.mivv.com\/de\/wp-json\/wp\/v2\/media?parent=68495"}],"wp:term":[{"taxonomy":"product_brand","embeddable":true,"href":"https:\/\/dev.mivv.com\/de\/wp-json\/wp\/v2\/product_brand?post=68495"},{"taxonomy":"product_cat","embeddable":true,"href":"https:\/\/dev.mivv.com\/de\/wp-json\/wp\/v2\/product_cat?post=68495"},{"taxonomy":"product_tag","embeddable":true,"href":"https:\/\/dev.mivv.com\/de\/wp-json\/wp\/v2\/product_tag?post=68495"}],"curies":[{"name":"wp","href":"https:\/\/api.w.org\/{rel}","templated":true}]}}