{"id":68747,"date":"2026-04-15T16:41:25","date_gmt":"2026-04-15T14:41:25","guid":{"rendered":"https:\/\/dev.mivv.com\/scarico-moto\/k-021-l2s-kawasaki-zx-10-r-rr-se-2008-2010\/"},"modified":"2026-04-15T16:41:25","modified_gmt":"2026-04-15T14:41:25","slug":"k-021-l2s-kawasaki-zx-10-r-rr-se-2008-2010","status":"publish","type":"product","link":"https:\/\/dev.mivv.com\/de\/product\/k-021-l2s-kawasaki-zx-10-r-rr-se-2008-2010\/","title":{"rendered":"K.021.L2S &#8211; KAWASAKI ZX-10 R \/ RR \/ SE 2008 > 2010"},"content":{"rendered":"<p>Der zur <strong>\u00c4sthetik, Sound und Leistungs-<\/strong>Verbesserungdes Motorrads hergestellte Mivv slip-on, entsteht aus h\u00f6chster Acht auf das Design, mit dem Ziel alle, die <strong>sich<\/strong> auch durch den Look seines eigenen Motorrads <strong>auszeichnen<\/strong> wollen, zu befriedigen.<\/p>\n<p>Der GP ist ein <strong>runder, kurzer<\/strong> Schalld\u00e4mpfer mit ausgeweiteten Verschl\u00fcssen; der Auspuff wurde durch die Anwendung der technischen L\u00f6sungen der Wettbewerbsd\u00e4mpfer gefertigt.<\/p>\n<p>Der Zentralk\u00f6rper wurde aus <strong>Carbon<\/strong> gefertigt, einem Material welches dem Endschalld\u00e4mpfer Leichtigkeit und <strong>Sportlichkeit<\/strong> verleiht.<\/p>\n","protected":false},"excerpt":{"rendered":"<p>Der zur \u00c4sthetik, Sound und Leistungs-Verbesserungdes Motorrads hergestellte Mivv slip-on, entsteht aus h\u00f6chster Acht auf das Design, mit dem Ziel alle, die sich auch durch den Look seines eigenen Motorrads auszeichnen wollen, zu befriedigen. Der GP ist ein runder, kurzer Schalld\u00e4mpfer mit ausgeweiteten Verschl\u00fcssen; der Auspuff wurde durch die Anwendung der technischen L\u00f6sungen der Wettbewerbsd\u00e4mpfer [&hellip;]<\/p>\n","protected":false},"featured_media":62619,"template":"","meta":{"_acf_changed":false},"product_brand":[20941,20862,20938],"product_cat":[699],"product_tag":[],"class_list":{"0":"post-68747","1":"product","2":"type-product","3":"status-publish","4":"has-post-thumbnail","6":"product_brand-2008-zx-10r-rr-se","7":"product_brand-kawasaki","8":"product_brand-zx-10r-rr-se","9":"product_cat-slip-on","11":"first","12":"instock","13":"shipping-taxable","14":"product-type-simple"},"acf":[],"_links":{"self":[{"href":"https:\/\/dev.mivv.com\/de\/wp-json\/wp\/v2\/product\/68747","targetHints":{"allow":["GET"]}}],"collection":[{"href":"https:\/\/dev.mivv.com\/de\/wp-json\/wp\/v2\/product"}],"about":[{"href":"https:\/\/dev.mivv.com\/de\/wp-json\/wp\/v2\/types\/product"}],"wp:featuredmedia":[{"embeddable":true,"href":"https:\/\/dev.mivv.com\/de\/wp-json\/wp\/v2\/media\/62619"}],"wp:attachment":[{"href":"https:\/\/dev.mivv.com\/de\/wp-json\/wp\/v2\/media?parent=68747"}],"wp:term":[{"taxonomy":"product_brand","embeddable":true,"href":"https:\/\/dev.mivv.com\/de\/wp-json\/wp\/v2\/product_brand?post=68747"},{"taxonomy":"product_cat","embeddable":true,"href":"https:\/\/dev.mivv.com\/de\/wp-json\/wp\/v2\/product_cat?post=68747"},{"taxonomy":"product_tag","embeddable":true,"href":"https:\/\/dev.mivv.com\/de\/wp-json\/wp\/v2\/product_tag?post=68747"}],"curies":[{"name":"wp","href":"https:\/\/api.w.org\/{rel}","templated":true}]}}