{"id":69725,"date":"2026-04-15T17:09:41","date_gmt":"2026-04-15T15:09:41","guid":{"rendered":"https:\/\/dev.mivv.com\/scarico-moto\/s-035-l7-suzuki-gladius-2009-2020\/"},"modified":"2026-04-15T17:09:41","modified_gmt":"2026-04-15T15:09:41","slug":"s-035-l7-suzuki-gladius-2009-2020","status":"publish","type":"product","link":"https:\/\/dev.mivv.com\/de\/product\/s-035-l7-suzuki-gladius-2009-2020\/","title":{"rendered":"S.035.L7 &#8211; SUZUKI GLADIUS 2009 > 2020"},"content":{"rendered":"<p>Der zur <strong>\u00c4sthetik, Sound und Leistungs-<\/strong>Verbesserungdes Motorrads hergestellte Mivv slip-on, entsteht aus h\u00f6chster Acht auf das Design, mit dem Ziel alle, die <strong>sich<\/strong> auch durch den Look seines eigenen Motorrads <strong>auszeichnen<\/strong> wollen, zu befriedigen.<\/p>\n<p>Die Linie SUONO ist die perfekte Synthese aus <strong>\u00c4sthetik, Innovation<\/strong> und modernster angewandter <strong>Technologie<\/strong>. Bei der Entwicklung des Suono wurden <strong>hochwertigste Materialien <\/strong>verwendet, um ein Maximum an <strong>Gewichtsreduzierung<\/strong> zu erzielen.<\/p>\n<p>Dieser ganz aus geb\u00fcrstetem, hitzefestem Edelstahl gefertigte Auspuff ist der ideale Schalld\u00e4mpfer f\u00fcr Zweiradliebhaber, die nicht auf das <strong>Design<\/strong> verzichten wollen.<\/p>\n","protected":false},"excerpt":{"rendered":"<p>Der zur \u00c4sthetik, Sound und Leistungs-Verbesserungdes Motorrads hergestellte Mivv slip-on, entsteht aus h\u00f6chster Acht auf das Design, mit dem Ziel alle, die sich auch durch den Look seines eigenen Motorrads auszeichnen wollen, zu befriedigen. Die Linie SUONO ist die perfekte Synthese aus \u00c4sthetik, Innovation und modernster angewandter Technologie. Bei der Entwicklung des Suono wurden hochwertigste [&hellip;]<\/p>\n","protected":false},"featured_media":62590,"template":"","meta":{"_acf_changed":false},"product_brand":[21228,21227,21211],"product_cat":[699],"product_tag":[],"class_list":{"0":"post-69725","1":"product","2":"type-product","3":"status-publish","4":"has-post-thumbnail","6":"product_brand-2009-2015-gladius","7":"product_brand-gladius","8":"product_brand-suzuki","9":"product_cat-slip-on","11":"first","12":"instock","13":"shipping-taxable","14":"product-type-simple"},"acf":[],"_links":{"self":[{"href":"https:\/\/dev.mivv.com\/de\/wp-json\/wp\/v2\/product\/69725","targetHints":{"allow":["GET"]}}],"collection":[{"href":"https:\/\/dev.mivv.com\/de\/wp-json\/wp\/v2\/product"}],"about":[{"href":"https:\/\/dev.mivv.com\/de\/wp-json\/wp\/v2\/types\/product"}],"wp:featuredmedia":[{"embeddable":true,"href":"https:\/\/dev.mivv.com\/de\/wp-json\/wp\/v2\/media\/62590"}],"wp:attachment":[{"href":"https:\/\/dev.mivv.com\/de\/wp-json\/wp\/v2\/media?parent=69725"}],"wp:term":[{"taxonomy":"product_brand","embeddable":true,"href":"https:\/\/dev.mivv.com\/de\/wp-json\/wp\/v2\/product_brand?post=69725"},{"taxonomy":"product_cat","embeddable":true,"href":"https:\/\/dev.mivv.com\/de\/wp-json\/wp\/v2\/product_cat?post=69725"},{"taxonomy":"product_tag","embeddable":true,"href":"https:\/\/dev.mivv.com\/de\/wp-json\/wp\/v2\/product_tag?post=69725"}],"curies":[{"name":"wp","href":"https:\/\/api.w.org\/{rel}","templated":true}]}}