{"id":70250,"date":"2026-04-15T17:33:30","date_gmt":"2026-04-15T15:33:30","guid":{"rendered":"https:\/\/dev.mivv.com\/scarico-moto\/y-028-lxb-yamaha-t-max-500-2008-2011\/"},"modified":"2026-04-15T17:33:30","modified_gmt":"2026-04-15T15:33:30","slug":"y-028-lxb-yamaha-t-max-500-2008-2011","status":"publish","type":"product","link":"https:\/\/dev.mivv.com\/de\/product\/y-028-lxb-yamaha-t-max-500-2008-2011\/","title":{"rendered":"Y.028.LXB &#8211; YAMAHA T-MAX 500 2008 > 2011"},"content":{"rendered":"<p>Die Mivv Scooter Linie wurde entwickelt, um den <strong>Sound<\/strong> zu verbessern die <strong>Leistung<\/strong> zu steigern und den <strong>Look<\/strong> von Rollern zu <strong>bereichern<\/strong>. Eine perfekte Mischung f\u00fcr einen ganz \u201ebesonderen\u201c Roller.<\/p>\n<p>Der GP ist ein <strong>runder, kurzer<\/strong> Schalld\u00e4mpfer mit ausgeweiteten Verschl\u00fcssen; der Auspuff wurde durch die Anwendung der technischen L\u00f6sungen der Wettbewerbsd\u00e4mpfer gefertigt.<\/p>\n<p>Der Zentralk\u00f6rper wurde aus schwarzem Edelstahl mit Effekt  <strong>\u201cBlack Moon\u201d<\/strong> gefertigt. Der Effekt wurde durch ein spezielles Lackierverfahren erzielt. Diese Bearbeitung verleiht dem Produkt einen <strong>aggressiveren<\/strong> Look.<\/p>\n","protected":false},"excerpt":{"rendered":"<p>Die Mivv Scooter Linie wurde entwickelt, um den Sound zu verbessern die Leistung zu steigern und den Look von Rollern zu bereichern. Eine perfekte Mischung f\u00fcr einen ganz \u201ebesonderen\u201c Roller. Der GP ist ein runder, kurzer Schalld\u00e4mpfer mit ausgeweiteten Verschl\u00fcssen; der Auspuff wurde durch die Anwendung der technischen L\u00f6sungen der Wettbewerbsd\u00e4mpfer gefertigt. Der Zentralk\u00f6rper wurde [&hellip;]<\/p>\n","protected":false},"featured_media":62610,"template":"","meta":{"_acf_changed":false},"product_brand":[21423,21421,21384],"product_cat":[682],"product_tag":[],"class_list":{"0":"post-70250","1":"product","2":"type-product","3":"status-publish","4":"has-post-thumbnail","6":"product_brand-2008-2011-t-max-500","7":"product_brand-t-max-500","8":"product_brand-yamaha","9":"product_cat-komplette-auspuffanlage","11":"first","12":"instock","13":"shipping-taxable","14":"product-type-simple"},"acf":[],"_links":{"self":[{"href":"https:\/\/dev.mivv.com\/de\/wp-json\/wp\/v2\/product\/70250","targetHints":{"allow":["GET"]}}],"collection":[{"href":"https:\/\/dev.mivv.com\/de\/wp-json\/wp\/v2\/product"}],"about":[{"href":"https:\/\/dev.mivv.com\/de\/wp-json\/wp\/v2\/types\/product"}],"wp:featuredmedia":[{"embeddable":true,"href":"https:\/\/dev.mivv.com\/de\/wp-json\/wp\/v2\/media\/62610"}],"wp:attachment":[{"href":"https:\/\/dev.mivv.com\/de\/wp-json\/wp\/v2\/media?parent=70250"}],"wp:term":[{"taxonomy":"product_brand","embeddable":true,"href":"https:\/\/dev.mivv.com\/de\/wp-json\/wp\/v2\/product_brand?post=70250"},{"taxonomy":"product_cat","embeddable":true,"href":"https:\/\/dev.mivv.com\/de\/wp-json\/wp\/v2\/product_cat?post=70250"},{"taxonomy":"product_tag","embeddable":true,"href":"https:\/\/dev.mivv.com\/de\/wp-json\/wp\/v2\/product_tag?post=70250"}],"curies":[{"name":"wp","href":"https:\/\/api.w.org\/{rel}","templated":true}]}}