{"id":71600,"date":"2026-04-15T17:42:42","date_gmt":"2026-04-15T15:42:42","guid":{"rendered":"https:\/\/dev.mivv.com\/scarico-moto\/y-049-l3c-yamaha-tracer-900-tracer-900-gt-2015-2020\/"},"modified":"2026-04-15T17:42:42","modified_gmt":"2026-04-15T15:42:42","slug":"y-049-l3c-yamaha-tracer-900-tracer-900-gt-2015-2020","status":"publish","type":"product","link":"https:\/\/dev.mivv.com\/de\/product\/y-049-l3c-yamaha-tracer-900-tracer-900-gt-2015-2020\/","title":{"rendered":"Y.049.L3C \u2013 YAMAHA TRACER 900 \/ TRACER 900 GT 2015 > 2020"},"content":{"rendered":"<p>Der zur <strong>\u00c4sthetik, Sound und Leistungs-<\/strong>Verbesserungdes Motorrads hergestellte Mivv slip-on, entsteht aus h\u00f6chster Acht auf das Design, mit dem Ziel alle, die <strong>sich<\/strong> auch durch den Look seines eigenen Motorrads <strong>auszeichnen<\/strong> wollen, zu befriedigen.<\/p>\n<p>Der Auspuff OVAL passt sich perfekt jedem Motorrad an. Dieser mit gro\u00dfer Liebe f\u00fcrs Detail entwickelte Endschalld\u00e4mpfer stellt den bestm\u00f6glichen Kompromiss zwischen <strong>Design<\/strong> und <strong>Leistung<\/strong> dar. <\/p>\n<p>Der Auspuff zeichnet sich durch K\u00f6rper und Kappe aus <strong>Carbon<\/strong> aus, die hitzebest\u00e4ndig sind. Der Auspuff hat ge\u00f6ffnete Schlitze auf der kappe, einem Detail, welches dem Endschalld\u00e4mpfer ein <strong>sportlicheres<\/strong> Design verleiht.<\/p>\n","protected":false},"excerpt":{"rendered":"<p>EURO 3 &#8211; EURO 4 ZULASSUNG NUR WENN NACHR\u00dcSTKAT ACC.042.A1 MONTIERT WIRD<\/p>\n","protected":false},"featured_media":45519,"template":"","meta":{"_acf_changed":false},"product_brand":[21444,21443,21384],"product_cat":[682],"product_tag":[],"class_list":{"0":"post-71600","1":"product","2":"type-product","3":"status-publish","4":"has-post-thumbnail","6":"product_brand-2015-tracer-900","7":"product_brand-tracer-900-gt-fj-09","8":"product_brand-yamaha","9":"product_cat-komplette-auspuffanlage","11":"first","12":"instock","13":"shipping-taxable","14":"product-type-simple"},"acf":[],"_links":{"self":[{"href":"https:\/\/dev.mivv.com\/de\/wp-json\/wp\/v2\/product\/71600","targetHints":{"allow":["GET"]}}],"collection":[{"href":"https:\/\/dev.mivv.com\/de\/wp-json\/wp\/v2\/product"}],"about":[{"href":"https:\/\/dev.mivv.com\/de\/wp-json\/wp\/v2\/types\/product"}],"wp:featuredmedia":[{"embeddable":true,"href":"https:\/\/dev.mivv.com\/de\/wp-json\/wp\/v2\/media\/45519"}],"wp:attachment":[{"href":"https:\/\/dev.mivv.com\/de\/wp-json\/wp\/v2\/media?parent=71600"}],"wp:term":[{"taxonomy":"product_brand","embeddable":true,"href":"https:\/\/dev.mivv.com\/de\/wp-json\/wp\/v2\/product_brand?post=71600"},{"taxonomy":"product_cat","embeddable":true,"href":"https:\/\/dev.mivv.com\/de\/wp-json\/wp\/v2\/product_cat?post=71600"},{"taxonomy":"product_tag","embeddable":true,"href":"https:\/\/dev.mivv.com\/de\/wp-json\/wp\/v2\/product_tag?post=71600"}],"curies":[{"name":"wp","href":"https:\/\/api.w.org\/{rel}","templated":true}]}}