{"id":73333,"date":"2026-04-15T18:24:27","date_gmt":"2026-04-15T16:24:27","guid":{"rendered":"https:\/\/dev.mivv.com\/scarico-moto\/o-009-lvc-kymco-ak-550-2017-2020\/"},"modified":"2026-04-15T18:24:27","modified_gmt":"2026-04-15T16:24:27","slug":"o-009-lvc-kymco-ak-550-2017-2020","status":"publish","type":"product","link":"https:\/\/dev.mivv.com\/de\/product\/o-009-lvc-kymco-ak-550-2017-2020\/","title":{"rendered":"O.009.LVC \u2013  KYMCO AK 550 2017 > 2020"},"content":{"rendered":"<p>Der zur <strong>\u00c4sthetik, Sound und Leistungs-<\/strong>Verbesserungdes Motorrads hergestellte Mivv slip-on, entsteht aus h\u00f6chster Acht auf das Design, mit dem Ziel alle, die <strong>sich<\/strong> auch durch den Look seines eigenen Motorrads <strong>auszeichnen<\/strong> wollen, zu befriedigen.<\/p>\n<p>Der Auspuff OVAL passt sich perfekt jedem Motorrad an. Dieser mit gro\u00dfer Liebe f\u00fcrs Detail entwickelte Endschalld\u00e4mpfer stellt den bestm\u00f6glichen Kompromiss zwischen <strong>Design<\/strong> und <strong>Leistung<\/strong> dar. <\/p>\n<p>Der Auspuff zeichnet sich durch einen <strong>schwarzen<\/strong> Zentralk\u00f6rper aus Edelstahl mit einem <strong>&#8222;Black Moon&#8220;<\/strong> Effekt aus. Das wird dank eines Keramik-Sonderlackierungsprozesses erreicht, der dem Auspuff einen <strong>aggressiveren Look<\/strong> verleiht<\/p>\n","protected":false},"excerpt":{"rendered":"<p>Zulassung nur wenn Nachr\u00fcstkat ACC.045.A1 montiert wird<\/p>\n","protected":false},"featured_media":62926,"template":"","meta":{"_acf_changed":false},"product_brand":[21063,21062,21053],"product_cat":[682],"product_tag":[],"class_list":{"0":"post-73333","1":"product","2":"type-product","3":"status-publish","4":"has-post-thumbnail","6":"product_brand-2017-ak-550","7":"product_brand-ak-550","8":"product_brand-kymco","9":"product_cat-komplette-auspuffanlage","11":"first","12":"instock","13":"shipping-taxable","14":"product-type-simple"},"acf":[],"_links":{"self":[{"href":"https:\/\/dev.mivv.com\/de\/wp-json\/wp\/v2\/product\/73333","targetHints":{"allow":["GET"]}}],"collection":[{"href":"https:\/\/dev.mivv.com\/de\/wp-json\/wp\/v2\/product"}],"about":[{"href":"https:\/\/dev.mivv.com\/de\/wp-json\/wp\/v2\/types\/product"}],"wp:featuredmedia":[{"embeddable":true,"href":"https:\/\/dev.mivv.com\/de\/wp-json\/wp\/v2\/media\/62926"}],"wp:attachment":[{"href":"https:\/\/dev.mivv.com\/de\/wp-json\/wp\/v2\/media?parent=73333"}],"wp:term":[{"taxonomy":"product_brand","embeddable":true,"href":"https:\/\/dev.mivv.com\/de\/wp-json\/wp\/v2\/product_brand?post=73333"},{"taxonomy":"product_cat","embeddable":true,"href":"https:\/\/dev.mivv.com\/de\/wp-json\/wp\/v2\/product_cat?post=73333"},{"taxonomy":"product_tag","embeddable":true,"href":"https:\/\/dev.mivv.com\/de\/wp-json\/wp\/v2\/product_tag?post=73333"}],"curies":[{"name":"wp","href":"https:\/\/api.w.org\/{rel}","templated":true}]}}