{"id":78375,"date":"2026-04-15T18:45:18","date_gmt":"2026-04-15T16:45:18","guid":{"rendered":"https:\/\/dev.mivv.com\/scarico-moto\/y-061-lr1xb-yamaha-t-max-560-2020-2021\/"},"modified":"2026-04-15T18:45:18","modified_gmt":"2026-04-15T16:45:18","slug":"y-061-lr1xb-yamaha-t-max-560-2020-2021","status":"publish","type":"product","link":"https:\/\/dev.mivv.com\/de\/product\/y-061-lr1xb-yamaha-t-max-560-2020-2021\/","title":{"rendered":"Y.061.LR1XB- YAMAHA T-MAX 560 2020 > 2021"},"content":{"rendered":"<p>Die Mivv Scooter Linie wurde entwickelt, um den <strong>Sound<\/strong> zu verbessern die <strong>Leistung<\/strong> zu steigern und den <strong>Look<\/strong> von Rollern zu <strong>bereichern<\/strong>. Eine perfekte Mischung f\u00fcr einen ganz \u201ebesonderen\u201c Roller.<\/p>\n","protected":false},"excerpt":{"rendered":"<p>EURO 5 Zulassung nur wenn Nachr\u00fcstkat ACC.045.A1 montiert wird. Zur Leistungsverbesserung empfehlen wir ein neues Mapping des Steuerger\u00e4ts. Zur weiteren Info lesen Sie die technische Beschreibung unter dem Doku-K\u00e4stchen.<\/p>\n","protected":false},"featured_media":45823,"template":"","meta":{"_acf_changed":false},"product_brand":[21428,21427,21384],"product_cat":[682],"product_tag":[],"class_list":{"0":"post-78375","1":"product","2":"type-product","3":"status-publish","4":"has-post-thumbnail","6":"product_brand-2020-t-max-560","7":"product_brand-t-max-560","8":"product_brand-yamaha","9":"product_cat-komplette-auspuffanlage","11":"first","12":"instock","13":"shipping-taxable","14":"product-type-simple"},"acf":[],"_links":{"self":[{"href":"https:\/\/dev.mivv.com\/de\/wp-json\/wp\/v2\/product\/78375","targetHints":{"allow":["GET"]}}],"collection":[{"href":"https:\/\/dev.mivv.com\/de\/wp-json\/wp\/v2\/product"}],"about":[{"href":"https:\/\/dev.mivv.com\/de\/wp-json\/wp\/v2\/types\/product"}],"wp:featuredmedia":[{"embeddable":true,"href":"https:\/\/dev.mivv.com\/de\/wp-json\/wp\/v2\/media\/45823"}],"wp:attachment":[{"href":"https:\/\/dev.mivv.com\/de\/wp-json\/wp\/v2\/media?parent=78375"}],"wp:term":[{"taxonomy":"product_brand","embeddable":true,"href":"https:\/\/dev.mivv.com\/de\/wp-json\/wp\/v2\/product_brand?post=78375"},{"taxonomy":"product_cat","embeddable":true,"href":"https:\/\/dev.mivv.com\/de\/wp-json\/wp\/v2\/product_cat?post=78375"},{"taxonomy":"product_tag","embeddable":true,"href":"https:\/\/dev.mivv.com\/de\/wp-json\/wp\/v2\/product_tag?post=78375"}],"curies":[{"name":"wp","href":"https:\/\/api.w.org\/{rel}","templated":true}]}}