{"id":78973,"date":"2026-04-15T18:47:35","date_gmt":"2026-04-15T16:47:35","guid":{"rendered":"https:\/\/dev.mivv.com\/scarico-moto\/kt-028-lc5t-ktm-1290-superduke-r-2020-2023\/"},"modified":"2026-04-15T18:47:35","modified_gmt":"2026-04-15T16:47:35","slug":"kt-028-lc5t-ktm-1290-superduke-r-2020-2023","status":"publish","type":"product","link":"https:\/\/dev.mivv.com\/de\/product\/kt-028-lc5t-ktm-1290-superduke-r-2020-2023\/","title":{"rendered":"KT.028.LC5T- KTM 1290 SUPERDUKE R 2020 > 2023"},"content":{"rendered":"<p>Der zur <strong>\u00c4sthetik, Sound und Leistungs-<\/strong>Verbesserungdes Motorrads hergestellte Mivv slip-on, entsteht aus h\u00f6chster Acht auf das Design, mit dem Ziel alle, die <strong>sich<\/strong> auch durch den Look seines eigenen Motorrads <strong>auszeichnen<\/strong> wollen, zu befriedigen.<\/p>\n<p>Die Mivv <strong>X-M5<\/strong>-Linie,ist das Ergebnis der in der <strong>MotoGP, Moto2<\/strong> und <strong>Moto3<\/strong> Weltmeisterschaften gesammelten Erfahrungen und ist die perfekte Synthese aus <strong>Leistung<\/strong> und <strong>Racing<\/strong>. Mit einem <strong>Design<\/strong>, das den Auspuffanlagen der Motorradweltmeisterschaft sehr \u00e4hnlich ist, hat der <strong>X-M5<\/strong> Endschalld\u00e4mpfer eine <strong>konische<\/strong> Form, mit <strong>kompakten<\/strong> Abmessungen, sowie den unverwechselbaren MIVV-<strong>Sound<\/strong>.<\/p>\n<p>Der D\u00e4mpfer hat eine Kappe aus <strong>carbon<\/strong> twill 3K und ist mit einem <strong>herausnehmbaren Schutzgitter<\/strong> ausgestattet, das den Db Killer verbirgt.<\/p>\n<p>Die <strong>Titanium<\/strong>-Variante  zeichnet sich durch einen Schalld\u00e4mpfer aus Titan Grad 1 Slow mit einem <strong>\u201epearled\u201c<\/strong> Effekt aus. Dieser Effekt wird dank einer speziellen Oberfl\u00e4chenbehandlung erreicht. Ein perfekter<\/p>\n<p><strong>X-M5 reiner italienischer Stil<\/strong><\/p>\n","protected":false},"excerpt":{"rendered":"<p>Nicht kompatibel mit Seitentaschen\/Seitenkoffern Sozius Fu\u00dfrasten m\u00fcssen demontiert werden und entfallen.Zur Leistungsverbesserung empfehlen wir ein neues Mapping des Steuerger\u00e4ts. Zur weiteren Info lesen Sie die technische Beschreibung unter dem Doku-K\u00e4stchen.<\/p>\n","protected":false},"featured_media":64987,"template":"","meta":{"_acf_changed":false},"product_brand":[20992,20993,20972],"product_cat":[836],"product_tag":[],"class_list":{"0":"post-78973","1":"product","2":"type-product","3":"status-publish","4":"has-post-thumbnail","6":"product_brand-1290-superduke-r","7":"product_brand-2020-1290-superduke-r","8":"product_brand-ktm","9":"product_cat-2-slip-on","11":"first","12":"instock","13":"shipping-taxable","14":"product-type-simple"},"acf":[],"_links":{"self":[{"href":"https:\/\/dev.mivv.com\/de\/wp-json\/wp\/v2\/product\/78973","targetHints":{"allow":["GET"]}}],"collection":[{"href":"https:\/\/dev.mivv.com\/de\/wp-json\/wp\/v2\/product"}],"about":[{"href":"https:\/\/dev.mivv.com\/de\/wp-json\/wp\/v2\/types\/product"}],"wp:featuredmedia":[{"embeddable":true,"href":"https:\/\/dev.mivv.com\/de\/wp-json\/wp\/v2\/media\/64987"}],"wp:attachment":[{"href":"https:\/\/dev.mivv.com\/de\/wp-json\/wp\/v2\/media?parent=78973"}],"wp:term":[{"taxonomy":"product_brand","embeddable":true,"href":"https:\/\/dev.mivv.com\/de\/wp-json\/wp\/v2\/product_brand?post=78973"},{"taxonomy":"product_cat","embeddable":true,"href":"https:\/\/dev.mivv.com\/de\/wp-json\/wp\/v2\/product_cat?post=78973"},{"taxonomy":"product_tag","embeddable":true,"href":"https:\/\/dev.mivv.com\/de\/wp-json\/wp\/v2\/product_tag?post=78973"}],"curies":[{"name":"wp","href":"https:\/\/api.w.org\/{rel}","templated":true}]}}