{"id":79936,"date":"2026-04-15T18:54:02","date_gmt":"2026-04-15T16:54:02","guid":{"rendered":"https:\/\/dev.mivv.com\/scarico-moto\/50-dk-082-0-yamaha-r7-2022-2024\/"},"modified":"2026-04-15T18:54:02","modified_gmt":"2026-04-15T16:54:02","slug":"50-dk-082-0-yamaha-r7-2022-2024","status":"publish","type":"product","link":"https:\/\/dev.mivv.com\/de\/product\/50-dk-082-0-yamaha-r7-2022-2024\/","title":{"rendered":"50.DK.082.0 \u2013 YAMAHA R7 2022 > 2024"},"content":{"rendered":"<p>Der DB-Killer ist eine Anlage, die speziell entwickelt wurde, um <strong>das Ger\u00e4usch der<\/strong> Auspuffanlage weiter zu <strong>reduzieren<\/strong>. Jedes DB-Killer <strong>Modell<\/strong> wurde speziell f\u00fcr jedes einzelne Motorrad gedacht.<\/p>\n","protected":false},"excerpt":{"rendered":"<p>OPTIONALER DB-KILLER F\u00dcR MK3 SCHALLD\u00c4MPFER \u00d855<\/p>\n","protected":false},"featured_media":34389,"template":"","meta":{"_acf_changed":false},"product_brand":[21418,21417,21384],"product_cat":[4372],"product_tag":[],"class_list":{"0":"post-79936","1":"product","2":"type-product","3":"status-publish","4":"has-post-thumbnail","6":"product_brand-2022-r7","7":"product_brand-r7","8":"product_brand-yamaha","9":"product_cat-db-killer","11":"first","12":"instock","13":"shipping-taxable","14":"product-type-simple"},"acf":[],"_links":{"self":[{"href":"https:\/\/dev.mivv.com\/de\/wp-json\/wp\/v2\/product\/79936","targetHints":{"allow":["GET"]}}],"collection":[{"href":"https:\/\/dev.mivv.com\/de\/wp-json\/wp\/v2\/product"}],"about":[{"href":"https:\/\/dev.mivv.com\/de\/wp-json\/wp\/v2\/types\/product"}],"wp:featuredmedia":[{"embeddable":true,"href":"https:\/\/dev.mivv.com\/de\/wp-json\/wp\/v2\/media\/34389"}],"wp:attachment":[{"href":"https:\/\/dev.mivv.com\/de\/wp-json\/wp\/v2\/media?parent=79936"}],"wp:term":[{"taxonomy":"product_brand","embeddable":true,"href":"https:\/\/dev.mivv.com\/de\/wp-json\/wp\/v2\/product_brand?post=79936"},{"taxonomy":"product_cat","embeddable":true,"href":"https:\/\/dev.mivv.com\/de\/wp-json\/wp\/v2\/product_cat?post=79936"},{"taxonomy":"product_tag","embeddable":true,"href":"https:\/\/dev.mivv.com\/de\/wp-json\/wp\/v2\/product_tag?post=79936"}],"curies":[{"name":"wp","href":"https:\/\/api.w.org\/{rel}","templated":true}]}}