{"id":80447,"date":"2026-04-15T19:14:04","date_gmt":"2026-04-15T17:14:04","guid":{"rendered":"https:\/\/dev.mivv.com\/scarico-moto\/m-hu-010-lxc-husqvarna-701-enduro-supermoto-2021-2024\/"},"modified":"2026-04-15T19:14:04","modified_gmt":"2026-04-15T17:14:04","slug":"m-hu-010-lxc-husqvarna-701-enduro-supermoto-2021-2024","status":"publish","type":"product","link":"https:\/\/dev.mivv.com\/de\/product\/m-hu-010-lxc-husqvarna-701-enduro-supermoto-2021-2024\/","title":{"rendered":"M.HU.010.LXC \u2013 HUSQVARNA 701 ENDURO \/ SUPERMOTO 2021 > 2024"},"content":{"rendered":"<p>Der MIVV STR-1 D\u00e4mpfer wurde mit <strong>der besten Ausstattung<\/strong> gebaut, um sich an den verf\u00fcgbaren Platz des Motorrads anzupassen; der D\u00e4mpfer wurde so bearbeitet, um die beste <strong>Leistung, Zuverl\u00e4ssigkeit und Gewichteinsparung<\/strong> anzubieten.<br \/>\nDer D\u00e4mpfer wurde aus AISI 304- <strong>Edelstahl<\/strong> hergestellt , hat eine Endkappe aus 3K Twill Carbon, und ist mit einem <strong>speziellen DB-Killer<\/strong> ausgestattet, um das Ger\u00e4usch einzud\u00e4mmen, ohne die Leistung zu <strong>benachteiligen<\/strong>.<br \/>\nDer STR-1 D\u00e4mpfer wurde <strong>entworfen<\/strong>, damit der Motor <strong>das Beste auf der ganzen Motordrehzahl<\/strong> geben kann. Die <strong>Pr\u00fcfstandteste<\/strong>, die ebenfalls durch die <strong>Teste auf der Piste<\/strong> best\u00e4tigt wurden , weisen <strong>eine sehr gute Leistung<\/strong> sowohl bei <strong>niedrigen<\/strong> als auch bei <strong>hohen Drehzahlen<\/strong> nach<br \/>\nDer STR-1 D\u00e4mpfer ist mit fortgeschrittenem <strong>Schalld\u00e4mpfendmaterial<\/strong> ausgestattet, das in unserer R&#038; D \u2013 Abteilung entwickelt wurde. Das erm\u00f6glicht, die, noch strengere durch die National- bzw. Internationalvorschriften der Off Road Wettk\u00e4mpfe ,verh\u00e4ngten <strong>Ger\u00e4uschbegrenzungen<\/strong> einzuhalten. Das Schalld\u00e4mpfendmaterial kann dank der <strong>Schrauben<\/strong>, die im vorderen D\u00e4mpferbereich sind, leicht ersetzt werden.<br \/>\nDer MIVV STR1- D\u00e4mpfer braucht kein <strong>Remapping<\/strong>. Die Entwicklung wurde vollzogen, <strong>ohne irgendwelche Ver\u00e4nderungen<\/strong> an der Elektronik <strong>auszuf\u00fchren<\/strong>. Der kann durch den Seriend\u00e4mpfer ersetzt werden.<\/p>\n","protected":false},"excerpt":{"rendered":"<p>EURO 5 Zulassung nur wenn Nachr\u00fcstkat ACC.041.A1 montiert wird. NICHT KOMPATIBEL MIT EURO 5+ FAHRZEUGEN, DIE MIT EINER LAMBDASONDE NACH DEM KATALYSATOR AUSGESTATTET SIND.<\/p>\n","protected":false},"featured_media":29353,"template":"","meta":{"_acf_changed":false},"product_brand":[20854,20852,20851],"product_cat":[699],"product_tag":[],"class_list":{"0":"post-80447","1":"product","2":"type-product","3":"status-publish","4":"has-post-thumbnail","6":"product_brand-2021-2022-701-enduro-supermoto","7":"product_brand-701-enduro-supermoto","8":"product_brand-husqvarna","9":"product_cat-slip-on","11":"first","12":"instock","13":"shipping-taxable","14":"product-type-simple"},"acf":[],"_links":{"self":[{"href":"https:\/\/dev.mivv.com\/de\/wp-json\/wp\/v2\/product\/80447","targetHints":{"allow":["GET"]}}],"collection":[{"href":"https:\/\/dev.mivv.com\/de\/wp-json\/wp\/v2\/product"}],"about":[{"href":"https:\/\/dev.mivv.com\/de\/wp-json\/wp\/v2\/types\/product"}],"wp:featuredmedia":[{"embeddable":true,"href":"https:\/\/dev.mivv.com\/de\/wp-json\/wp\/v2\/media\/29353"}],"wp:attachment":[{"href":"https:\/\/dev.mivv.com\/de\/wp-json\/wp\/v2\/media?parent=80447"}],"wp:term":[{"taxonomy":"product_brand","embeddable":true,"href":"https:\/\/dev.mivv.com\/de\/wp-json\/wp\/v2\/product_brand?post=80447"},{"taxonomy":"product_cat","embeddable":true,"href":"https:\/\/dev.mivv.com\/de\/wp-json\/wp\/v2\/product_cat?post=80447"},{"taxonomy":"product_tag","embeddable":true,"href":"https:\/\/dev.mivv.com\/de\/wp-json\/wp\/v2\/product_tag?post=80447"}],"curies":[{"name":"wp","href":"https:\/\/api.w.org\/{rel}","templated":true}]}}