{"id":81075,"date":"2026-04-15T19:17:24","date_gmt":"2026-04-15T17:17:24","guid":{"rendered":"https:\/\/dev.mivv.com\/scarico-moto\/y-064-l4-yamaha-tenere-700-2019-2024\/"},"modified":"2026-04-15T19:17:24","modified_gmt":"2026-04-15T17:17:24","slug":"y-064-l4-yamaha-tenere-700-2019-2024","status":"publish","type":"product","link":"https:\/\/dev.mivv.com\/de\/product\/y-064-l4-yamaha-tenere-700-2019-2024\/","title":{"rendered":"Y.064.L4 \u2013 YAMAHA TENERE\u2019 700 2019 > 2024"},"content":{"rendered":"<p>Der zur <strong>\u00c4sthetik, Sound und Leistungs-<\/strong>Verbesserungdes Motorrads hergestellte Mivv slip-on, entsteht aus h\u00f6chster Acht auf das Design, mit dem Ziel alle, die <strong>sich<\/strong> auch durch den Look seines eigenen Motorrads <strong>auszeichnen<\/strong> wollen, zu befriedigen.<\/p>\n<p>Der Auspuff OVAL passt sich perfekt jedem Motorrad an. Dieser mit gro\u00dfer Liebe f\u00fcrs Detail entwickelte Endschalld\u00e4mpfer stellt den bestm\u00f6glichen Kompromiss zwischen <strong>Design<\/strong> und <strong>Leistung<\/strong> dar. <\/p>\n<p>Der Endschalld\u00e4mpfer wurde mit K\u00f6rper aus Titan gefertigt; dieses Material verleiht dem Endschalld\u00e4mpfer Leichtigkeit und Exklusivit\u00e4t.<\/p>\n","protected":false},"excerpt":{"rendered":"<p>Zur Leistungsverbesserung empfehlen wir ein neues Mapping des Steuerger\u00e4ts. Zur weiteren Info lesen Sie die technische Beschreibung unter dem Doku-K\u00e4stchen.<\/p>\n","protected":false},"featured_media":62683,"template":"","meta":{"_acf_changed":false},"product_brand":[21434,21433,21384],"product_cat":[699],"product_tag":[],"class_list":{"0":"post-81075","1":"product","2":"type-product","3":"status-publish","4":"has-post-thumbnail","6":"product_brand-2019-tenere-700","7":"product_brand-tenere-700","8":"product_brand-yamaha","9":"product_cat-slip-on","11":"first","12":"instock","13":"shipping-taxable","14":"product-type-simple"},"acf":[],"_links":{"self":[{"href":"https:\/\/dev.mivv.com\/de\/wp-json\/wp\/v2\/product\/81075","targetHints":{"allow":["GET"]}}],"collection":[{"href":"https:\/\/dev.mivv.com\/de\/wp-json\/wp\/v2\/product"}],"about":[{"href":"https:\/\/dev.mivv.com\/de\/wp-json\/wp\/v2\/types\/product"}],"wp:featuredmedia":[{"embeddable":true,"href":"https:\/\/dev.mivv.com\/de\/wp-json\/wp\/v2\/media\/62683"}],"wp:attachment":[{"href":"https:\/\/dev.mivv.com\/de\/wp-json\/wp\/v2\/media?parent=81075"}],"wp:term":[{"taxonomy":"product_brand","embeddable":true,"href":"https:\/\/dev.mivv.com\/de\/wp-json\/wp\/v2\/product_brand?post=81075"},{"taxonomy":"product_cat","embeddable":true,"href":"https:\/\/dev.mivv.com\/de\/wp-json\/wp\/v2\/product_cat?post=81075"},{"taxonomy":"product_tag","embeddable":true,"href":"https:\/\/dev.mivv.com\/de\/wp-json\/wp\/v2\/product_tag?post=81075"}],"curies":[{"name":"wp","href":"https:\/\/api.w.org\/{rel}","templated":true}]}}