{"id":81740,"date":"2026-04-15T19:21:11","date_gmt":"2026-04-15T17:21:11","guid":{"rendered":"https:\/\/dev.mivv.com\/scarico-moto\/kt-025-c2-ktm-rc-390-2021-2024\/"},"modified":"2026-04-15T19:21:11","modified_gmt":"2026-04-15T17:21:11","slug":"kt-025-c2-ktm-rc-390-2021-2024","status":"publish","type":"product","link":"https:\/\/dev.mivv.com\/de\/product\/kt-025-c2-ktm-rc-390-2021-2024\/","title":{"rendered":"KT.025.C2 \u2013 KTM RC 390 2021 > 2024"},"content":{"rendered":"<p>Die optionalen Ersatz-Katalysator- Rohre aus Edelstahl bieten eine Verbesserung der Leistung vor allem in Kombination mit dem Slip-On-Schalld\u00e4mpfer von Mivv. Dieses Produkt bringt eine eindeutige Verbesserung f\u00fcr Ihr Motorrad, versch\u00f6nert das Design und verleiht einen einzigartigen Sound. Dieses Produkt verf\u00fcgt \u00fcber keine ABE nach geltenden Normen f\u00fcr den Einsatz des Motorrads im Stra\u00dfenverkehr.<\/p>\n","protected":false},"excerpt":{"rendered":"<p>No-kat Rohr (passend mit MIVV Schalld\u00e4mpfern und mit dem Original)<\/p>\n","protected":false},"featured_media":29384,"template":"","meta":{"_acf_changed":false},"product_brand":[21051,20972,21048],"product_cat":[795],"product_tag":[],"class_list":{"0":"post-81740","1":"product","2":"type-product","3":"status-publish","4":"has-post-thumbnail","6":"product_brand-2021-rc-390","7":"product_brand-ktm","8":"product_brand-rc-390","9":"product_cat-kat-ersatzrohr","11":"first","12":"instock","13":"shipping-taxable","14":"product-type-simple"},"acf":[],"_links":{"self":[{"href":"https:\/\/dev.mivv.com\/de\/wp-json\/wp\/v2\/product\/81740","targetHints":{"allow":["GET"]}}],"collection":[{"href":"https:\/\/dev.mivv.com\/de\/wp-json\/wp\/v2\/product"}],"about":[{"href":"https:\/\/dev.mivv.com\/de\/wp-json\/wp\/v2\/types\/product"}],"wp:featuredmedia":[{"embeddable":true,"href":"https:\/\/dev.mivv.com\/de\/wp-json\/wp\/v2\/media\/29384"}],"wp:attachment":[{"href":"https:\/\/dev.mivv.com\/de\/wp-json\/wp\/v2\/media?parent=81740"}],"wp:term":[{"taxonomy":"product_brand","embeddable":true,"href":"https:\/\/dev.mivv.com\/de\/wp-json\/wp\/v2\/product_brand?post=81740"},{"taxonomy":"product_cat","embeddable":true,"href":"https:\/\/dev.mivv.com\/de\/wp-json\/wp\/v2\/product_cat?post=81740"},{"taxonomy":"product_tag","embeddable":true,"href":"https:\/\/dev.mivv.com\/de\/wp-json\/wp\/v2\/product_tag?post=81740"}],"curies":[{"name":"wp","href":"https:\/\/api.w.org\/{rel}","templated":true}]}}