{"id":82027,"date":"2026-04-15T19:23:49","date_gmt":"2026-04-15T17:23:49","guid":{"rendered":"https:\/\/dev.mivv.com\/scarico-moto\/re-001-lx1-royal-enfield-scram-411-2022-2024\/"},"modified":"2026-04-15T19:23:49","modified_gmt":"2026-04-15T17:23:49","slug":"re-001-lx1-royal-enfield-scram-411-2022-2024","status":"publish","type":"product","link":"https:\/\/dev.mivv.com\/de\/product\/re-001-lx1-royal-enfield-scram-411-2022-2024\/","title":{"rendered":"RE.001.LX1- ROYAL ENFIELD SCRAM 411 2022 > 2024"},"content":{"rendered":"<p>Der zur <strong>\u00c4sthetik, Sound und Leistungs-<\/strong>Verbesserungdes Motorrads hergestellte Mivv slip-on, entsteht aus h\u00f6chster Acht auf das Design, mit dem Ziel alle, die <strong>sich<\/strong> auch durch den Look seines eigenen Motorrads <strong>auszeichnen<\/strong> wollen, zu befriedigen.<\/p>\n<p>Der Auspuff OVAL passt sich perfekt jedem Motorrad an. Dieser mit gro\u00dfer Liebe f\u00fcrs Detail entwickelte Endschalld\u00e4mpfer stellt den bestm\u00f6glichen Kompromiss zwischen <strong>Design<\/strong> und <strong>Leistung<\/strong> dar. <\/p>\n<p>Der Endschalld\u00e4mpfer wurde mit dem K\u00f6rper aus <strong>geb\u00fcrstetem<\/strong> Edelstahl gefertigt. Dieses Material verleiht dem D\u00e4mpfer die klassische <strong>nat\u00fcrliche<\/strong> Edelstahl-<strong>Verarbeitung.<\/strong><\/p>\n","protected":false},"excerpt":{"rendered":"<p>ABE- ANLAGE NUR MIT KATALYSATOR ACC.041.A1 EINGEBAUT. NICHT KOMPATIBEL MIT EURO 5+ FAHRZEUGEN, DIE MIT EINER LAMBDASONDE NACH DEM KATALYSATOR AUSGESTATTET SIND.<\/p>\n","protected":false},"featured_media":62581,"template":"","meta":{"_acf_changed":false},"product_brand":[21210,21201,21209],"product_cat":[699],"product_tag":[],"class_list":{"0":"post-82027","1":"product","2":"type-product","3":"status-publish","4":"has-post-thumbnail","6":"product_brand-2022-scram-411","7":"product_brand-royal-enfield","8":"product_brand-scram-411","9":"product_cat-slip-on","11":"first","12":"instock","13":"shipping-taxable","14":"product-type-simple"},"acf":[],"_links":{"self":[{"href":"https:\/\/dev.mivv.com\/de\/wp-json\/wp\/v2\/product\/82027","targetHints":{"allow":["GET"]}}],"collection":[{"href":"https:\/\/dev.mivv.com\/de\/wp-json\/wp\/v2\/product"}],"about":[{"href":"https:\/\/dev.mivv.com\/de\/wp-json\/wp\/v2\/types\/product"}],"wp:featuredmedia":[{"embeddable":true,"href":"https:\/\/dev.mivv.com\/de\/wp-json\/wp\/v2\/media\/62581"}],"wp:attachment":[{"href":"https:\/\/dev.mivv.com\/de\/wp-json\/wp\/v2\/media?parent=82027"}],"wp:term":[{"taxonomy":"product_brand","embeddable":true,"href":"https:\/\/dev.mivv.com\/de\/wp-json\/wp\/v2\/product_brand?post=82027"},{"taxonomy":"product_cat","embeddable":true,"href":"https:\/\/dev.mivv.com\/de\/wp-json\/wp\/v2\/product_cat?post=82027"},{"taxonomy":"product_tag","embeddable":true,"href":"https:\/\/dev.mivv.com\/de\/wp-json\/wp\/v2\/product_tag?post=82027"}],"curies":[{"name":"wp","href":"https:\/\/api.w.org\/{rel}","templated":true}]}}