{"id":83994,"date":"2026-04-15T19:45:16","date_gmt":"2026-04-15T17:45:16","guid":{"rendered":"https:\/\/dev.mivv.com\/scarico-moto\/y-064-ldkb-yamaha-tenere-700-2025-2026\/"},"modified":"2026-04-15T19:45:16","modified_gmt":"2026-04-15T17:45:16","slug":"y-064-ldkb-yamaha-tenere-700-2025-2026","status":"publish","type":"product","link":"https:\/\/dev.mivv.com\/de\/product\/y-064-ldkb-yamaha-tenere-700-2025-2026\/","title":{"rendered":"Y.064.LDKB \u2013 YAMAHA TENERE\u2019 700 2025 >2026"},"content":{"rendered":"<p>Der zur <strong>\u00c4sthetik, Sound und Leistungs-<\/strong>Verbesserungdes Motorrads hergestellte Mivv slip-on, entsteht aus h\u00f6chster Acht auf das Design, mit dem Ziel alle, die <strong>sich<\/strong> auch durch den Look seines eigenen Motorrads <strong>auszeichnen<\/strong> wollen, zu befriedigen.<\/p>\n<p>Das Dakar Projekt ist das Ergebnis der Erfahrung unserer R&#038; D Abteilung im Bereich der <strong>Rally-Wettk\u00e4mpfe<\/strong>.<\/p>\n<p>Das Resultat ist ein <strong>einfacher aber robuster D\u00e4mpfer<\/strong>, der f\u00fcr diejenigen bestimmt ist, die ein <strong>anspruchsvolleres<\/strong> off road Rennen bevorzugen.<\/p>\n<p>Die\u00a0<strong>Black<\/strong>-Version zeichnet sich durch einen Schalld\u00e4mpfer aus schwarzem 304 Edelstahl mit einem\u00a0<strong>&#8222;Black Moon&#8220;<\/strong>\u00a0\u2013 Effekt aus. Der Effekt wird dank eines Sonderlackierungsprozesses mit <strong>Keramik<\/strong> erreicht.<\/p>\n","protected":false},"excerpt":{"rendered":"<p>Nicht kompatibel mit Original-Kennzeichenhalter und Blinker. Das passt nicht zu den Seitenkoffern. Das passt zur Soziusfu\u00dfraste. Zur Leistungsverbesserung empfehlen wir ein neues Mapping des Steuerger\u00e4ts. Zur weiteren Info lesen Sie die technische Beschreibung unter dem Doku-K\u00e4stchen.<\/p>\n","protected":false},"featured_media":64431,"template":"","meta":{"_acf_changed":false},"product_brand":[21435,21433,21384],"product_cat":[699],"product_tag":[],"class_list":{"0":"post-83994","1":"product","2":"type-product","3":"status-publish","4":"has-post-thumbnail","6":"product_brand-2025-tenere-700","7":"product_brand-tenere-700","8":"product_brand-yamaha","9":"product_cat-slip-on","11":"first","12":"instock","13":"shipping-taxable","14":"product-type-simple"},"acf":[],"_links":{"self":[{"href":"https:\/\/dev.mivv.com\/de\/wp-json\/wp\/v2\/product\/83994","targetHints":{"allow":["GET"]}}],"collection":[{"href":"https:\/\/dev.mivv.com\/de\/wp-json\/wp\/v2\/product"}],"about":[{"href":"https:\/\/dev.mivv.com\/de\/wp-json\/wp\/v2\/types\/product"}],"wp:featuredmedia":[{"embeddable":true,"href":"https:\/\/dev.mivv.com\/de\/wp-json\/wp\/v2\/media\/64431"}],"wp:attachment":[{"href":"https:\/\/dev.mivv.com\/de\/wp-json\/wp\/v2\/media?parent=83994"}],"wp:term":[{"taxonomy":"product_brand","embeddable":true,"href":"https:\/\/dev.mivv.com\/de\/wp-json\/wp\/v2\/product_brand?post=83994"},{"taxonomy":"product_cat","embeddable":true,"href":"https:\/\/dev.mivv.com\/de\/wp-json\/wp\/v2\/product_cat?post=83994"},{"taxonomy":"product_tag","embeddable":true,"href":"https:\/\/dev.mivv.com\/de\/wp-json\/wp\/v2\/product_tag?post=83994"}],"curies":[{"name":"wp","href":"https:\/\/api.w.org\/{rel}","templated":true}]}}