{"id":84260,"date":"2026-04-15T19:46:45","date_gmt":"2026-04-15T17:46:45","guid":{"rendered":"https:\/\/dev.mivv.com\/scarico-moto\/sy-004-lvc-sym-adx-tg-400-2025-2026\/"},"modified":"2026-04-15T19:46:45","modified_gmt":"2026-04-15T17:46:45","slug":"sy-004-lvc-sym-adx-tg-400-2025-2026","status":"publish","type":"product","link":"https:\/\/dev.mivv.com\/de\/product\/sy-004-lvc-sym-adx-tg-400-2025-2026\/","title":{"rendered":"SY.004.LVC &#8211; SYM ADX TG 400 2025 > 2026"},"content":{"rendered":"<p>Der zur <strong>\u00c4sthetik, Sound und Leistungs-<\/strong>Verbesserungdes Motorrads hergestellte Mivv slip-on, entsteht aus h\u00f6chster Acht auf das Design, mit dem Ziel alle, die <strong>sich<\/strong> auch durch den Look seines eigenen Motorrads <strong>auszeichnen<\/strong> wollen, zu befriedigen.<\/p>\n<p>Der Auspuff OVAL passt sich perfekt jedem Motorrad an. Dieser mit gro\u00dfer Liebe f\u00fcrs Detail entwickelte Endschalld\u00e4mpfer stellt den bestm\u00f6glichen Kompromiss zwischen <strong>Design<\/strong> und <strong>Leistung<\/strong> dar. <\/p>\n<p>Der Zentralk\u00f6rper wurde aus schwarzem Edelstahl mit geb\u00fcrsteten Effekt <strong>\u201eBlack Satin\u201c<\/strong> gefertigt. Der Effekt wurde durch ein spezielles Lackierverfahren erzielt. Diese Bearbeitung verleiht dem Produkt einen <strong>aggressiveren<\/strong> Look.<\/p>\n","protected":false},"excerpt":{"rendered":"<p>HITZESCHILD AUS SCHWARZEM STAHL ENTHALTEN. ZULASSUNG NUR WENN NACHR\u00dcSTKAT ACC.077.A1 MONTIERT WIRD. Der Einbau dieser Abgasanlage ohne Katalysator und switch-off key kann zum Aufleuchten der Motorwarnleuchte f\u00fchren. Abnehmbarer Katalysator ACC.077.A1 als Option erh\u00e4ltlich<\/p>\n","protected":false},"featured_media":62926,"template":"","meta":{"_acf_changed":false},"product_brand":[21332,21331,21330],"product_cat":[699],"product_tag":[],"class_list":{"0":"post-84260","1":"product","2":"type-product","3":"status-publish","4":"has-post-thumbnail","6":"product_brand-2025-2026-11499","7":"product_brand-adx-tg-400","8":"product_brand-sym","9":"product_cat-slip-on","11":"first","12":"instock","13":"shipping-taxable","14":"product-type-simple"},"acf":[],"_links":{"self":[{"href":"https:\/\/dev.mivv.com\/de\/wp-json\/wp\/v2\/product\/84260","targetHints":{"allow":["GET"]}}],"collection":[{"href":"https:\/\/dev.mivv.com\/de\/wp-json\/wp\/v2\/product"}],"about":[{"href":"https:\/\/dev.mivv.com\/de\/wp-json\/wp\/v2\/types\/product"}],"wp:featuredmedia":[{"embeddable":true,"href":"https:\/\/dev.mivv.com\/de\/wp-json\/wp\/v2\/media\/62926"}],"wp:attachment":[{"href":"https:\/\/dev.mivv.com\/de\/wp-json\/wp\/v2\/media?parent=84260"}],"wp:term":[{"taxonomy":"product_brand","embeddable":true,"href":"https:\/\/dev.mivv.com\/de\/wp-json\/wp\/v2\/product_brand?post=84260"},{"taxonomy":"product_cat","embeddable":true,"href":"https:\/\/dev.mivv.com\/de\/wp-json\/wp\/v2\/product_cat?post=84260"},{"taxonomy":"product_tag","embeddable":true,"href":"https:\/\/dev.mivv.com\/de\/wp-json\/wp\/v2\/product_tag?post=84260"}],"curies":[{"name":"wp","href":"https:\/\/api.w.org\/{rel}","templated":true}]}}