{"id":84890,"date":"2026-04-15T19:50:37","date_gmt":"2026-04-15T17:50:37","guid":{"rendered":"https:\/\/dev.mivv.com\/scarico-moto\/y-078-k3k-yamaha-mt-09-sp-fz-09-2024-2026\/"},"modified":"2026-04-15T19:50:37","modified_gmt":"2026-04-15T17:50:37","slug":"y-078-k3k-yamaha-mt-09-sp-fz-09-2024-2026","status":"publish","type":"product","link":"https:\/\/dev.mivv.com\/de\/product\/y-078-k3k-yamaha-mt-09-sp-fz-09-2024-2026\/","title":{"rendered":"Y.078.K3K &#8211; YAMAHA MT-09\/ SP \/ FZ-09 2024 > 2026"},"content":{"rendered":"","protected":false},"excerpt":{"rendered":"<p>KARBON-W\u00c4RMEABDECKUNG ENTHALTEN. Katalysator ACC.099.A1 enthalten. Zugelassen gem\u00e4\u00df E5+ (Reg.EC-EU 134\/2014). Nach dem Einbau dieser Abgasanlage kann die Motorwarnleuchte (MIL) aufleuchten. In diesem Fall kann das Problem durch den optionalen Einbau des Switch-Off Key behoben werden. Weitere Informationen finden Sie im Abschnitt \u201cOptionale Teile\u201d.<\/p>\n","protected":false},"featured_media":66051,"template":"","meta":{"_acf_changed":false},"product_brand":[21410,21407,21384],"product_cat":[682],"product_tag":[],"class_list":{"0":"post-84890","1":"product","2":"type-product","3":"status-publish","4":"has-post-thumbnail","6":"product_brand-2024-2026-637","7":"product_brand-mt-09-sp-fz-09","8":"product_brand-yamaha","9":"product_cat-komplette-auspuffanlage","11":"first","12":"instock","13":"shipping-taxable","14":"product-type-simple"},"acf":[],"_links":{"self":[{"href":"https:\/\/dev.mivv.com\/de\/wp-json\/wp\/v2\/product\/84890","targetHints":{"allow":["GET"]}}],"collection":[{"href":"https:\/\/dev.mivv.com\/de\/wp-json\/wp\/v2\/product"}],"about":[{"href":"https:\/\/dev.mivv.com\/de\/wp-json\/wp\/v2\/types\/product"}],"wp:featuredmedia":[{"embeddable":true,"href":"https:\/\/dev.mivv.com\/de\/wp-json\/wp\/v2\/media\/66051"}],"wp:attachment":[{"href":"https:\/\/dev.mivv.com\/de\/wp-json\/wp\/v2\/media?parent=84890"}],"wp:term":[{"taxonomy":"product_brand","embeddable":true,"href":"https:\/\/dev.mivv.com\/de\/wp-json\/wp\/v2\/product_brand?post=84890"},{"taxonomy":"product_cat","embeddable":true,"href":"https:\/\/dev.mivv.com\/de\/wp-json\/wp\/v2\/product_cat?post=84890"},{"taxonomy":"product_tag","embeddable":true,"href":"https:\/\/dev.mivv.com\/de\/wp-json\/wp\/v2\/product_tag?post=84890"}],"curies":[{"name":"wp","href":"https:\/\/api.w.org\/{rel}","templated":true}]}}