{"id":85107,"date":"2026-04-15T19:52:12","date_gmt":"2026-04-15T17:52:12","guid":{"rendered":"https:\/\/dev.mivv.com\/scarico-moto\/y-082-kdrb-yamaha-xsr-900-gp-2025-2026\/"},"modified":"2026-04-15T19:52:12","modified_gmt":"2026-04-15T17:52:12","slug":"y-082-kdrb-yamaha-xsr-900-gp-2025-2026","status":"publish","type":"product","link":"https:\/\/dev.mivv.com\/de\/product\/y-082-kdrb-yamaha-xsr-900-gp-2025-2026\/","title":{"rendered":"Y.082.KDRB &#8211; YAMAHA XSR 900 \/ GP 2025 > 2026"},"content":{"rendered":"<p>Der zur <strong>\u00c4sthetik, Sound und Leistungs-<\/strong>Verbesserungdes Motorrads hergestellte Mivv slip-on, entsteht aus h\u00f6chster Acht auf das Design, mit dem Ziel alle, die <strong>sich<\/strong> auch durch den Look seines eigenen Motorrads <strong>auszeichnen<\/strong> wollen, zu befriedigen.<\/p>\n<p>Der DELTA RACE Auspuff zeichnet sich durch eine <strong>exklusive Form<\/strong> aus, die mittels einer allm\u00e4hlichen Umwandlung von einer konischen zu einer <strong>sechseckigen Form wird<\/strong>. Es gibt viele Details, die dessen Stil einzigartig machen; die Kappe aus 3K twill Carbon, die <strong>doppelt genietete<\/strong> umfassende Schelle, die fest gefertigte Eingangsbuchse, um die beste Kupplungsgenauigkeit anzubieten. Auf dem Endschalld\u00e4mpfer erscheint das durch die Laser-Technologie hergestellte typische Mivv Logo.<\/p>\n<p>Das zeichnet sich durch einen Zentralk\u00f6rper aus schwarzem Edelstahl mit einem <strong>\u201cBlack Moon\u201c<\/strong>-Effekt aus. Das wird dank eines Sonderlackierungsprozesses mit Keramik erreicht, der dem Produkt einen <strong>aggressiveren Look verleiht.<\/strong><\/p>\n","protected":false},"excerpt":{"rendered":"<p>KARBON-W\u00c4RMEABDECKUNG ENTHALTEN. Katalysator ACC.099.A1 enthalten. Zugelassen gem\u00e4\u00df E5+ (Reg.EC-EU 134\/2014). Nach dem Einbau dieser Abgasanlage kann die Motorwarnleuchte (MIL) aufleuchten. In diesem Fall kann das Problem durch den optionalen Einbau des Switch-Off Key behoben werden. Weitere Informationen finden Sie im Abschnitt \u201cOptionale Teile\u201d.<\/p>\n","protected":false},"featured_media":19196,"template":"","meta":{"_acf_changed":false},"product_brand":[21475,21473,21384],"product_cat":[682],"product_tag":[],"class_list":{"0":"post-85107","1":"product","2":"type-product","3":"status-publish","4":"has-post-thumbnail","6":"product_brand-2025-2026-11329","7":"product_brand-xsr-900-gp","8":"product_brand-yamaha","9":"product_cat-komplette-auspuffanlage","11":"first","12":"instock","13":"shipping-taxable","14":"product-type-simple"},"acf":[],"_links":{"self":[{"href":"https:\/\/dev.mivv.com\/de\/wp-json\/wp\/v2\/product\/85107","targetHints":{"allow":["GET"]}}],"collection":[{"href":"https:\/\/dev.mivv.com\/de\/wp-json\/wp\/v2\/product"}],"about":[{"href":"https:\/\/dev.mivv.com\/de\/wp-json\/wp\/v2\/types\/product"}],"wp:featuredmedia":[{"embeddable":true,"href":"https:\/\/dev.mivv.com\/de\/wp-json\/wp\/v2\/media\/19196"}],"wp:attachment":[{"href":"https:\/\/dev.mivv.com\/de\/wp-json\/wp\/v2\/media?parent=85107"}],"wp:term":[{"taxonomy":"product_brand","embeddable":true,"href":"https:\/\/dev.mivv.com\/de\/wp-json\/wp\/v2\/product_brand?post=85107"},{"taxonomy":"product_cat","embeddable":true,"href":"https:\/\/dev.mivv.com\/de\/wp-json\/wp\/v2\/product_cat?post=85107"},{"taxonomy":"product_tag","embeddable":true,"href":"https:\/\/dev.mivv.com\/de\/wp-json\/wp\/v2\/product_tag?post=85107"}],"curies":[{"name":"wp","href":"https:\/\/api.w.org\/{rel}","templated":true}]}}