{"id":96753,"date":"2026-04-21T14:09:43","date_gmt":"2026-04-21T12:09:43","guid":{"rendered":"https:\/\/dev.mivv.com\/scarico-moto\/h-072-l2p-honda-cb-650-r-2019-2023\/"},"modified":"2026-04-21T14:09:43","modified_gmt":"2026-04-21T12:09:43","slug":"h-072-l2p-honda-cb-650-r-2019-2023","status":"publish","type":"product","link":"https:\/\/dev.mivv.com\/de\/product\/h-072-l2p-honda-cb-650-r-2019-2023\/","title":{"rendered":"H.072.L2P \u2013 HONDA CB 650 R 2019 > 2023"},"content":{"rendered":"<p>Der zur <strong>\u00c4sthetik, Sound und Leistungs-<\/strong>Verbesserungdes Motorrads hergestellte Mivv slip-on, entsteht aus h\u00f6chster Acht auf das Design, mit dem Ziel alle, die <strong>sich<\/strong> auch durch den Look seines eigenen Motorrads <strong>auszeichnen<\/strong> wollen, zu befriedigen.<\/p>\n<p>Das GP PRO zeigt eine <strong>TIG-halb handgefertigte Schwei\u00dfung<\/strong>, ein Kompaktes und <strong>wesentliches Design und einen aggressiven Sound<\/strong> auf. Das von der <strong>Wettbewerbswelt<\/strong> inspirierte Ausgangsauspuffrohr ist mit einer <strong>abnehmbaren Schutzgitter<\/strong> ausgestattet, die den dB-killer verbirgt. Auf dem Endschalld\u00e4mpfer erscheint das durch die Laser-Technologie hergestellte typische Mivv Logo.<\/p>\n<p>Das zeichnet sich durch einen Hauptk\u00f6rper aus <strong>Carbon<\/strong> mit <strong>einer gl\u00e4nzenden Verarbeitung<\/strong> aus; das <strong>ideale Produkt f\u00fcr diejenigen, die das Beste an Look und Technologie verlangen.<\/strong><\/p>\n","protected":false},"excerpt":{"rendered":"<p>Zulassung nur wenn Nachr\u00fcstkat ACC.045.A1 montiert wird. Zur Leistungsverbesserung empfehlen wir ein neues Mapping des Steuerger\u00e4ts. Zur weiteren Info lesen Sie die technische Beschreibung unter dem Doku-K\u00e4stchen.<\/p>\n","protected":false},"featured_media":25358,"template":"","meta":{"_acf_changed":false},"product_brand":[24036,24029,23847],"product_cat":[682],"product_tag":[],"class_list":{"0":"post-96753","1":"product","2":"type-product","3":"status-publish","4":"has-post-thumbnail","6":"product_brand-2019-cb-650-r","7":"product_brand-cb-650-r","8":"product_brand-honda","9":"product_cat-komplette-auspuffanlage","11":"first","12":"instock","13":"shipping-taxable","14":"product-type-simple"},"acf":[],"_links":{"self":[{"href":"https:\/\/dev.mivv.com\/de\/wp-json\/wp\/v2\/product\/96753","targetHints":{"allow":["GET"]}}],"collection":[{"href":"https:\/\/dev.mivv.com\/de\/wp-json\/wp\/v2\/product"}],"about":[{"href":"https:\/\/dev.mivv.com\/de\/wp-json\/wp\/v2\/types\/product"}],"wp:featuredmedia":[{"embeddable":true,"href":"https:\/\/dev.mivv.com\/de\/wp-json\/wp\/v2\/media\/25358"}],"wp:attachment":[{"href":"https:\/\/dev.mivv.com\/de\/wp-json\/wp\/v2\/media?parent=96753"}],"wp:term":[{"taxonomy":"product_brand","embeddable":true,"href":"https:\/\/dev.mivv.com\/de\/wp-json\/wp\/v2\/product_brand?post=96753"},{"taxonomy":"product_cat","embeddable":true,"href":"https:\/\/dev.mivv.com\/de\/wp-json\/wp\/v2\/product_cat?post=96753"},{"taxonomy":"product_tag","embeddable":true,"href":"https:\/\/dev.mivv.com\/de\/wp-json\/wp\/v2\/product_tag?post=96753"}],"curies":[{"name":"wp","href":"https:\/\/api.w.org\/{rel}","templated":true}]}}