{"id":97992,"date":"2026-04-21T14:19:45","date_gmt":"2026-04-21T12:19:45","guid":{"rendered":"https:\/\/dev.mivv.com\/scarico-moto\/r-du-0006-sm3c-ducati-panigale-v4-2018-2022\/"},"modified":"2026-04-21T14:19:45","modified_gmt":"2026-04-21T12:19:45","slug":"r-du-0006-sm3c-ducati-panigale-v4-2018-2022","status":"publish","type":"product","link":"https:\/\/dev.mivv.com\/de\/product\/r-du-0006-sm3c-ducati-panigale-v4-2018-2022\/","title":{"rendered":"R.DU.0006.SM3C \u2013 DUCATI PANIGALE V4 2018 > 2022"},"content":{"rendered":"<p>Die <strong>kompletten Auspuffanlagen<\/strong> stellen das \u201eHighlight\u201c der <strong>Mivv-Technologie<\/strong> dar. Jedes einzelne Produkt wird auf unseren Pr\u00fcfst\u00e4nden getestet, wobei der Motorleistung besondere Aufmerksamkeit gilt um die bestm\u00f6gliche <strong>Performance<\/strong> zu erzielen.<\/p>\n<p>Die <strong>EVO<\/strong> Linie, die f\u00fcr die Racing Welt bestimmt ist, ist die <strong>pr\u00e4chtige Linie<\/strong> der Mivv kompletten Auspuffsysteme. Die wurde entwickelt, um die Anforderungen der verschiedenen <strong>Teams<\/strong> im Rennsport zu erf\u00fcllen. Die Version Evo wurde u.a. mit in der MotoGP gesammelten Erfahrungen entwickelt und wird komplett aus <strong>Titan<\/strong> Grad 1 hergestellt. S\u00e4mtliche Schwei\u00dfverbindungen der einzelnen Komponenten wurden ausschlie\u00dflich mit dem TIG-Verfahren hergestellt.<\/p>\n<p>Die <strong>Vorteile<\/strong> unserer kompletten Auspuffanlagen: Maximum an <strong>Leistung<\/strong>; Materialien mit h\u00f6chster Zuverl\u00e4ssigkeit; <strong>Gewichtsersparnis; Einfache<\/strong> Montage.<\/p>\n","protected":false},"excerpt":{"rendered":"<p>KEINE ABE-ANLAGEZur Leistungsverbesserung empfehlen wir ein neues Mapping des Steuerger\u00e4ts. Mappingskonfiguration in K\u00fcrze erh\u00e4ltlichGer\u00e4uschemissionen mit db Killer:109 db (A) @5500 U\/min<\/p>\n","protected":false},"featured_media":9734,"template":"","meta":{"_acf_changed":false},"product_brand":[23392,22769,23385],"product_cat":[980],"product_tag":[],"class_list":{"0":"post-97992","1":"product","2":"type-product","3":"status-publish","4":"has-post-thumbnail","6":"product_brand-2018-panigale-v4","7":"product_brand-ducati","8":"product_brand-panigale-v4","9":"product_cat-komplette-auspuffanlage-evo","11":"first","12":"instock","13":"shipping-taxable","14":"product-type-simple"},"acf":[],"_links":{"self":[{"href":"https:\/\/dev.mivv.com\/de\/wp-json\/wp\/v2\/product\/97992","targetHints":{"allow":["GET"]}}],"collection":[{"href":"https:\/\/dev.mivv.com\/de\/wp-json\/wp\/v2\/product"}],"about":[{"href":"https:\/\/dev.mivv.com\/de\/wp-json\/wp\/v2\/types\/product"}],"wp:featuredmedia":[{"embeddable":true,"href":"https:\/\/dev.mivv.com\/de\/wp-json\/wp\/v2\/media\/9734"}],"wp:attachment":[{"href":"https:\/\/dev.mivv.com\/de\/wp-json\/wp\/v2\/media?parent=97992"}],"wp:term":[{"taxonomy":"product_brand","embeddable":true,"href":"https:\/\/dev.mivv.com\/de\/wp-json\/wp\/v2\/product_brand?post=97992"},{"taxonomy":"product_cat","embeddable":true,"href":"https:\/\/dev.mivv.com\/de\/wp-json\/wp\/v2\/product_cat?post=97992"},{"taxonomy":"product_tag","embeddable":true,"href":"https:\/\/dev.mivv.com\/de\/wp-json\/wp\/v2\/product_tag?post=97992"}],"curies":[{"name":"wp","href":"https:\/\/api.w.org\/{rel}","templated":true}]}}