{"id":98125,"date":"2026-04-21T14:20:43","date_gmt":"2026-04-21T12:20:43","guid":{"rendered":"https:\/\/dev.mivv.com\/scarico-moto\/a-013-ldrc-aprilia-rs-660-2020-2024\/"},"modified":"2026-04-21T14:20:43","modified_gmt":"2026-04-21T12:20:43","slug":"a-013-ldrc-aprilia-rs-660-2020-2024","status":"publish","type":"product","link":"https:\/\/dev.mivv.com\/de\/product\/a-013-ldrc-aprilia-rs-660-2020-2024\/","title":{"rendered":"A.013.LDRC \u2013 APRILIA RS 660 2020 > 2024"},"content":{"rendered":"<p>Der zur <strong>\u00c4sthetik, Sound und Leistungs-<\/strong>Verbesserungdes Motorrads hergestellte Mivv slip-on, entsteht aus h\u00f6chster Acht auf das Design, mit dem Ziel alle, die <strong>sich<\/strong> auch durch den Look seines eigenen Motorrads <strong>auszeichnen<\/strong> wollen, zu befriedigen.<\/p>\n<p>Der DELTA RACE Auspuff zeichnet sich durch eine <strong>exklusive Form<\/strong> aus, die mittels einer allm\u00e4hlichen Umwandlung von einer konischen zu einer <strong>sechseckigen Form wird<\/strong>. Es gibt viele Details, die dessen Stil einzigartig machen; die Kappe aus 3K twill Carbon, die <strong>doppelt genietete<\/strong> umfassende Schelle, die fest gefertigte Eingangsbuchse, um die beste Kupplungsgenauigkeit anzubieten. Auf dem Endschalld\u00e4mpfer erscheint das durch die Laser-Technologie hergestellte typische Mivv Logo.<\/p>\n<p>Das zeichnet sich durch einen Hauptk\u00f6rper aus\u00a0Carbon\u00a0mit\u00a0<strong>einer gl\u00e4nzenden Verarbeitung<\/strong>\u00a0aus; das\u00a0<strong>ideale Produkt f\u00fcr diejenigen, die das Beste an Look und Technologie verlangen.<\/strong><\/p>\n","protected":false},"excerpt":{"rendered":"<p>EURO 5 Zulassung nur wenn Nachr\u00fcstkat ACC.045.A1 montiert wird. Zur Leistungsverbesserung empfehlen wir ein neues Mapping des Steuerger\u00e4ts. Zur weiteren Info lesen Sie die technische Beschreibung unter dem Doku-K\u00e4stchen. NICHT KOMPATIBEL MIT EURO 5+ FAHRZEUGEN, DIE MIT EINER LAMBDASONDE NACH DEM KATALYSATOR AUSGESTATTET SIND.<\/p>\n","protected":false},"featured_media":5684,"template":"","meta":{"_acf_changed":false},"product_brand":[21663,21565,21656],"product_cat":[822],"product_tag":[],"class_list":{"0":"post-98125","1":"product","2":"type-product","3":"status-publish","4":"has-post-thumbnail","6":"product_brand-2020-2021-rs-660","7":"product_brand-aprilia","8":"product_brand-rs-660","9":"product_cat-komplette-auspuffanlage-steel","11":"first","12":"instock","13":"shipping-taxable","14":"product-type-simple"},"acf":[],"_links":{"self":[{"href":"https:\/\/dev.mivv.com\/de\/wp-json\/wp\/v2\/product\/98125","targetHints":{"allow":["GET"]}}],"collection":[{"href":"https:\/\/dev.mivv.com\/de\/wp-json\/wp\/v2\/product"}],"about":[{"href":"https:\/\/dev.mivv.com\/de\/wp-json\/wp\/v2\/types\/product"}],"wp:featuredmedia":[{"embeddable":true,"href":"https:\/\/dev.mivv.com\/de\/wp-json\/wp\/v2\/media\/5684"}],"wp:attachment":[{"href":"https:\/\/dev.mivv.com\/de\/wp-json\/wp\/v2\/media?parent=98125"}],"wp:term":[{"taxonomy":"product_brand","embeddable":true,"href":"https:\/\/dev.mivv.com\/de\/wp-json\/wp\/v2\/product_brand?post=98125"},{"taxonomy":"product_cat","embeddable":true,"href":"https:\/\/dev.mivv.com\/de\/wp-json\/wp\/v2\/product_cat?post=98125"},{"taxonomy":"product_tag","embeddable":true,"href":"https:\/\/dev.mivv.com\/de\/wp-json\/wp\/v2\/product_tag?post=98125"}],"curies":[{"name":"wp","href":"https:\/\/api.w.org\/{rel}","templated":true}]}}