{"id":98132,"date":"2026-04-21T14:20:47","date_gmt":"2026-04-21T12:20:47","guid":{"rendered":"https:\/\/dev.mivv.com\/scarico-moto\/a-013-lc4t-aprilia-rs-660-2020-2024\/"},"modified":"2026-04-21T14:20:47","modified_gmt":"2026-04-21T12:20:47","slug":"a-013-lc4t-aprilia-rs-660-2020-2024","status":"publish","type":"product","link":"https:\/\/dev.mivv.com\/de\/product\/a-013-lc4t-aprilia-rs-660-2020-2024\/","title":{"rendered":"A.013.LC4T- APRILIA RS 660 2020 > 2024"},"content":{"rendered":"<p>Der zur <strong>\u00c4sthetik, Sound und Leistungs-<\/strong>Verbesserungdes Motorrads hergestellte Mivv slip-on, entsteht aus h\u00f6chster Acht auf das Design, mit dem Ziel alle, die <strong>sich<\/strong> auch durch den Look seines eigenen Motorrads <strong>auszeichnen<\/strong> wollen, zu befriedigen.<\/p>\n<p>Die Mivv <strong>X-M1<\/strong>-Linie , ist das Ergebnis der in der <strong>MotoGP<\/strong>  und <strong>Moto2<\/strong>  Weltmeisterschaften gesammelten Erfahrungen und ist die perfekte Synthese aus <strong>Leistung<\/strong> und <strong>Racing<\/strong>. Mit einem <strong>Design<\/strong>, das den  Auspuffanlagen der Motorradweltmeisterschaft sehr \u00e4hnlich ist, hat der <strong>X-M1<\/strong> Endschalld\u00e4mpfer eine <strong>konische<\/strong> Form, mit  <strong>kompakten<\/strong> Abmessungen, sowie den unverwechselbaren  MIVV-<strong>Sound<\/strong>.<\/p>\n<p>Die <strong>Titanium<\/strong>-Variante  zeichnet sich durch einen Schalld\u00e4mpfer aus Titan Grad 1 Slow mit einem <strong>\u201epearled\u201c<\/strong> Effekt aus. Dieser Effekt wird dank einer speziellen Oberfl\u00e4chenbehandlung erreicht. Ein perfekter<\/p>\n<p><strong>X-M1  (rein) italienischer Stil<\/strong><\/p>\n","protected":false},"excerpt":{"rendered":"<p>EURO 5 Zulassung nur wenn Nachr\u00fcstkat ACC.045.A1 montiert wird. Zur Leistungsverbesserung empfehlen wir ein neues Mapping des Steuerger\u00e4ts. Zur weiteren Info lesen Sie die technische Beschreibung unter dem Doku-K\u00e4stchen. NICHT KOMPATIBEL MIT EURO 5+ FAHRZEUGEN, DIE MIT EINER LAMBDASONDE NACH DEM KATALYSATOR AUSGESTATTET SIND.<\/p>\n","protected":false},"featured_media":5692,"template":"","meta":{"_acf_changed":false},"product_brand":[21663,21565,21656],"product_cat":[822],"product_tag":[],"class_list":{"0":"post-98132","1":"product","2":"type-product","3":"status-publish","4":"has-post-thumbnail","6":"product_brand-2020-2021-rs-660","7":"product_brand-aprilia","8":"product_brand-rs-660","9":"product_cat-komplette-auspuffanlage-steel","11":"first","12":"instock","13":"shipping-taxable","14":"product-type-simple"},"acf":[],"_links":{"self":[{"href":"https:\/\/dev.mivv.com\/de\/wp-json\/wp\/v2\/product\/98132","targetHints":{"allow":["GET"]}}],"collection":[{"href":"https:\/\/dev.mivv.com\/de\/wp-json\/wp\/v2\/product"}],"about":[{"href":"https:\/\/dev.mivv.com\/de\/wp-json\/wp\/v2\/types\/product"}],"wp:featuredmedia":[{"embeddable":true,"href":"https:\/\/dev.mivv.com\/de\/wp-json\/wp\/v2\/media\/5692"}],"wp:attachment":[{"href":"https:\/\/dev.mivv.com\/de\/wp-json\/wp\/v2\/media?parent=98132"}],"wp:term":[{"taxonomy":"product_brand","embeddable":true,"href":"https:\/\/dev.mivv.com\/de\/wp-json\/wp\/v2\/product_brand?post=98132"},{"taxonomy":"product_cat","embeddable":true,"href":"https:\/\/dev.mivv.com\/de\/wp-json\/wp\/v2\/product_cat?post=98132"},{"taxonomy":"product_tag","embeddable":true,"href":"https:\/\/dev.mivv.com\/de\/wp-json\/wp\/v2\/product_tag?post=98132"}],"curies":[{"name":"wp","href":"https:\/\/api.w.org\/{rel}","templated":true}]}}