{"id":98167,"date":"2026-04-21T14:21:04","date_gmt":"2026-04-21T12:21:04","guid":{"rendered":"https:\/\/dev.mivv.com\/scarico-moto\/x-ap-0001-sc4t-aprilia-rs-660-2020-2024\/"},"modified":"2026-04-21T14:21:04","modified_gmt":"2026-04-21T12:21:04","slug":"x-ap-0001-sc4t-aprilia-rs-660-2020-2024","status":"publish","type":"product","link":"https:\/\/dev.mivv.com\/de\/product\/x-ap-0001-sc4t-aprilia-rs-660-2020-2024\/","title":{"rendered":"X.AP.0001.SC4T- APRILIA RS 660 2020 > 2024"},"content":{"rendered":"<p>Die <strong>kompletten Auspuffanlagen<\/strong> stellen das \u201eHighlight\u201c der <strong>Mivv-Technologie<\/strong> dar. Jedes einzelne Produkt wird auf unseren Pr\u00fcfst\u00e4nden getestet, wobei der Motorleistung besondere Aufmerksamkeit gilt um die bestm\u00f6gliche <strong>Performance<\/strong> zu erzielen.<\/p>\n<p>La versione <strong>STEEL<\/strong> \u00e8 la linea di scarichi completi Mivv che si differenzia rispetto alla Evo solo per il tipo di <strong>materiale<\/strong> utilizzato. Infatti sono realizzati <strong>in acciaio inox<\/strong> con spessore 1 mm, anzich\u00e9 in titanio.<br \/>\n                                    Questi i <strong>vantaggi<\/strong> dei nostri scarichi completi: il massimo delle <strong>prestazioni<\/strong>; materiali di altissima <strong>affidabilit\u00e0<\/strong>; risparmio di peso; <strong>facilit\u00e0<\/strong> di montaggio.<\/p>\n","protected":false},"excerpt":{"rendered":"<p>NICHT ZUGELASSEN Schallemissionen mit DB Killer: 107 dB (A) bei 5500 U \/ min<\/p>\n","protected":false},"featured_media":5714,"template":"","meta":{"_acf_changed":false},"product_brand":[21663,21565,21656],"product_cat":[822],"product_tag":[],"class_list":{"0":"post-98167","1":"product","2":"type-product","3":"status-publish","4":"has-post-thumbnail","6":"product_brand-2020-2021-rs-660","7":"product_brand-aprilia","8":"product_brand-rs-660","9":"product_cat-komplette-auspuffanlage-steel","11":"first","12":"instock","13":"shipping-taxable","14":"product-type-simple"},"acf":[],"_links":{"self":[{"href":"https:\/\/dev.mivv.com\/de\/wp-json\/wp\/v2\/product\/98167","targetHints":{"allow":["GET"]}}],"collection":[{"href":"https:\/\/dev.mivv.com\/de\/wp-json\/wp\/v2\/product"}],"about":[{"href":"https:\/\/dev.mivv.com\/de\/wp-json\/wp\/v2\/types\/product"}],"wp:featuredmedia":[{"embeddable":true,"href":"https:\/\/dev.mivv.com\/de\/wp-json\/wp\/v2\/media\/5714"}],"wp:attachment":[{"href":"https:\/\/dev.mivv.com\/de\/wp-json\/wp\/v2\/media?parent=98167"}],"wp:term":[{"taxonomy":"product_brand","embeddable":true,"href":"https:\/\/dev.mivv.com\/de\/wp-json\/wp\/v2\/product_brand?post=98167"},{"taxonomy":"product_cat","embeddable":true,"href":"https:\/\/dev.mivv.com\/de\/wp-json\/wp\/v2\/product_cat?post=98167"},{"taxonomy":"product_tag","embeddable":true,"href":"https:\/\/dev.mivv.com\/de\/wp-json\/wp\/v2\/product_tag?post=98167"}],"curies":[{"name":"wp","href":"https:\/\/api.w.org\/{rel}","templated":true}]}}