{"id":105892,"date":"2026-01-16T10:14:46","date_gmt":"2026-01-16T09:14:46","guid":{"rendered":"https:\/\/dev.mivv.com\/whistleblowing\/"},"modified":"2026-04-23T15:32:04","modified_gmt":"2026-04-23T13:32:04","slug":"whistleblowing","status":"publish","type":"page","link":"https:\/\/dev.mivv.com\/es\/whistleblowing\/","title":{"rendered":"Whistleblowing"},"content":{"rendered":"\n<h1 class=\"wp-block-heading\">Canal de Denuncias Whistleblowing<\/h1>\n\n<p>En <strong>Mivv S.p.A.<\/strong>, la correcci\u00f3n en la conducta empresarial y el respeto de los principios \u00e9ticos son valores fundamentales. De acuerdo con este compromiso y en conformidad con el D.Lgs. 24\/2023 (transposici\u00f3n de la Directiva Europea 2019\/1937), hemos implementado un sistema interno para la gesti\u00f3n de denuncias de irregularidades, conocido como <strong>Whistleblowing<\/strong>.<\/p>\n\n<h3 class=\"wp-block-heading\">\u00bfQu\u00e9 es el Whistleblowing?<\/h3>\n\n<p>El Whistleblowing es la herramienta que permite a cualquier persona que opere en el entorno laboral de Mivv S.p.A. revelar de manera voluntaria violaciones, riesgos o situaciones de peligro que puedan causar da\u00f1o a la empresa, a los colegas, a los clientes o al inter\u00e9s p\u00fablico.<\/p>\n\n<h3 class=\"wp-block-heading\">Nuestro compromiso para tu protecci\u00f3n<\/h3>\n\n<p>Mivv S.p.A. promueve una cultura basada en la integridad y se compromete a proteger a quienes decidan reportar un comportamiento indebido. A trav\u00e9s de nuestro canal dedicado, garantizamos:<\/p>\n\n<ul class=\"wp-block-list has-black-color has-text-color has-link-color wp-elements-52ae096914cd4ed1ba11198620ed5640\">\n<li><strong>M\u00e1xima Confidencialidad:<\/strong> La identidad del denunciante y los detalles de la denuncia est\u00e1n protegidos en cada fase del proceso.<\/li>\n\n\n\n<li><strong>Transparencia en la Gesti\u00f3n:<\/strong> Cada denuncia recibe una notificaci\u00f3n de recepci\u00f3n, una investigaci\u00f3n cuidadosa y una respuesta final.<\/li>\n\n\n\n<li><strong>Respuestas Puntuales:<\/strong> Nos comprometemos a proporcionar una respuesta sobre el resultado de la denuncia en un plazo de 3 meses desde la notificaci\u00f3n de recepci\u00f3n.<\/li>\n<\/ul>\n\n<p>Consideramos que la participaci\u00f3n activa y responsable de todos es esencial para mantener un entorno de trabajo sano, seguro y \u00e9tico.<\/p>\n\n<div class=\"wp-block-buttons is-nowrap is-layout-flex wp-container-core-buttons-is-layout-ad2f72ca wp-block-buttons-is-layout-flex\">\n<div class=\"wp-block-button\"><a class=\"wp-block-button__link has-background wp-element-button\" href=\"https:\/\/areariservata.mygovernance.it\/#!\/WB\/M.I.V.V.\" style=\"border-top-left-radius:0px;border-top-right-radius:0px;border-bottom-left-radius:0px;border-bottom-right-radius:0px;background-color:#d10008\" target=\"_blank\" rel=\"noreferrer noopener nofollow\">Accede al Portal de Denuncias Mivv SPA<\/a><\/div>\n\n\n\n<div class=\"wp-block-button\"><a class=\"wp-block-button__link has-background wp-element-button\" href=\"\/wp-content\/uploads\/2026\/01\/whistleblowing-Informativa-sito-mivv_compressed.pdf\" style=\"border-top-left-radius:0px;border-top-right-radius:0px;border-bottom-left-radius:0px;border-bottom-right-radius:0px;background-color:#d10008\" target=\"_blank\" rel=\"noreferrer noopener nofollow\">Descarga la Informaci\u00f3n Completa (PDF)<\/a><\/div>\n<\/div>\n\n<p><\/p>\n","protected":false},"excerpt":{"rendered":"<p>Canal de Denuncias Whistleblowing En Mivv S.p.A., la correcci\u00f3n en la conducta empresarial y el respeto de los principios \u00e9ticos son valores fundamentales. De acuerdo con este compromiso y en conformidad con el D.Lgs. 24\/2023 (transposici\u00f3n de la Directiva Europea 2019\/1937), hemos implementado un sistema interno para la gesti\u00f3n de denuncias de irregularidades, conocido como [&hellip;]<\/p>\n","protected":false},"author":2,"featured_media":0,"parent":0,"menu_order":0,"comment_status":"closed","ping_status":"closed","template":"","meta":{"_acf_changed":false,"footnotes":""},"class_list":["post-105892","page","type-page","status-publish","hentry"],"acf":[],"_links":{"self":[{"href":"https:\/\/dev.mivv.com\/es\/wp-json\/wp\/v2\/pages\/105892","targetHints":{"allow":["GET"]}}],"collection":[{"href":"https:\/\/dev.mivv.com\/es\/wp-json\/wp\/v2\/pages"}],"about":[{"href":"https:\/\/dev.mivv.com\/es\/wp-json\/wp\/v2\/types\/page"}],"author":[{"embeddable":true,"href":"https:\/\/dev.mivv.com\/es\/wp-json\/wp\/v2\/users\/2"}],"replies":[{"embeddable":true,"href":"https:\/\/dev.mivv.com\/es\/wp-json\/wp\/v2\/comments?post=105892"}],"version-history":[{"count":1,"href":"https:\/\/dev.mivv.com\/es\/wp-json\/wp\/v2\/pages\/105892\/revisions"}],"predecessor-version":[{"id":105893,"href":"https:\/\/dev.mivv.com\/es\/wp-json\/wp\/v2\/pages\/105892\/revisions\/105893"}],"wp:attachment":[{"href":"https:\/\/dev.mivv.com\/es\/wp-json\/wp\/v2\/media?parent=105892"}],"curies":[{"name":"wp","href":"https:\/\/api.w.org\/{rel}","templated":true}]}}