{"id":1107,"date":"2026-02-03T17:29:12","date_gmt":"2026-02-03T16:29:12","guid":{"rendered":"http:\/\/mivv2026.local\/atencion-al-cliente-mivv\/asistencia-preventa\/"},"modified":"2026-02-16T17:52:15","modified_gmt":"2026-02-16T16:52:15","slug":"asistencia-preventa","status":"publish","type":"page","link":"https:\/\/dev.mivv.com\/es\/atencion-al-cliente-mivv\/asistencia-preventa\/","title":{"rendered":"Asistencia Preventa"},"content":{"rendered":"\n<h2 class=\"wp-block-heading\">\u00bfNecesitas ayuda para elegir el escape perfecto?<\/h2>\n\n<p>Completa el formulario a continuaci\u00f3n para recibir asistencia personalizada de nuestro equipo t\u00e9cnico.<br\/>Ya sea que busques informaci\u00f3n sobre compatibilidad, detalles sobre prestaciones o aclaraciones sobre las normativas de homologaci\u00f3n, estamos aqu\u00ed para garantizarte una compra segura y consciente.<\/p>\n\n<div style=\"height:50px\" aria-hidden=\"true\" class=\"wp-block-spacer\"><\/div>\n\n<div class=\"wp-block-contact-form-7-contact-form-selector\">\n<div class=\"wpcf7 no-js\" id=\"wpcf7-f86153-o1\" lang=\"es-ES\" dir=\"ltr\" data-wpcf7-id=\"86153\">\n<div class=\"screen-reader-response\"><p role=\"status\" aria-live=\"polite\" aria-atomic=\"true\"><\/p> <ul><\/ul><\/div>\n<form action=\"\/es\/wp-json\/wp\/v2\/pages\/1107#wpcf7-f86153-o1\" method=\"post\" class=\"wpcf7-form init\" aria-label=\"Formulario de contacto\" novalidate=\"novalidate\" data-status=\"init\">\n<fieldset class=\"hidden-fields-container\"><input type=\"hidden\" name=\"_wpcf7\" value=\"86153\" \/><input type=\"hidden\" name=\"_wpcf7_version\" value=\"6.1.5\" \/><input type=\"hidden\" name=\"_wpcf7_locale\" value=\"es_ES\" \/><input type=\"hidden\" name=\"_wpcf7_unit_tag\" value=\"wpcf7-f86153-o1\" \/><input type=\"hidden\" name=\"_wpcf7_container_post\" value=\"0\" \/><input type=\"hidden\" name=\"_wpcf7_posted_data_hash\" value=\"\" \/>\n<\/fieldset>\n<div class=\"mivv-form-pre-vendita\">\n\t<fieldset>\n\t\t<legend>Tus datos de contacto\n\t\t<\/legend>\n\t\t<div class=\"mivv-grid-half\">\n\t\t\t<p><label for=\"pre-nome\"> Nombre <\/label><br \/>\n<span class=\"wpcf7-form-control-wrap\" data-name=\"pre-first-name\"><input size=\"40\" maxlength=\"400\" class=\"wpcf7-form-control wpcf7-text wpcf7-validates-as-required\" id=\"pre-nome\" aria-required=\"true\" aria-invalid=\"false\" placeholder=\"Ej.: Mario\" value=\"\" type=\"text\" name=\"pre-first-name\" \/><\/span>\n\t\t\t<\/p>\n\t\t<\/div>\n\t\t<div class=\"mivv-grid-half\">\n\t\t\t<p><label for=\"pre-cognome\"> Apellidos <\/label><br \/>\n<span class=\"wpcf7-form-control-wrap\" data-name=\"pre-last-name\"><input size=\"40\" maxlength=\"400\" class=\"wpcf7-form-control wpcf7-text wpcf7-validates-as-required\" id=\"pre-cognome\" aria-required=\"true\" aria-invalid=\"false\" placeholder=\"Ej.: Rossi\" value=\"\" type=\"text\" name=\"pre-last-name\" \/><\/span>\n\t\t\t<\/p>\n\t\t<\/div>\n\t\t<div class=\"mivv-grid-half\">\n\t\t\t<p><label for=\"pre-email\"> Correo electr\u00f3nico <\/label><br \/>\n<span class=\"wpcf7-form-control-wrap\" data-name=\"pre-email\"><input size=\"40\" maxlength=\"400\" class=\"wpcf7-form-control wpcf7-email wpcf7-validates-as-required wpcf7-text wpcf7-validates-as-email\" id=\"pre-email\" aria-required=\"true\" aria-invalid=\"false\" placeholder=\"email@ejemplo.es\" value=\"\" type=\"email\" name=\"pre-email\" \/><\/span>\n\t\t\t<\/p>\n\t\t<\/div>\n\t\t<div class=\"mivv-grid-half\">\n\t\t\t<p><label for=\"pre-tel\"> Tel\u00e9fono (opcional) <\/label><br \/>\n<span class=\"wpcf7-form-control-wrap\" data-name=\"pre-tel\"><input size=\"40\" maxlength=\"400\" class=\"wpcf7-form-control wpcf7-tel wpcf7-text wpcf7-validates-as-tel\" id=\"pre-tel\" aria-invalid=\"false\" placeholder=\"+39\" value=\"\" type=\"tel\" name=\"pre-tel\" \/><\/span>\n\t\t\t<\/p>\n\t\t<\/div>\n\t<\/fieldset>\n\t<fieldset>\n\t\t<legend>Datos de la moto y solicitud\n\t\t<\/legend>\n\t\t<div class=\"mivv-grid-half\">\n\t\t\t<p><label for=\"pre-moto\"> Marca y modelo de la moto <\/label><br \/>\n<span class=\"wpcf7-form-control-wrap\" data-name=\"pre-moto\"><input size=\"40\" maxlength=\"400\" class=\"wpcf7-form-control wpcf7-text wpcf7-validates-as-required\" id=\"pre-moto\" aria-required=\"true\" aria-invalid=\"false\" placeholder=\"Ej.: Honda Hornet 600\" value=\"\" type=\"text\" name=\"pre-moto\" \/><\/span>\n\t\t\t<\/p>\n\t\t<\/div>\n\t\t<div class=\"mivv-grid-half\">\n\t\t\t<p><label for=\"pre-anno\"> A\u00f1o <\/label><br \/>\n<span class=\"wpcf7-form-control-wrap\" data-name=\"pre-anno\"><input size=\"40\" maxlength=\"400\" class=\"wpcf7-form-control wpcf7-text wpcf7-validates-as-required\" id=\"pre-anno\" aria-required=\"true\" aria-invalid=\"false\" placeholder=\"Ej.: 2024\" value=\"\" type=\"text\" name=\"pre-anno\" \/><\/span>\n\t\t\t<\/p>\n\t\t<\/div>\n\t\t<div class=\"mivv-grid-full\">\n\t\t\t<p><label for=\"pre-info\"> \u00bfQu\u00e9 necesitas? <\/label><br \/>\n<span class=\"wpcf7-form-control-wrap\" data-name=\"pre-info\"><select class=\"wpcf7-form-control wpcf7-select wpcf7-validates-as-required\" id=\"pre-info\" aria-required=\"true\" aria-invalid=\"false\" name=\"pre-info\"><option value=\"\">&#8212;Por favor, elige una opci\u00f3n&#8212;<\/option><option value=\"Informaci\u00f3n sobre compatibilidad\">Informaci\u00f3n sobre compatibilidad<\/option><option value=\"Consejo sobre est\u00e9tica\/sonido\">Consejo sobre est\u00e9tica\/sonido<\/option><option value=\"Datos t\u00e9cnicos y prestaciones\">Datos t\u00e9cnicos y prestaciones<\/option><option value=\"D\u00f3nde comprar\">D\u00f3nde comprar<\/option><option value=\"Otro\">Otro<\/option><\/select><\/span>\n\t\t\t<\/p>\n\t\t<\/div>\n\t\t<div class=\"mivv-grid-full\">\n\t\t\t<p><label for=\"pre-messaggio\"> Tu mensaje <\/label><br \/>\n<span class=\"wpcf7-form-control-wrap\" data-name=\"pre-message\"><textarea cols=\"40\" rows=\"5\" maxlength=\"2000\" class=\"wpcf7-form-control wpcf7-textarea wpcf7-validates-as-required\" id=\"pre-messaggio\" aria-required=\"true\" aria-invalid=\"false\" placeholder=\"Escribe aqu\u00ed tu pregunta...\" name=\"pre-message\"><\/textarea><\/span>\n\t\t\t<\/p>\n\t\t<\/div>\n\t<\/fieldset>\n\t<div class=\"mivv-form-footer\">\n\t\t<p><span class=\"wpcf7-form-control-wrap\" data-name=\"privacy\"><span class=\"wpcf7-form-control wpcf7-acceptance\"><span class=\"wpcf7-list-item\"><label><input type=\"checkbox\" name=\"privacy\" value=\"1\" aria-invalid=\"false\" \/><span class=\"wpcf7-list-item-label\">Acepto la Pol\u00edtica de Privacidad<\/span><\/label><\/span><\/span><\/span><br \/>\n<input class=\"wpcf7-form-control wpcf7-submit has-spinner btn btn-dark\" type=\"submit\" value=\"Solicitar informaci\u00f3n\" \/>\n\t\t<\/p>\n\t<\/div>\n<\/div><div class=\"wpcf7-response-output\" aria-hidden=\"true\"><\/div>\n<\/form>\n<\/div>\n<\/div>\n","protected":false},"excerpt":{"rendered":"<p>\u00bfNecesitas ayuda para elegir el escape perfecto? Completa el formulario a continuaci\u00f3n para recibir asistencia personalizada de nuestro equipo t\u00e9cnico.Ya sea que busques informaci\u00f3n sobre compatibilidad, detalles sobre prestaciones o aclaraciones sobre las normativas de homologaci\u00f3n, estamos aqu\u00ed para garantizarte una compra segura y consciente.<\/p>\n","protected":false},"author":2,"featured_media":0,"parent":1062,"menu_order":0,"comment_status":"closed","ping_status":"closed","template":"","meta":{"_acf_changed":false,"footnotes":""},"class_list":["post-1107","page","type-page","status-publish","hentry"],"acf":[],"_links":{"self":[{"href":"https:\/\/dev.mivv.com\/es\/wp-json\/wp\/v2\/pages\/1107","targetHints":{"allow":["GET"]}}],"collection":[{"href":"https:\/\/dev.mivv.com\/es\/wp-json\/wp\/v2\/pages"}],"about":[{"href":"https:\/\/dev.mivv.com\/es\/wp-json\/wp\/v2\/types\/page"}],"author":[{"embeddable":true,"href":"https:\/\/dev.mivv.com\/es\/wp-json\/wp\/v2\/users\/2"}],"replies":[{"embeddable":true,"href":"https:\/\/dev.mivv.com\/es\/wp-json\/wp\/v2\/comments?post=1107"}],"version-history":[{"count":1,"href":"https:\/\/dev.mivv.com\/es\/wp-json\/wp\/v2\/pages\/1107\/revisions"}],"predecessor-version":[{"id":1108,"href":"https:\/\/dev.mivv.com\/es\/wp-json\/wp\/v2\/pages\/1107\/revisions\/1108"}],"up":[{"embeddable":true,"href":"https:\/\/dev.mivv.com\/es\/wp-json\/wp\/v2\/pages\/1062"}],"wp:attachment":[{"href":"https:\/\/dev.mivv.com\/es\/wp-json\/wp\/v2\/media?parent=1107"}],"curies":[{"name":"wp","href":"https:\/\/api.w.org\/{rel}","templated":true}]}}