{"id":1251,"date":"2026-01-07T19:37:24","date_gmt":"2026-01-07T18:37:24","guid":{"rendered":"http:\/\/mivv2026.local\/historia\/"},"modified":"2026-03-05T16:50:07","modified_gmt":"2026-03-05T15:50:07","slug":"historia","status":"publish","type":"page","link":"https:\/\/dev.mivv.com\/es\/historia\/","title":{"rendered":"Historia"},"content":{"rendered":"\n<h2 class=\"wp-block-heading has-text-align-center\" style=\"font-size:60px;font-style:normal;font-weight:700\">MIVV, escapes por pasi\u00f3n<\/h2>\n\n<div style=\"height:25px\" aria-hidden=\"true\" class=\"wp-block-spacer\"><\/div>\n\n<p class=\"has-text-align-center\">En el origen de todo hay una gran pasi\u00f3n: los motores.<br\/>El a\u00f1o es 1970; el lugar, la zona industrial de la provincia de Teramo, en Abruzzo.<br\/>Es all\u00ed donde nace Metal Industria Val Vibrata, conocida desde el principio como MIVV.<\/p>\n\n<div style=\"height:50px\" aria-hidden=\"true\" class=\"wp-block-spacer\"><\/div>\n<div class=\"wp-block-image\">\n<figure class=\"aligncenter size-large\"><img loading=\"lazy\" decoding=\"async\" width=\"1024\" height=\"303\" src=\"http:\/\/mivv2026.local\/wp-content\/uploads\/2026\/01\/stabilimenti-1-1024x303.jpg\" alt=\"Plantas MIVV\" class=\"wp-image-163\" srcset=\"https:\/\/dev.mivv.com\/wp-content\/uploads\/2026\/01\/stabilimenti-1-1024x303.jpg 1024w, https:\/\/dev.mivv.com\/wp-content\/uploads\/2026\/01\/stabilimenti-1-600x178.jpg 600w, https:\/\/dev.mivv.com\/wp-content\/uploads\/2026\/01\/stabilimenti-1-300x89.jpg 300w, https:\/\/dev.mivv.com\/wp-content\/uploads\/2026\/01\/stabilimenti-1-768x227.jpg 768w, https:\/\/dev.mivv.com\/wp-content\/uploads\/2026\/01\/stabilimenti-1.jpg 1200w\" sizes=\"auto, (max-width: 1024px) 100vw, 1024px\" \/><\/figure>\n<\/div>\n<div style=\"height:50px\" aria-hidden=\"true\" class=\"wp-block-spacer\"><\/div>\n\n<p class=\"has-text-align-center\">Las dos ruedas a\u00fan est\u00e1n lejos: comenzamos produciendo \u00fanicamente escapes para autom\u00f3viles y lo hicimos durante m\u00e1s de veinte a\u00f1os, con un \u00e9xito notable, tanto que se construyeron en 1982 y 1988 la segunda y tercera planta.<\/p>\n\n<p class=\"has-text-align-center\">Sin embargo, en esos 25.000 metros cuadrados resuena otro rugido: el de las motos. Son los a\u00f1os noventa y nuestra empresa comienza a complementar la producci\u00f3n de escapes para autom\u00f3viles con la de escapes para motos.<\/p>\n\n<div style=\"height:50px\" aria-hidden=\"true\" class=\"wp-block-spacer\"><\/div>\n\n<div class=\"wp-block-group\"><div class=\"wp-block-group__inner-container is-layout-constrained wp-block-group-is-layout-constrained\">\n<h2 class=\"wp-block-heading has-text-align-center\" style=\"font-size:60px;font-style:normal;font-weight:700\">A la vanguardia desde 1970<\/h2>\n\n\n\n<div style=\"height:25px\" aria-hidden=\"true\" class=\"wp-block-spacer\"><\/div>\n\n\n\n<p class=\"has-text-align-center\">El rasgo distintivo de esta historia lo aporta la competencia empresarial: un nivel alt\u00edsimo que permite dise\u00f1ar y producir escapes para motos con un alto contenido tecnol\u00f3gico, pensados y realizados para satisfacer las necesidades de los fabricantes de motocicletas y de los propios motociclistas.<\/p>\n\n\n\n<p class=\"has-text-align-center\">Nuestro objetivo era y sigue siendo el mismo: ofrecer terminales de escape fiables y capaces de garantizar lo m\u00e1ximo en cuanto a prestaciones y emociones. Un objetivo que nos ha llevado a alcanzar grandes alturas, tambi\u00e9n en el mundo del racing, donde hemos colaborado con equipos oficiales que compiten en campeonatos italianos, europeos y mundiales.<\/p>\n\n\n\n<div style=\"height:50px\" aria-hidden=\"true\" class=\"wp-block-spacer\"><\/div>\n\n\n<div class=\"wp-block-image\">\n<figure class=\"aligncenter size-large\"><img loading=\"lazy\" decoding=\"async\" width=\"1024\" height=\"330\" src=\"http:\/\/mivv2026.local\/wp-content\/uploads\/2026\/01\/tecnologia-1024x330.jpg\" alt=\"\" class=\"wp-image-166\" srcset=\"https:\/\/dev.mivv.com\/wp-content\/uploads\/2026\/01\/tecnologia-1024x330.jpg 1024w, https:\/\/dev.mivv.com\/wp-content\/uploads\/2026\/01\/tecnologia-600x194.jpg 600w, https:\/\/dev.mivv.com\/wp-content\/uploads\/2026\/01\/tecnologia-300x97.jpg 300w, https:\/\/dev.mivv.com\/wp-content\/uploads\/2026\/01\/tecnologia-768x248.jpg 768w, https:\/\/dev.mivv.com\/wp-content\/uploads\/2026\/01\/tecnologia.jpg 1200w\" sizes=\"auto, (max-width: 1024px) 100vw, 1024px\" \/><\/figure>\n<\/div><\/div><\/div>\n\n<div style=\"height:100px\" aria-hidden=\"true\" class=\"wp-block-spacer\"><\/div>\n","protected":false},"excerpt":{"rendered":"<p>MIVV, escapes por pasi\u00f3n En el origen de todo hay una gran pasi\u00f3n: los motores.El a\u00f1o es 1970; el lugar, la zona industrial de la provincia de Teramo, en Abruzzo.Es all\u00ed donde nace Metal Industria Val Vibrata, conocida desde el principio como MIVV. Las dos ruedas a\u00fan est\u00e1n lejos: comenzamos produciendo \u00fanicamente escapes para autom\u00f3viles [&hellip;]<\/p>\n","protected":false},"author":1,"featured_media":3415,"parent":0,"menu_order":0,"comment_status":"closed","ping_status":"closed","template":"","meta":{"_acf_changed":false,"footnotes":""},"class_list":["post-1251","page","type-page","status-publish","has-post-thumbnail","hentry"],"acf":[],"_links":{"self":[{"href":"https:\/\/dev.mivv.com\/es\/wp-json\/wp\/v2\/pages\/1251","targetHints":{"allow":["GET"]}}],"collection":[{"href":"https:\/\/dev.mivv.com\/es\/wp-json\/wp\/v2\/pages"}],"about":[{"href":"https:\/\/dev.mivv.com\/es\/wp-json\/wp\/v2\/types\/page"}],"author":[{"embeddable":true,"href":"https:\/\/dev.mivv.com\/es\/wp-json\/wp\/v2\/users\/1"}],"replies":[{"embeddable":true,"href":"https:\/\/dev.mivv.com\/es\/wp-json\/wp\/v2\/comments?post=1251"}],"version-history":[{"count":1,"href":"https:\/\/dev.mivv.com\/es\/wp-json\/wp\/v2\/pages\/1251\/revisions"}],"predecessor-version":[{"id":1252,"href":"https:\/\/dev.mivv.com\/es\/wp-json\/wp\/v2\/pages\/1251\/revisions\/1252"}],"wp:featuredmedia":[{"embeddable":true,"href":"https:\/\/dev.mivv.com\/es\/wp-json\/wp\/v2\/media\/3415"}],"wp:attachment":[{"href":"https:\/\/dev.mivv.com\/es\/wp-json\/wp\/v2\/media?parent=1251"}],"curies":[{"name":"wp","href":"https:\/\/api.w.org\/{rel}","templated":true}]}}