{"id":1281,"date":"2026-01-07T19:49:50","date_gmt":"2026-01-07T18:49:50","guid":{"rendered":"http:\/\/mivv2026.local\/investigacion-y-desarrollo\/"},"modified":"2026-03-05T16:50:50","modified_gmt":"2026-03-05T15:50:50","slug":"investigacion-y-desarrollo","status":"publish","type":"page","link":"https:\/\/dev.mivv.com\/es\/investigacion-y-desarrollo\/","title":{"rendered":"Investigaci\u00f3n y desarrollo"},"content":{"rendered":"\n<div class=\"wp-block-group\"><div class=\"wp-block-group__inner-container is-layout-constrained wp-block-group-is-layout-constrained\">\n<h2 class=\"wp-block-heading has-text-align-center\" style=\"font-size:60px;font-style:normal;font-weight:700\">MIVV: Prestaciones y Sonido<\/h2>\n\n\n\n<div style=\"height:25px\" aria-hidden=\"true\" class=\"wp-block-spacer\"><\/div>\n\n\n\n<p class=\"has-text-align-center\">El objetivo de nuestra empresa es fabricar escapes con altos est\u00e1ndares tecnol\u00f3gicos. Para lograrlo, es necesario que nuestros productos sean sometidos constantemente a controles, para obtener de ellos el m\u00e1ximo rendimiento. <\/p>\n\n\n\n<p class=\"has-text-align-center\">Los ingenieros que trabajan en nuestro departamento de Investigaci\u00f3n y Desarrollo pueden contar con una estructura y un equipamiento de vanguardia que incluye una sala semianecoica para las mediciones de ruido en condiciones de ambiente controlado, as\u00ed como diferentes tipos de bancos de pruebas de motores (un banco est\u00e1tico de corrientes par\u00e1sitas, un banco de rodillos y dos bancos din\u00e1micos).<\/p>\n\n\n\n<p class=\"has-text-align-center\">Los tipos de mediciones que realizamos son: rendimiento del sistema de escape; mediciones ac\u00fasticas y mediciones de temperatura.<\/p>\n\n\n\n<p class=\"has-text-align-center\">Una vez seleccionada la moto para la realizaci\u00f3n de un prototipo, este se perfecciona en funci\u00f3n de los resultados obtenidos de las mediciones experimentales proporcionadas por el banco de pruebas y de una serie de mediciones fonom\u00e9tricas que permiten ajustar el nivel de ruido total dentro de los l\u00edmites permitidos por la ley, sin comprometer el rendimiento del sistema de escape. Finalmente, mediante mediciones de temperatura bajo estr\u00e9s, se identifican posibles puntos cr\u00edticos que podr\u00edan presentarse en elementos especialmente solicitados. <\/p>\n\n\n\n<div style=\"height:70px\" aria-hidden=\"true\" class=\"wp-block-spacer\"><\/div>\n\n\n<div class=\"wp-block-image\">\n<figure class=\"aligncenter size-large\"><img decoding=\"async\" src=\"http:\/\/mivv2026.local\/wp-content\/uploads\/2026\/01\/performance-sound-1-1024x445.jpg\" alt=\"\" class=\"wp-image-172\"\/><\/figure>\n<\/div><\/div><\/div>\n\n<div class=\"wp-block-columns is-layout-flex wp-container-core-columns-is-layout-9d6595d7 wp-block-columns-is-layout-flex\">\n<div class=\"wp-block-column is-layout-flow wp-block-column-is-layout-flow\">\n<h2 class=\"wp-block-heading\" style=\"font-size:60px;font-style:normal;font-weight:700\">Dise\u00f1o<\/h2>\n\n\n\n<div style=\"height:25px\" aria-hidden=\"true\" class=\"wp-block-spacer\"><\/div>\n\n\n\n<p>Para nosotros es un deber satisfacer la necesidad de quienes aman destacar tambi\u00e9n a trav\u00e9s del aspecto de su moto.<\/p>\n\n\n\n<p>El dise\u00f1o de nuestros escapes es, por tanto, un componente fundamental de nuestro trabajo, raz\u00f3n por la cual se desarrolla junto con dise\u00f1adores especializados en el sector de motocicletas.<\/p>\n\n\n\n<p>A lo largo de los a\u00f1os, muchos de nuestros proyectos de dise\u00f1o innovadores han sido patentados.<\/p>\n<\/div>\n\n\n\n<div class=\"wp-block-column is-layout-flow wp-block-column-is-layout-flow\">\n<figure class=\"wp-block-image size-large\"><img loading=\"lazy\" decoding=\"async\" width=\"1024\" height=\"642\" src=\"http:\/\/mivv2026.local\/wp-content\/uploads\/2026\/01\/suono-first-sketch-1024x642.jpg\" alt=\"\" class=\"wp-image-173\" srcset=\"https:\/\/dev.mivv.com\/wp-content\/uploads\/2026\/01\/suono-first-sketch-1024x642.jpg 1024w, https:\/\/dev.mivv.com\/wp-content\/uploads\/2026\/01\/suono-first-sketch-600x376.jpg 600w, https:\/\/dev.mivv.com\/wp-content\/uploads\/2026\/01\/suono-first-sketch-300x188.jpg 300w, https:\/\/dev.mivv.com\/wp-content\/uploads\/2026\/01\/suono-first-sketch-768x481.jpg 768w, https:\/\/dev.mivv.com\/wp-content\/uploads\/2026\/01\/suono-first-sketch.jpg 1200w\" sizes=\"auto, (max-width: 1024px) 100vw, 1024px\" \/><\/figure>\n<\/div>\n<\/div>\n\n<div class=\"wp-block-group\"><div class=\"wp-block-group__inner-container is-layout-constrained wp-block-group-is-layout-constrained\">\n<h2 class=\"wp-block-heading has-text-align-center\" style=\"font-size:60px;font-style:normal;font-weight:700\">Materiales<\/h2>\n\n\n\n<div style=\"height:25px\" aria-hidden=\"true\" class=\"wp-block-spacer\"><\/div>\n\n\n\n<p class=\"has-text-align-center\">Para fabricar nuestros escapes, elegimos los mejores materiales disponibles en el mercado.<\/p>\n\n\n\n<p class=\"has-text-align-center\">Las versiones m\u00e1s avanzadas t\u00e9cnicamente, generalmente utilizadas en el \u00e1mbito profesional (Full System Titanium), se desarrollan con el uso de titanio grado 1 slow, un metal que, en comparaci\u00f3n con el acero b\u00e1sico, permite un ahorro de peso del 40%. Sin embargo, a altas temperaturas, el titanio absorbe ox\u00edgeno volvi\u00e9ndose fr\u00e1gil y, por lo tanto, poco adecuado para el grado de calor impuesto por los motores. Para estas aplicaciones usamos aleaciones especiales de titanio que son capaces de limitar la absorci\u00f3n de ox\u00edgeno y, por lo tanto, resistir mejor las temperaturas que superan los 800 \u00b0C, todo ello sin renunciar a la ligereza del titanio.  <\/p>\n\n\n\n<p class=\"has-text-align-center\">Tambi\u00e9n es fundamental la elecci\u00f3n de los espesores, que influyen en el peso y en la resistencia a la fatiga del producto. Para obtener estas caracter\u00edsticas, hemos implementado tecnolog\u00edas de producci\u00f3n que permiten trabajar con espesores muy bajos (de 0,6 mm a 1 mm). El carbono utilizado en nuestros escapes es twill 3k 200 gr\/m\u00b2 impregnado con resinas especiales capaces de resistir altas temperaturas. En las versiones puramente competitivas logramos garantizar una resistencia superior a los 200 \u00b0C.   <\/p>\n\n\n\n<p class=\"has-text-align-center\">Finalmente, prestamos gran atenci\u00f3n a los materiales fonoabsorbentes, ya que son fundamentales para la reducci\u00f3n del ruido y del calor, utilizando cartuchos fabricados con una combinaci\u00f3n de tejidos (texturizado CE de 14 micras) especialmente dise\u00f1ados para la disminuci\u00f3n del ruido, sobre todo en altas frecuencias, y capaces de resistir a temperaturas elevadas.<\/p>\n<\/div><\/div>\n\n<div style=\"height:70px\" aria-hidden=\"true\" class=\"wp-block-spacer\"><\/div>\n\n<div class=\"wp-block-group\"><div class=\"wp-block-group__inner-container is-layout-constrained wp-block-group-is-layout-constrained\"><div class=\"wp-block-image\">\n<figure class=\"aligncenter size-large\"><img loading=\"lazy\" decoding=\"async\" width=\"1024\" height=\"433\" src=\"http:\/\/mivv2026.local\/wp-content\/uploads\/2026\/01\/materiali-2-1024x433.jpg\" alt=\"\" class=\"wp-image-174\" srcset=\"https:\/\/dev.mivv.com\/wp-content\/uploads\/2026\/01\/materiali-2-1024x433.jpg 1024w, https:\/\/dev.mivv.com\/wp-content\/uploads\/2026\/01\/materiali-2-600x254.jpg 600w, https:\/\/dev.mivv.com\/wp-content\/uploads\/2026\/01\/materiali-2-300x127.jpg 300w, https:\/\/dev.mivv.com\/wp-content\/uploads\/2026\/01\/materiali-2-768x325.jpg 768w, https:\/\/dev.mivv.com\/wp-content\/uploads\/2026\/01\/materiali-2.jpg 1200w\" sizes=\"auto, (max-width: 1024px) 100vw, 1024px\" \/><\/figure>\n<\/div><\/div><\/div>\n\n<div style=\"height:70px\" aria-hidden=\"true\" class=\"wp-block-spacer\"><\/div>\n","protected":false},"excerpt":{"rendered":"<p>MIVV: Prestaciones y Sonido El objetivo de nuestra empresa es fabricar escapes con altos est\u00e1ndares tecnol\u00f3gicos. Para lograrlo, es necesario que nuestros productos sean sometidos constantemente a controles, para obtener de ellos el m\u00e1ximo rendimiento. Los ingenieros que trabajan en nuestro departamento de Investigaci\u00f3n y Desarrollo pueden contar con una estructura y un equipamiento de [&hellip;]<\/p>\n","protected":false},"author":1,"featured_media":3423,"parent":0,"menu_order":0,"comment_status":"closed","ping_status":"closed","template":"","meta":{"_acf_changed":false,"footnotes":""},"class_list":["post-1281","page","type-page","status-publish","has-post-thumbnail","hentry"],"acf":[],"_links":{"self":[{"href":"https:\/\/dev.mivv.com\/es\/wp-json\/wp\/v2\/pages\/1281","targetHints":{"allow":["GET"]}}],"collection":[{"href":"https:\/\/dev.mivv.com\/es\/wp-json\/wp\/v2\/pages"}],"about":[{"href":"https:\/\/dev.mivv.com\/es\/wp-json\/wp\/v2\/types\/page"}],"author":[{"embeddable":true,"href":"https:\/\/dev.mivv.com\/es\/wp-json\/wp\/v2\/users\/1"}],"replies":[{"embeddable":true,"href":"https:\/\/dev.mivv.com\/es\/wp-json\/wp\/v2\/comments?post=1281"}],"version-history":[{"count":1,"href":"https:\/\/dev.mivv.com\/es\/wp-json\/wp\/v2\/pages\/1281\/revisions"}],"predecessor-version":[{"id":1282,"href":"https:\/\/dev.mivv.com\/es\/wp-json\/wp\/v2\/pages\/1281\/revisions\/1282"}],"wp:featuredmedia":[{"embeddable":true,"href":"https:\/\/dev.mivv.com\/es\/wp-json\/wp\/v2\/media\/3423"}],"wp:attachment":[{"href":"https:\/\/dev.mivv.com\/es\/wp-json\/wp\/v2\/media?parent=1281"}],"curies":[{"name":"wp","href":"https:\/\/api.w.org\/{rel}","templated":true}]}}