{"id":1541,"date":"2026-01-16T10:10:02","date_gmt":"2026-01-16T09:10:02","guid":{"rendered":"http:\/\/mivv2026.local\/codigo-etico\/"},"modified":"2026-02-27T18:16:33","modified_gmt":"2026-02-27T17:16:33","slug":"codigo-etico","status":"publish","type":"page","link":"https:\/\/dev.mivv.com\/es\/codigo-etico\/","title":{"rendered":"C\u00f3digo \u00c9tico"},"content":{"rendered":"\n<h2 class=\"wp-block-heading\">\u00c9tica y Responsabilidad Social: Nuestro Compromiso<\/h2>\n\n<p>En MIVV SpA, creemos que el \u00e9xito empresarial no puede separarse de una conducta \u00e9tica rigurosa y de un profundo sentido de responsabilidad hacia la comunidad y el medio ambiente. Por este motivo, hemos adoptado un C\u00f3digo \u00c9tico y una Pol\u00edtica de Responsabilidad Social que gu\u00edan cada una de nuestras acciones diarias.<\/p>\n\n<p>Nuestro actuar se basa en los principios de la norma UNI EN ISO 26000:2020, a trav\u00e9s de los cuales nos comprometemos constantemente a garantizar:<\/p>\n\n<ul class=\"wp-block-list has-black-color has-text-color has-link-color wp-elements-f5ec54333959264dad598fc80f12e275\">\n<li>Transparencia y Rendici\u00f3n de Cuentas: Damos cuenta del impacto de nuestras decisiones sobre los stakeholders, la sociedad y la econom\u00eda.<\/li>\n\n\n\n<li>Respeto de los Derechos Humanos: Promovemos la dignidad, la igualdad y la libertad, rechazando toda forma de discriminaci\u00f3n o explotaci\u00f3n.<\/li>\n\n\n\n<li>Protecci\u00f3n del Trabajo: Garantizamos a nuestros colaboradores condiciones laborales justas, salud, seguridad y oportunidades de desarrollo profesional.<\/li>\n\n\n\n<li>Sostenibilidad Ambiental: Actuamos activamente para prevenir la contaminaci\u00f3n, reducir los residuos y utilizar los recursos de manera eficiente y renovable.<\/li>\n\n\n\n<li>Integridad en los Negocios: Operamos con lealtad en el mercado, combatiendo la corrupci\u00f3n y respetando las normas de competencia.<\/li>\n<\/ul>\n\n<p>Este documento de s\u00edntesis representa la br\u00fajula de valores para todos los miembros de nuestra organizaci\u00f3n y para los socios que colaboran con nosotros.<sup><\/sup><sup><\/sup><sup><\/sup><sup><\/sup>. Es el testimonio de nuestro compromiso por crear un valor que sea sostenible en el tiempo, tanto para la empresa como para el territorio.<sup><\/sup><sup><\/sup><sup><\/sup><sup><\/sup><sup><\/sup><sup><\/sup><sup><\/sup><sup><\/sup><sup><\/sup>.<\/p>\n\n<div class=\"wp-block-buttons is-content-justification-center is-layout-flex wp-container-core-buttons-is-layout-16018d1d wp-block-buttons-is-layout-flex\">\n<div class=\"wp-block-button\"><a class=\"wp-block-button__link has-background wp-element-button\" href=\"\/wp-content\/uploads\/2026\/02\/sintesi_codice_etico_e_politica_en_compressed.pdf\" style=\"border-top-left-radius:0px;border-top-right-radius:0px;border-bottom-left-radius:0px;border-bottom-right-radius:0px;background-color:#d10008\" target=\"_blank\" rel=\"noreferrer noopener nofollow\">Descargar el Resumen del C\u00f3digo \u00c9tico y de la Pol\u00edtica Empresarial (PDF)<\/a><\/div>\n<\/div>\n","protected":false},"excerpt":{"rendered":"<p>\u00c9tica y Responsabilidad Social: Nuestro Compromiso En MIVV SpA, creemos que el \u00e9xito empresarial no puede separarse de una conducta \u00e9tica rigurosa y de un profundo sentido de responsabilidad hacia la comunidad y el medio ambiente. Por este motivo, hemos adoptado un C\u00f3digo \u00c9tico y una Pol\u00edtica de Responsabilidad Social que gu\u00edan cada una de [&hellip;]<\/p>\n","protected":false},"author":2,"featured_media":0,"parent":0,"menu_order":0,"comment_status":"closed","ping_status":"closed","template":"","meta":{"_acf_changed":false,"footnotes":""},"class_list":["post-1541","page","type-page","status-publish","hentry"],"acf":[],"_links":{"self":[{"href":"https:\/\/dev.mivv.com\/es\/wp-json\/wp\/v2\/pages\/1541","targetHints":{"allow":["GET"]}}],"collection":[{"href":"https:\/\/dev.mivv.com\/es\/wp-json\/wp\/v2\/pages"}],"about":[{"href":"https:\/\/dev.mivv.com\/es\/wp-json\/wp\/v2\/types\/page"}],"author":[{"embeddable":true,"href":"https:\/\/dev.mivv.com\/es\/wp-json\/wp\/v2\/users\/2"}],"replies":[{"embeddable":true,"href":"https:\/\/dev.mivv.com\/es\/wp-json\/wp\/v2\/comments?post=1541"}],"version-history":[{"count":1,"href":"https:\/\/dev.mivv.com\/es\/wp-json\/wp\/v2\/pages\/1541\/revisions"}],"predecessor-version":[{"id":1542,"href":"https:\/\/dev.mivv.com\/es\/wp-json\/wp\/v2\/pages\/1541\/revisions\/1542"}],"wp:attachment":[{"href":"https:\/\/dev.mivv.com\/es\/wp-json\/wp\/v2\/media?parent=1541"}],"curies":[{"name":"wp","href":"https:\/\/api.w.org\/{rel}","templated":true}]}}