{"id":205,"date":"2026-01-07T19:18:53","date_gmt":"2026-01-07T18:18:53","guid":{"rendered":"https:\/\/mivv2026.local\/quienes-somos\/"},"modified":"2026-04-23T15:38:01","modified_gmt":"2026-04-23T13:38:01","slug":"quienes-somos","status":"publish","type":"page","link":"https:\/\/dev.mivv.com\/es\/quienes-somos\/","title":{"rendered":"Qui\u00e9nes somos"},"content":{"rendered":"\n<div class=\"wp-block-columns is-layout-flex wp-container-core-columns-is-layout-9d6595d7 wp-block-columns-is-layout-flex\">\n<div class=\"wp-block-column is-vertically-aligned-center is-layout-flow wp-block-column-is-layout-flow\">\n<h2 class=\"wp-block-heading\" style=\"font-size:60px;font-style:normal;font-weight:700\">Puro estilo italiano<\/h2>\n\n\n\n<p><strong>El escape premium para motos exclusivas<\/strong><\/p>\n\n\n\n<div style=\"height:25px\" aria-hidden=\"true\" class=\"wp-block-spacer\"><\/div>\n\n\n\n<p>Mivv es una empresa l\u00edder en la creaci\u00f3n de sistemas de escape premium para motos que ofrecen una combinaci\u00f3n perfecta de prestaciones y emociones envolventes.<\/p>\n\n\n\n<p>Desde su fundaci\u00f3n en 1970, hemos atravesado per\u00edodos de crecimiento extraordinario y actualmente contamos con 160 empleados distribuidos en 3 plantas que cubren una superficie total de 25.000 m\u00b2. Nuestros productos est\u00e1n disponibles en m\u00e1s de 40 pa\u00edses en todo el mundo, lo que demuestra nuestra presencia global.<\/p>\n\n\n\n<p>Nuestros sistemas de escape aftermarket son el resultado de una investigaci\u00f3n constante de los materiales m\u00e1s innovadores y de las soluciones de dise\u00f1o m\u00e1s atractivas. Cada detalle est\u00e1 estudiado cuidadosamente para garantizar no solo un aumento de las prestaciones, sino tambi\u00e9n un sonido inimitable que transmita una sensaci\u00f3n \u00fanica a los apasionados de las dos ruedas.<\/p>\n<\/div>\n\n\n\n<div class=\"wp-block-column is-vertically-aligned-top is-layout-flow wp-block-column-is-layout-flow\"><div class=\"wp-block-image\">\n<figure class=\"alignright size-full\"><img loading=\"lazy\" decoding=\"async\" width=\"1800\" height=\"1600\" src=\"http:\/\/mivv2026.local\/wp-content\/uploads\/2026\/03\/mivv-design-prodotti-1.jpg\" alt=\"\" class=\"wp-image-3461\" style=\"object-fit:cover\" srcset=\"https:\/\/dev.mivv.com\/wp-content\/uploads\/2026\/03\/mivv-design-prodotti-1.jpg 1800w, https:\/\/dev.mivv.com\/wp-content\/uploads\/2026\/03\/mivv-design-prodotti-1-300x267.jpg 300w, https:\/\/dev.mivv.com\/wp-content\/uploads\/2026\/03\/mivv-design-prodotti-1-1024x910.jpg 1024w, https:\/\/dev.mivv.com\/wp-content\/uploads\/2026\/03\/mivv-design-prodotti-1-768x683.jpg 768w, https:\/\/dev.mivv.com\/wp-content\/uploads\/2026\/03\/mivv-design-prodotti-1-1536x1365.jpg 1536w, https:\/\/dev.mivv.com\/wp-content\/uploads\/2026\/03\/mivv-design-prodotti-1-600x533.jpg 600w\" sizes=\"auto, (max-width: 1800px) 100vw, 1800px\" \/><\/figure>\n<\/div><\/div>\n<\/div>\n\n<div class=\"wp-block-columns inverti-mobile is-layout-flex wp-container-core-columns-is-layout-9d6595d7 wp-block-columns-is-layout-flex\">\n<div class=\"wp-block-column is-layout-flow wp-block-column-is-layout-flow\" style=\"flex-basis:50%\"><div class=\"wp-block-image\">\n<figure class=\"alignleft size-full\"><img loading=\"lazy\" decoding=\"async\" width=\"1280\" height=\"1138\" src=\"http:\/\/mivv2026.local\/wp-content\/uploads\/2026\/03\/mivv-chi-siamo-2.jpg\" alt=\"\" class=\"wp-image-3477\" style=\"object-fit:cover\" srcset=\"https:\/\/dev.mivv.com\/wp-content\/uploads\/2026\/03\/mivv-chi-siamo-2.jpg 1280w, https:\/\/dev.mivv.com\/wp-content\/uploads\/2026\/03\/mivv-chi-siamo-2-300x267.jpg 300w, https:\/\/dev.mivv.com\/wp-content\/uploads\/2026\/03\/mivv-chi-siamo-2-1024x910.jpg 1024w, https:\/\/dev.mivv.com\/wp-content\/uploads\/2026\/03\/mivv-chi-siamo-2-768x683.jpg 768w, https:\/\/dev.mivv.com\/wp-content\/uploads\/2026\/03\/mivv-chi-siamo-2-600x533.jpg 600w\" sizes=\"auto, (max-width: 1280px) 100vw, 1280px\" \/><\/figure>\n<\/div><\/div>\n\n\n\n<div class=\"wp-block-column is-vertically-aligned-center is-layout-flow wp-block-column-is-layout-flow\" style=\"flex-basis:50%\">\n<h2 class=\"wp-block-heading\" style=\"font-size:60px;font-style:normal;font-weight:700\">Pasi\u00f3n por el racing<\/h2>\n\n\n\n<p><strong>Tecnolog\u00eda y artesan\u00eda italiana<\/strong><\/p>\n\n\n\n<div style=\"height:25px\" aria-hidden=\"true\" class=\"wp-block-spacer\"><\/div>\n\n\n\n<p>Nos comprometemos constantemente con el crecimiento tecnol\u00f3gico, impulsados por una pasi\u00f3n y una determinaci\u00f3n sin l\u00edmites. Es precisamente esta dedicaci\u00f3n la que nos ha permitido alcanzar logros importantes en todos los principales mercados mundiales.<\/p>\n\n\n\n<p>Nuestra experiencia en el mundo de la competici\u00f3n ha desempe\u00f1ado un papel fundamental en nuestro \u00e9xito. Colaboramos con equipos de alto nivel que compiten en los Campeonatos Italianos, Europeos y Mundiales, los cuales nos han aportado conocimientos y competencias \u00fanicas para desarrollar productos premium de calidad superior.<\/p>\n\n\n\n<p>Al elegir Mivv se obtiene no solo un sistema de escape premium, sino tambi\u00e9n un icono del estilo italiano que combina dise\u00f1o y prestaciones inigualables. Nuestras soluciones son una expresi\u00f3n de la pasi\u00f3n y la artesan\u00eda italiana y aportan un toque distintivo a cada moto.<\/p>\n\n\n\n<div style=\"height:25px\" aria-hidden=\"true\" class=\"wp-block-spacer\"><\/div>\n\n\n\n<div class=\"wp-block-buttons is-layout-flex wp-block-buttons-is-layout-flex\">\n<div class=\"wp-block-button is-style-outline is-style-outline--1\"><a class=\"wp-block-button__link has-black-color has-text-color has-link-color has-text-align-center wp-element-button\" href=\"https:\/\/dev.mivv.com\/es\/escapes\/\" style=\"border-top-left-radius:0px;border-top-right-radius:0px;border-bottom-left-radius:0px;border-bottom-right-radius:0px;font-style:normal;font-weight:600;text-transform:uppercase\">Descubre los escapes Mivv<\/a><\/div>\n<\/div>\n<\/div>\n<\/div>\n\n<div style=\"height:100px\" aria-hidden=\"true\" class=\"wp-block-spacer\"><\/div>\n\n<p class=\"has-text-align-center\" style=\"font-size:50px;font-style:normal;font-weight:700;letter-spacing:0px\"><strong>\u00bfNuestro desaf\u00edo?<\/strong><\/p>\n\n<p class=\"has-text-align-center\" style=\"letter-spacing:0px\"><strong>Ofrecer sistemas de escape premium capaces de garantizar el m\u00e1ximo en t\u00e9rminos de prestaciones y emociones.<\/strong><\/p>\n\n<div style=\"height:50px\" aria-hidden=\"true\" class=\"wp-block-spacer\"><\/div>\n\n<div class=\"wp-block-group is-content-justification-center is-layout-flex wp-container-core-group-is-layout-64b26803 wp-block-group-is-layout-flex\">\n<iframe loading=\"lazy\" width=\"1120\" height=\"630\" src=\"https:\/\/www.youtube.com\/embed\/UmKH0TesqWk?si=PDE7C8kgL7EDvLXn\" title=\"Reproductor de video de YouTube\" frameborder=\"0\" allow=\"accelerometer; autoplay; clipboard-write; encrypted-media; gyroscope; picture-in-picture; web-share\" referrerpolicy=\"strict-origin-when-cross-origin\" allowfullscreen=\"\"><\/iframe>\r\n<\/div>\n","protected":false},"excerpt":{"rendered":"<p>Puro estilo italiano El escape premium para motos exclusivas Mivv es una empresa l\u00edder en la creaci\u00f3n de sistemas de escape premium para motos que ofrecen una combinaci\u00f3n perfecta de prestaciones y emociones envolventes. Desde su fundaci\u00f3n en 1970, hemos atravesado per\u00edodos de crecimiento extraordinario y actualmente contamos con 160 empleados distribuidos en 3 plantas [&hellip;]<\/p>\n","protected":false},"author":1,"featured_media":0,"parent":0,"menu_order":0,"comment_status":"closed","ping_status":"closed","template":"","meta":{"_acf_changed":false,"footnotes":""},"class_list":["post-205","page","type-page","status-publish","hentry"],"acf":[],"_links":{"self":[{"href":"https:\/\/dev.mivv.com\/es\/wp-json\/wp\/v2\/pages\/205","targetHints":{"allow":["GET"]}}],"collection":[{"href":"https:\/\/dev.mivv.com\/es\/wp-json\/wp\/v2\/pages"}],"about":[{"href":"https:\/\/dev.mivv.com\/es\/wp-json\/wp\/v2\/types\/page"}],"author":[{"embeddable":true,"href":"https:\/\/dev.mivv.com\/es\/wp-json\/wp\/v2\/users\/1"}],"replies":[{"embeddable":true,"href":"https:\/\/dev.mivv.com\/es\/wp-json\/wp\/v2\/comments?post=205"}],"version-history":[{"count":12,"href":"https:\/\/dev.mivv.com\/es\/wp-json\/wp\/v2\/pages\/205\/revisions"}],"predecessor-version":[{"id":105908,"href":"https:\/\/dev.mivv.com\/es\/wp-json\/wp\/v2\/pages\/205\/revisions\/105908"}],"wp:attachment":[{"href":"https:\/\/dev.mivv.com\/es\/wp-json\/wp\/v2\/media?parent=205"}],"curies":[{"name":"wp","href":"https:\/\/api.w.org\/{rel}","templated":true}]}}