{"id":102235,"date":"2026-04-21T14:56:41","date_gmt":"2026-04-21T12:56:41","guid":{"rendered":"https:\/\/dev.mivv.com\/scarico-moto\/cf-002-lx2-cf-moto-700mt-2024-2024\/"},"modified":"2026-04-21T14:56:41","modified_gmt":"2026-04-21T12:56:41","slug":"cf-002-lx2-cf-moto-700mt-2024-2024","status":"publish","type":"product","link":"https:\/\/dev.mivv.com\/es\/product\/cf-002-lx2-cf-moto-700mt-2024-2024\/","title":{"rendered":"CF.002.LX2 \u2013 CF MOTO 700MT 2024 > 2024"},"content":{"rendered":"<p>Hecho para mejorar <strong>est\u00e9tica, sound y rendimiento<\/strong> de la moto, el escape slip-on Mivv nace a partir de la m\u00e1xima atenci\u00f3n al dise\u00f1o, con el objetivo de satisfacer a los que quieren <strong>distinguirse<\/strong>, tambi\u00e9n por el look de su propia moto.<\/p>\n<p>Los escapes de la l\u00ednea OVAL se adaptan perfectamente a todo tipo de motos. Acabado con gran atenci\u00f3n al detalle, es una l\u00ednea que representa el mejor compromiso entre el <strong>dise\u00f1o<\/strong> y el <strong>rendimiento<\/strong>. <\/p>\n<p>El escape est\u00e1 realizado por el cuerpo en acero inox <strong>cepillado<\/strong>; este material da al escape el cl\u00e1sico <strong>aspecto natural<\/strong> del acero inox.<\/p>\n","protected":false},"excerpt":{"rendered":"<p>HOMOLOGADO EURO 5 SOLO CON CATALIZADOR ACC.077.A1 INSTALADO. NO COMPATIBLE CON VEH\u00cdCULOS EURO 5 + EQUIPADOS CON SONDA LAMBDA DESPU\u00c9S DEL CATALIZADOR.<\/p>\n","protected":false},"featured_media":62581,"template":"","meta":{"_acf_changed":false},"product_brand":[22728,22721,22567],"product_cat":[702],"product_tag":[],"class_list":{"0":"post-102235","1":"product","2":"type-product","3":"status-publish","4":"has-post-thumbnail","6":"product_brand-2024-700-mt","7":"product_brand-700-mt","8":"product_brand-cf-moto","9":"product_cat-slip-on","11":"first","12":"instock","13":"shipping-taxable","14":"product-type-simple"},"acf":[],"_links":{"self":[{"href":"https:\/\/dev.mivv.com\/es\/wp-json\/wp\/v2\/product\/102235","targetHints":{"allow":["GET"]}}],"collection":[{"href":"https:\/\/dev.mivv.com\/es\/wp-json\/wp\/v2\/product"}],"about":[{"href":"https:\/\/dev.mivv.com\/es\/wp-json\/wp\/v2\/types\/product"}],"wp:featuredmedia":[{"embeddable":true,"href":"https:\/\/dev.mivv.com\/es\/wp-json\/wp\/v2\/media\/62581"}],"wp:attachment":[{"href":"https:\/\/dev.mivv.com\/es\/wp-json\/wp\/v2\/media?parent=102235"}],"wp:term":[{"taxonomy":"product_brand","embeddable":true,"href":"https:\/\/dev.mivv.com\/es\/wp-json\/wp\/v2\/product_brand?post=102235"},{"taxonomy":"product_cat","embeddable":true,"href":"https:\/\/dev.mivv.com\/es\/wp-json\/wp\/v2\/product_cat?post=102235"},{"taxonomy":"product_tag","embeddable":true,"href":"https:\/\/dev.mivv.com\/es\/wp-json\/wp\/v2\/product_tag?post=102235"}],"curies":[{"name":"wp","href":"https:\/\/api.w.org\/{rel}","templated":true}]}}