{"id":103397,"date":"2026-04-21T15:07:20","date_gmt":"2026-04-21T13:07:20","guid":{"rendered":"https:\/\/dev.mivv.com\/scarico-moto\/mv-vo-0001-lv-voge-sfida-sr4-max-2024-2025\/"},"modified":"2026-04-21T15:07:20","modified_gmt":"2026-04-21T13:07:20","slug":"mv-vo-0001-lv-voge-sfida-sr4-max-2024-2025","status":"publish","type":"product","link":"https:\/\/dev.mivv.com\/es\/product\/mv-vo-0001-lv-voge-sfida-sr4-max-2024-2025\/","title":{"rendered":"MV.VO.0001.LV &#8211; VOGE SFIDA SR4 MAX 2024 > 2025"},"content":{"rendered":"<p>Hecho para mejorar <strong>est\u00e9tica, sound y rendimiento<\/strong> de la moto, el escape slip-on Mivv nace a partir de la m\u00e1xima atenci\u00f3n al dise\u00f1o, con el objetivo de satisfacer a los que quieren <strong>distinguirse<\/strong>, tambi\u00e9n por el look de su propia moto.<\/p>\n<p>El escape <strong>MIVV Mover<\/strong> se instala <strong>f\u00e1cilmente<\/strong> y garantiza m\u00e1s <strong>potencia<\/strong>, m\u00e1s par motor y <strong>menor<\/strong> peso. El escape Mivv Mover es de forma ovalada y tapa en material Hpp da a tu scooter un <strong>look est\u00e9tico inimitable<\/strong>  y un <strong> sonido Mivv inconfundible<\/strong> .<\/p>\n<p>El escape est\u00e1 disponible en acero inox y con un acabado <strong> negro<\/strong>  conseguido por medio de una pintura especial cer\u00e1mica. Esto da al escape un efecto <strong> \u201cblack moon\u201d<\/strong> .<\/p>\n<p>Mivv Mover puede llevar catalizador y gracias a esto el escape est\u00e1 homologado seg\u00fan las normas CE\/ECE.<\/p>\n","protected":false},"excerpt":{"rendered":"<p>HOMOLOGADO SOLO CON CATALIZADOR ACC.041.A1 INSTALADO<\/p>\n","protected":false},"featured_media":64593,"template":"","meta":{"_acf_changed":false},"product_brand":[28651,28645,28625],"product_cat":[702],"product_tag":[],"class_list":{"0":"post-103397","1":"product","2":"type-product","3":"status-publish","4":"has-post-thumbnail","6":"product_brand-2024-sfida-sr4-max","7":"product_brand-sfida-sr4-max","8":"product_brand-voge","9":"product_cat-slip-on","11":"first","12":"instock","13":"shipping-taxable","14":"product-type-simple"},"acf":[],"_links":{"self":[{"href":"https:\/\/dev.mivv.com\/es\/wp-json\/wp\/v2\/product\/103397","targetHints":{"allow":["GET"]}}],"collection":[{"href":"https:\/\/dev.mivv.com\/es\/wp-json\/wp\/v2\/product"}],"about":[{"href":"https:\/\/dev.mivv.com\/es\/wp-json\/wp\/v2\/types\/product"}],"wp:featuredmedia":[{"embeddable":true,"href":"https:\/\/dev.mivv.com\/es\/wp-json\/wp\/v2\/media\/64593"}],"wp:attachment":[{"href":"https:\/\/dev.mivv.com\/es\/wp-json\/wp\/v2\/media?parent=103397"}],"wp:term":[{"taxonomy":"product_brand","embeddable":true,"href":"https:\/\/dev.mivv.com\/es\/wp-json\/wp\/v2\/product_brand?post=103397"},{"taxonomy":"product_cat","embeddable":true,"href":"https:\/\/dev.mivv.com\/es\/wp-json\/wp\/v2\/product_cat?post=103397"},{"taxonomy":"product_tag","embeddable":true,"href":"https:\/\/dev.mivv.com\/es\/wp-json\/wp\/v2\/product_tag?post=103397"}],"curies":[{"name":"wp","href":"https:\/\/api.w.org\/{rel}","templated":true}]}}