{"id":103978,"date":"2026-04-21T15:12:26","date_gmt":"2026-04-21T13:12:26","guid":{"rendered":"https:\/\/dev.mivv.com\/scarico-moto\/h-094-lzk-honda-cb-650-r-2024-2026\/"},"modified":"2026-04-21T15:12:26","modified_gmt":"2026-04-21T13:12:26","slug":"h-094-lzk-honda-cb-650-r-2024-2026","status":"publish","type":"product","link":"https:\/\/dev.mivv.com\/es\/product\/h-094-lzk-honda-cb-650-r-2024-2026\/","title":{"rendered":"H.094.LZK &#8211; HONDA CB 650 R 2024 > 2026"},"content":{"rendered":"","protected":false},"excerpt":{"rendered":"<p>PROTECTOR DE CALOR DE CARBONO INCLUIDO. HOMOLOGADO SOLO CON CATALIZADOR ACC.099.A1 INSTALADO. La instalaci\u00f3n de este sistema de escape sin el convertidor catal\u00edtico y la switch-off key puede provocar que se encienda la luz de advertencia del motor. Catalizador extra\u00edble ACC.099.A1 disponible como opci\u00f3n<\/p>\n","protected":false},"featured_media":66113,"template":"","meta":{"_acf_changed":false},"product_brand":[24044,24030,23848],"product_cat":[685],"product_tag":[],"class_list":{"0":"post-103978","1":"product","2":"type-product","3":"status-publish","4":"has-post-thumbnail","6":"product_brand-2024-2026-9188","7":"product_brand-cb-650-r","8":"product_brand-honda","9":"product_cat-escape-completo","11":"first","12":"instock","13":"shipping-taxable","14":"product-type-simple"},"acf":[],"_links":{"self":[{"href":"https:\/\/dev.mivv.com\/es\/wp-json\/wp\/v2\/product\/103978","targetHints":{"allow":["GET"]}}],"collection":[{"href":"https:\/\/dev.mivv.com\/es\/wp-json\/wp\/v2\/product"}],"about":[{"href":"https:\/\/dev.mivv.com\/es\/wp-json\/wp\/v2\/types\/product"}],"wp:featuredmedia":[{"embeddable":true,"href":"https:\/\/dev.mivv.com\/es\/wp-json\/wp\/v2\/media\/66113"}],"wp:attachment":[{"href":"https:\/\/dev.mivv.com\/es\/wp-json\/wp\/v2\/media?parent=103978"}],"wp:term":[{"taxonomy":"product_brand","embeddable":true,"href":"https:\/\/dev.mivv.com\/es\/wp-json\/wp\/v2\/product_brand?post=103978"},{"taxonomy":"product_cat","embeddable":true,"href":"https:\/\/dev.mivv.com\/es\/wp-json\/wp\/v2\/product_cat?post=103978"},{"taxonomy":"product_tag","embeddable":true,"href":"https:\/\/dev.mivv.com\/es\/wp-json\/wp\/v2\/product_tag?post=103978"}],"curies":[{"name":"wp","href":"https:\/\/api.w.org\/{rel}","templated":true}]}}