{"id":68489,"date":"2026-04-15T16:27:01","date_gmt":"2026-04-15T14:27:01","guid":{"rendered":"https:\/\/dev.mivv.com\/scarico-moto\/k-015-lc3-kawasaki-er-6n-f-2005-2011\/"},"modified":"2026-04-15T16:27:01","modified_gmt":"2026-04-15T14:27:01","slug":"k-015-lc3-kawasaki-er-6n-f-2005-2011","status":"publish","type":"product","link":"https:\/\/dev.mivv.com\/es\/product\/k-015-lc3-kawasaki-er-6n-f-2005-2011\/","title":{"rendered":"K.015.LC3 &#8211; KAWASAKI ER-6N \/ F 2005 > 2011"},"content":{"rendered":"<p>Hecho para mejorar <strong>est\u00e9tica, sound y rendimiento<\/strong> de la moto, el escape slip-on Mivv nace a partir de la m\u00e1xima atenci\u00f3n al dise\u00f1o, con el objetivo de satisfacer a los que quieren <strong>distinguirse<\/strong>, tambi\u00e9n por el look de su propia moto.<\/p>\n<p>El escape X-Cone ha sido pensado principalmente para moto naked o de dise\u00f1o de estilo antiguo. Su aspecto <strong>conico<\/strong> est\u00e1 sostenido por una fabricaci\u00f3n atenta a cada detalle. <\/p>\n<p>El escape est\u00e1 realizado en <strong>acero inox<\/strong> con un acabado <strong>cepillado<\/strong>.<\/p>\n","protected":false},"excerpt":{"rendered":"<p>Hecho para mejorar est\u00e9tica, sound y rendimiento de la moto, el escape slip-on Mivv nace a partir de la m\u00e1xima atenci\u00f3n al dise\u00f1o, con el objetivo de satisfacer a los que quieren distinguirse, tambi\u00e9n por el look de su propia moto. El escape X-Cone ha sido pensado principalmente para moto naked o de dise\u00f1o de [&hellip;]<\/p>\n","protected":false},"featured_media":62816,"template":"","meta":{"_acf_changed":false},"product_brand":[20866,20865,20862],"product_cat":[702],"product_tag":[],"class_list":{"0":"post-68489","1":"product","2":"type-product","3":"status-publish","4":"has-post-thumbnail","6":"product_brand-2005-2011-er-6n-f","7":"product_brand-er-6n-f","8":"product_brand-kawasaki","9":"product_cat-slip-on","11":"first","12":"instock","13":"shipping-taxable","14":"product-type-simple"},"acf":[],"_links":{"self":[{"href":"https:\/\/dev.mivv.com\/es\/wp-json\/wp\/v2\/product\/68489","targetHints":{"allow":["GET"]}}],"collection":[{"href":"https:\/\/dev.mivv.com\/es\/wp-json\/wp\/v2\/product"}],"about":[{"href":"https:\/\/dev.mivv.com\/es\/wp-json\/wp\/v2\/types\/product"}],"wp:featuredmedia":[{"embeddable":true,"href":"https:\/\/dev.mivv.com\/es\/wp-json\/wp\/v2\/media\/62816"}],"wp:attachment":[{"href":"https:\/\/dev.mivv.com\/es\/wp-json\/wp\/v2\/media?parent=68489"}],"wp:term":[{"taxonomy":"product_brand","embeddable":true,"href":"https:\/\/dev.mivv.com\/es\/wp-json\/wp\/v2\/product_brand?post=68489"},{"taxonomy":"product_cat","embeddable":true,"href":"https:\/\/dev.mivv.com\/es\/wp-json\/wp\/v2\/product_cat?post=68489"},{"taxonomy":"product_tag","embeddable":true,"href":"https:\/\/dev.mivv.com\/es\/wp-json\/wp\/v2\/product_tag?post=68489"}],"curies":[{"name":"wp","href":"https:\/\/api.w.org\/{rel}","templated":true}]}}