{"id":69385,"date":"2026-04-15T16:51:14","date_gmt":"2026-04-15T14:51:14","guid":{"rendered":"https:\/\/dev.mivv.com\/scarico-moto\/c-pg-0018-k-piaggio-mp3-400-2007-2020\/"},"modified":"2026-04-15T16:51:14","modified_gmt":"2026-04-15T14:51:14","slug":"c-pg-0018-k-piaggio-mp3-400-2007-2020","status":"publish","type":"product","link":"https:\/\/dev.mivv.com\/es\/product\/c-pg-0018-k-piaggio-mp3-400-2007-2020\/","title":{"rendered":"C.PG.0018.K &#8211; PIAGGIO MP3 400 2007 > 2020"},"content":{"rendered":"<p>Hecho para mejorar <strong>est\u00e9tica, sound y rendimiento<\/strong> de la moto, el escape slip-on Mivv nace a partir de la m\u00e1xima atenci\u00f3n al dise\u00f1o, con el objetivo de satisfacer a los que quieren <strong>distinguirse<\/strong>, tambi\u00e9n por el look de su propia moto.<\/p>\n<p>URBAN es una l\u00ednea alternativa en cuanto a <strong>aspecto<\/strong> y caracter\u00edsticas t\u00e9cnicas. Fabricado completamente en <strong>acero inox cepillado<\/strong>, este escape combina h\u00e1bilmente <strong>estilo y precio<\/strong>.<\/p>\n<p> La l\u00ednea Urban tambi\u00e9n est\u00e1 disponible en versi\u00f3n catalizada, cumpliendo con las normas europeas.<\/p>\n","protected":false},"excerpt":{"rendered":"<p>Hecho para mejorar est\u00e9tica, sound y rendimiento de la moto, el escape slip-on Mivv nace a partir de la m\u00e1xima atenci\u00f3n al dise\u00f1o, con el objetivo de satisfacer a los que quieren distinguirse, tambi\u00e9n por el look de su propia moto. URBAN es una l\u00ednea alternativa en cuanto a aspecto y caracter\u00edsticas t\u00e9cnicas. Fabricado completamente [&hellip;]<\/p>\n","protected":false},"featured_media":38015,"template":"","meta":{"_acf_changed":false},"product_brand":[21164,21163,21133],"product_cat":[809],"product_tag":[],"class_list":{"0":"post-69385","1":"product","2":"type-product","3":"status-publish","4":"has-post-thumbnail","6":"product_brand-2007-2011-mp3-400","7":"product_brand-mp3-400","8":"product_brand-piaggio","9":"product_cat-escape-completo-kat","11":"first","12":"instock","13":"shipping-taxable","14":"product-type-simple"},"acf":[],"_links":{"self":[{"href":"https:\/\/dev.mivv.com\/es\/wp-json\/wp\/v2\/product\/69385","targetHints":{"allow":["GET"]}}],"collection":[{"href":"https:\/\/dev.mivv.com\/es\/wp-json\/wp\/v2\/product"}],"about":[{"href":"https:\/\/dev.mivv.com\/es\/wp-json\/wp\/v2\/types\/product"}],"wp:featuredmedia":[{"embeddable":true,"href":"https:\/\/dev.mivv.com\/es\/wp-json\/wp\/v2\/media\/38015"}],"wp:attachment":[{"href":"https:\/\/dev.mivv.com\/es\/wp-json\/wp\/v2\/media?parent=69385"}],"wp:term":[{"taxonomy":"product_brand","embeddable":true,"href":"https:\/\/dev.mivv.com\/es\/wp-json\/wp\/v2\/product_brand?post=69385"},{"taxonomy":"product_cat","embeddable":true,"href":"https:\/\/dev.mivv.com\/es\/wp-json\/wp\/v2\/product_cat?post=69385"},{"taxonomy":"product_tag","embeddable":true,"href":"https:\/\/dev.mivv.com\/es\/wp-json\/wp\/v2\/product_tag?post=69385"}],"curies":[{"name":"wp","href":"https:\/\/api.w.org\/{rel}","templated":true}]}}