{"id":69483,"date":"2026-04-15T16:51:38","date_gmt":"2026-04-15T14:51:38","guid":{"rendered":"https:\/\/dev.mivv.com\/scarico-moto\/s-003-l4-suzuki-gsf-600-bandit-1995-2004\/"},"modified":"2026-04-15T16:51:38","modified_gmt":"2026-04-15T14:51:38","slug":"s-003-l4-suzuki-gsf-600-bandit-1995-2004","status":"publish","type":"product","link":"https:\/\/dev.mivv.com\/es\/product\/s-003-l4-suzuki-gsf-600-bandit-1995-2004\/","title":{"rendered":"S.003.L4 &#8211; SUZUKI GSF 600 BANDIT 1995 > 2004"},"content":{"rendered":"<p>Hecho para mejorar <strong>est\u00e9tica, sound y rendimiento<\/strong> de la moto, el escape slip-on Mivv nace a partir de la m\u00e1xima atenci\u00f3n al dise\u00f1o, con el objetivo de satisfacer a los que quieren <strong>distinguirse<\/strong>, tambi\u00e9n por el look de su propia moto.<\/p>\n<p>Los escapes de la l\u00ednea OVAL se adaptan perfectamente a todo tipo de motos. Acabado con gran atenci\u00f3n al detalle, es una l\u00ednea que representa el mejor compromiso entre el <strong>dise\u00f1o<\/strong> y el <strong>rendimiento<\/strong>. <\/p>\n<p>El escape est\u00e1 realizado por el cuerpo de titanio; este material da al escape ligereza y exclusividad.<\/p>\n","protected":false},"excerpt":{"rendered":"<p>Hecho para mejorar est\u00e9tica, sound y rendimiento de la moto, el escape slip-on Mivv nace a partir de la m\u00e1xima atenci\u00f3n al dise\u00f1o, con el objetivo de satisfacer a los que quieren distinguirse, tambi\u00e9n por el look de su propia moto. Los escapes de la l\u00ednea OVAL se adaptan perfectamente a todo tipo de motos. [&hellip;]<\/p>\n","protected":false},"featured_media":62683,"template":"","meta":{"_acf_changed":false},"product_brand":[21234,21233,21211],"product_cat":[702],"product_tag":[],"class_list":{"0":"post-69483","1":"product","2":"type-product","3":"status-publish","4":"has-post-thumbnail","6":"product_brand-1995-2004-gsf-600-bandit","7":"product_brand-gsf-600-bandit","8":"product_brand-suzuki","9":"product_cat-slip-on","11":"first","12":"instock","13":"shipping-taxable","14":"product-type-simple"},"acf":[],"_links":{"self":[{"href":"https:\/\/dev.mivv.com\/es\/wp-json\/wp\/v2\/product\/69483","targetHints":{"allow":["GET"]}}],"collection":[{"href":"https:\/\/dev.mivv.com\/es\/wp-json\/wp\/v2\/product"}],"about":[{"href":"https:\/\/dev.mivv.com\/es\/wp-json\/wp\/v2\/types\/product"}],"wp:featuredmedia":[{"embeddable":true,"href":"https:\/\/dev.mivv.com\/es\/wp-json\/wp\/v2\/media\/62683"}],"wp:attachment":[{"href":"https:\/\/dev.mivv.com\/es\/wp-json\/wp\/v2\/media?parent=69483"}],"wp:term":[{"taxonomy":"product_brand","embeddable":true,"href":"https:\/\/dev.mivv.com\/es\/wp-json\/wp\/v2\/product_brand?post=69483"},{"taxonomy":"product_cat","embeddable":true,"href":"https:\/\/dev.mivv.com\/es\/wp-json\/wp\/v2\/product_cat?post=69483"},{"taxonomy":"product_tag","embeddable":true,"href":"https:\/\/dev.mivv.com\/es\/wp-json\/wp\/v2\/product_tag?post=69483"}],"curies":[{"name":"wp","href":"https:\/\/api.w.org\/{rel}","templated":true}]}}