{"id":69600,"date":"2026-04-15T16:52:01","date_gmt":"2026-04-15T14:52:01","guid":{"rendered":"https:\/\/dev.mivv.com\/scarico-moto\/s-021-l7-suzuki-gsx-r-750-2006-2007\/"},"modified":"2026-04-15T16:52:01","modified_gmt":"2026-04-15T14:52:01","slug":"s-021-l7-suzuki-gsx-r-750-2006-2007","status":"publish","type":"product","link":"https:\/\/dev.mivv.com\/es\/product\/s-021-l7-suzuki-gsx-r-750-2006-2007\/","title":{"rendered":"S.021.L7 &#8211; SUZUKI GSX-R 750 2006 > 2007"},"content":{"rendered":"<p>Hecho para mejorar <strong>est\u00e9tica, sound y rendimiento<\/strong> de la moto, el escape slip-on Mivv nace a partir de la m\u00e1xima atenci\u00f3n al dise\u00f1o, con el objetivo de satisfacer a los que quieren <strong>distinguirse<\/strong>, tambi\u00e9n por el look de su propia moto.<\/p>\n<p>La l\u00ednea SUONO es la s\u00edntesis perfecta entre <strong>est\u00e9tica, innovaci\u00f3n y tecnolog\u00eda<\/strong> aplicada. Para fabricarlo se han elegido los <strong>mejores materiales<\/strong> para garantizar al producto la <strong>m\u00e1xima ligereza.<\/strong><\/p>\n<p>Fabricado completamente en acero inox cepillado resistente a las altas temperaturas, este silenciador es el ideal para los amantes de las dos ruedas que no quieren renunciar al <strong>dise\u00f1o.<\/strong><\/p>\n","protected":false},"excerpt":{"rendered":"<p>Hecho para mejorar est\u00e9tica, sound y rendimiento de la moto, el escape slip-on Mivv nace a partir de la m\u00e1xima atenci\u00f3n al dise\u00f1o, con el objetivo de satisfacer a los que quieren distinguirse, tambi\u00e9n por el look de su propia moto. La l\u00ednea SUONO es la s\u00edntesis perfecta entre est\u00e9tica, innovaci\u00f3n y tecnolog\u00eda aplicada. Para [&hellip;]<\/p>\n","protected":false},"featured_media":62590,"template":"","meta":{"_acf_changed":false},"product_brand":[21278,21275,21211],"product_cat":[702],"product_tag":[],"class_list":{"0":"post-69600","1":"product","2":"type-product","3":"status-publish","4":"has-post-thumbnail","6":"product_brand-2006-2007-gsx-r-750","7":"product_brand-gsx-r-750","8":"product_brand-suzuki","9":"product_cat-slip-on","11":"first","12":"instock","13":"shipping-taxable","14":"product-type-simple"},"acf":[],"_links":{"self":[{"href":"https:\/\/dev.mivv.com\/es\/wp-json\/wp\/v2\/product\/69600","targetHints":{"allow":["GET"]}}],"collection":[{"href":"https:\/\/dev.mivv.com\/es\/wp-json\/wp\/v2\/product"}],"about":[{"href":"https:\/\/dev.mivv.com\/es\/wp-json\/wp\/v2\/types\/product"}],"wp:featuredmedia":[{"embeddable":true,"href":"https:\/\/dev.mivv.com\/es\/wp-json\/wp\/v2\/media\/62590"}],"wp:attachment":[{"href":"https:\/\/dev.mivv.com\/es\/wp-json\/wp\/v2\/media?parent=69600"}],"wp:term":[{"taxonomy":"product_brand","embeddable":true,"href":"https:\/\/dev.mivv.com\/es\/wp-json\/wp\/v2\/product_brand?post=69600"},{"taxonomy":"product_cat","embeddable":true,"href":"https:\/\/dev.mivv.com\/es\/wp-json\/wp\/v2\/product_cat?post=69600"},{"taxonomy":"product_tag","embeddable":true,"href":"https:\/\/dev.mivv.com\/es\/wp-json\/wp\/v2\/product_tag?post=69600"}],"curies":[{"name":"wp","href":"https:\/\/api.w.org\/{rel}","templated":true}]}}