{"id":69992,"date":"2026-04-15T17:10:52","date_gmt":"2026-04-15T15:10:52","guid":{"rendered":"https:\/\/dev.mivv.com\/scarico-moto\/s-028-l9-suzuki-gsx-r-1000-2007-2008\/"},"modified":"2026-04-15T17:10:52","modified_gmt":"2026-04-15T15:10:52","slug":"s-028-l9-suzuki-gsx-r-1000-2007-2008","status":"publish","type":"product","link":"https:\/\/dev.mivv.com\/es\/product\/s-028-l9-suzuki-gsx-r-1000-2007-2008\/","title":{"rendered":"S.028.L9 &#8211; SUZUKI GSX-R 1000 2007 > 2008"},"content":{"rendered":"<p>Hecho para mejorar <strong>est\u00e9tica, sound y rendimiento<\/strong> de la moto, el escape slip-on Mivv nace a partir de la m\u00e1xima atenci\u00f3n al dise\u00f1o, con el objetivo de satisfacer a los que quieren <strong>distinguirse<\/strong>, tambi\u00e9n por el look de su propia moto.<\/p>\n<p>La l\u00ednea SUONO es la s\u00edntesis perfecta entre <strong>est\u00e9tica, innovaci\u00f3n y tecnolog\u00eda<\/strong> aplicada. Para fabricarlo se han elegido los <strong>mejores materiales<\/strong> para garantizar al producto la <strong>m\u00e1xima ligereza.<\/strong><\/p>\n<p>El silenciador est\u00e1 formado por un cuerpo central de acero inox de color negro <strong>\u201cBlack Moon\u201d<\/strong> obtenido por un proceso de coloraci\u00f3n especial. Esta versi\u00f3n da al producto un aspecto m\u00e1s <strong>agresivo.<\/strong><\/p>\n","protected":false},"excerpt":{"rendered":"<p>Hecho para mejorar est\u00e9tica, sound y rendimiento de la moto, el escape slip-on Mivv nace a partir de la m\u00e1xima atenci\u00f3n al dise\u00f1o, con el objetivo de satisfacer a los que quieren distinguirse, tambi\u00e9n por el look de su propia moto. La l\u00ednea SUONO es la s\u00edntesis perfecta entre est\u00e9tica, innovaci\u00f3n y tecnolog\u00eda aplicada. Para [&hellip;]<\/p>\n","protected":false},"featured_media":62600,"template":"","meta":{"_acf_changed":false},"product_brand":[21260,21257,21211],"product_cat":[846],"product_tag":[],"class_list":{"0":"post-69992","1":"product","2":"type-product","3":"status-publish","4":"has-post-thumbnail","6":"product_brand-2007-2008-gsx-r-1000","7":"product_brand-gsx-r-1000","8":"product_brand-suzuki","9":"product_cat-2-slip-on","11":"first","12":"instock","13":"shipping-taxable","14":"product-type-simple"},"acf":[],"_links":{"self":[{"href":"https:\/\/dev.mivv.com\/es\/wp-json\/wp\/v2\/product\/69992","targetHints":{"allow":["GET"]}}],"collection":[{"href":"https:\/\/dev.mivv.com\/es\/wp-json\/wp\/v2\/product"}],"about":[{"href":"https:\/\/dev.mivv.com\/es\/wp-json\/wp\/v2\/types\/product"}],"wp:featuredmedia":[{"embeddable":true,"href":"https:\/\/dev.mivv.com\/es\/wp-json\/wp\/v2\/media\/62600"}],"wp:attachment":[{"href":"https:\/\/dev.mivv.com\/es\/wp-json\/wp\/v2\/media?parent=69992"}],"wp:term":[{"taxonomy":"product_brand","embeddable":true,"href":"https:\/\/dev.mivv.com\/es\/wp-json\/wp\/v2\/product_brand?post=69992"},{"taxonomy":"product_cat","embeddable":true,"href":"https:\/\/dev.mivv.com\/es\/wp-json\/wp\/v2\/product_cat?post=69992"},{"taxonomy":"product_tag","embeddable":true,"href":"https:\/\/dev.mivv.com\/es\/wp-json\/wp\/v2\/product_tag?post=69992"}],"curies":[{"name":"wp","href":"https:\/\/api.w.org\/{rel}","templated":true}]}}