{"id":70230,"date":"2026-04-15T17:33:25","date_gmt":"2026-04-15T15:33:25","guid":{"rendered":"https:\/\/dev.mivv.com\/scarico-moto\/y-018-lx1-yamaha-t-max-500-2001-2007\/"},"modified":"2026-04-15T17:33:25","modified_gmt":"2026-04-15T15:33:25","slug":"y-018-lx1-yamaha-t-max-500-2001-2007","status":"publish","type":"product","link":"https:\/\/dev.mivv.com\/es\/product\/y-018-lx1-yamaha-t-max-500-2001-2007\/","title":{"rendered":"Y.018.LX1 &#8211; YAMAHA T-MAX 500 2001 > 2007"},"content":{"rendered":"<p>Hecho para mejorar <strong>est\u00e9tica, sound y rendimiento<\/strong> de la moto, el escape slip-on Mivv nace a partir de la m\u00e1xima atenci\u00f3n al dise\u00f1o, con el objetivo de satisfacer a los que quieren <strong>distinguirse<\/strong>, tambi\u00e9n por el look de su propia moto.<\/p>\n","protected":false},"excerpt":{"rendered":"<p>Hecho para mejorar est\u00e9tica, sound y rendimiento de la moto, el escape slip-on Mivv nace a partir de la m\u00e1xima atenci\u00f3n al dise\u00f1o, con el objetivo de satisfacer a los que quieren distinguirse, tambi\u00e9n por el look de su propia moto.<\/p>\n","protected":false},"featured_media":62581,"template":"","meta":{"_acf_changed":false},"product_brand":[21422,21421,21384],"product_cat":[685],"product_tag":[],"class_list":{"0":"post-70230","1":"product","2":"type-product","3":"status-publish","4":"has-post-thumbnail","6":"product_brand-2001-2007-t-max-500","7":"product_brand-t-max-500","8":"product_brand-yamaha","9":"product_cat-escape-completo","11":"first","12":"instock","13":"shipping-taxable","14":"product-type-simple"},"acf":[],"_links":{"self":[{"href":"https:\/\/dev.mivv.com\/es\/wp-json\/wp\/v2\/product\/70230","targetHints":{"allow":["GET"]}}],"collection":[{"href":"https:\/\/dev.mivv.com\/es\/wp-json\/wp\/v2\/product"}],"about":[{"href":"https:\/\/dev.mivv.com\/es\/wp-json\/wp\/v2\/types\/product"}],"wp:featuredmedia":[{"embeddable":true,"href":"https:\/\/dev.mivv.com\/es\/wp-json\/wp\/v2\/media\/62581"}],"wp:attachment":[{"href":"https:\/\/dev.mivv.com\/es\/wp-json\/wp\/v2\/media?parent=70230"}],"wp:term":[{"taxonomy":"product_brand","embeddable":true,"href":"https:\/\/dev.mivv.com\/es\/wp-json\/wp\/v2\/product_brand?post=70230"},{"taxonomy":"product_cat","embeddable":true,"href":"https:\/\/dev.mivv.com\/es\/wp-json\/wp\/v2\/product_cat?post=70230"},{"taxonomy":"product_tag","embeddable":true,"href":"https:\/\/dev.mivv.com\/es\/wp-json\/wp\/v2\/product_tag?post=70230"}],"curies":[{"name":"wp","href":"https:\/\/api.w.org\/{rel}","templated":true}]}}