{"id":71010,"date":"2026-04-15T17:39:15","date_gmt":"2026-04-15T15:39:15","guid":{"rendered":"https:\/\/dev.mivv.com\/scarico-moto\/acc-033-a1-suzuki-dl-v-strom-650-2004-2006\/"},"modified":"2026-04-15T17:39:15","modified_gmt":"2026-04-15T15:39:15","slug":"acc-033-a1-suzuki-dl-v-strom-650-2004-2006","status":"publish","type":"product","link":"https:\/\/dev.mivv.com\/es\/product\/acc-033-a1-suzuki-dl-v-strom-650-2004-2006\/","title":{"rendered":"ACC.033.A1 &#8211; SUZUKI DL V-STROM 650 2004 > 2006"},"content":{"rendered":"<p>Mivv utiliza catalizadores met\u00e1licos con el fin de garantizar a tu moto una mejor\u00eda de las performance y del sound.<br \/>\n\u00c9stos catalizadores est\u00e1n estudiados para obtener una adecuada disminuci\u00f3n de los gases contaminantes convirtiendo el escape en versi\u00f3n homologada seg\u00fan las normativas vigentes.<\/p>\n","protected":false},"excerpt":{"rendered":"<p>Mivv utiliza catalizadores met\u00e1licos con el fin de garantizar a tu moto una mejor\u00eda de las performance y del sound. \u00c9stos catalizadores est\u00e1n estudiados para obtener una adecuada disminuci\u00f3n de los gases contaminantes convirtiendo el escape en versi\u00f3n homologada seg\u00fan las normativas vigentes.<\/p>\n","protected":false},"featured_media":63272,"template":"","meta":{"_acf_changed":false},"product_brand":[21211,21320],"product_cat":[691],"product_tag":[],"class_list":{"0":"post-71010","1":"product","2":"type-product","3":"status-publish","4":"has-post-thumbnail","6":"product_brand-suzuki","7":"product_brand-dl-v-strom-650","8":"product_cat-catalizador","10":"first","11":"instock","12":"shipping-taxable","13":"product-type-simple"},"acf":[],"_links":{"self":[{"href":"https:\/\/dev.mivv.com\/es\/wp-json\/wp\/v2\/product\/71010","targetHints":{"allow":["GET"]}}],"collection":[{"href":"https:\/\/dev.mivv.com\/es\/wp-json\/wp\/v2\/product"}],"about":[{"href":"https:\/\/dev.mivv.com\/es\/wp-json\/wp\/v2\/types\/product"}],"wp:featuredmedia":[{"embeddable":true,"href":"https:\/\/dev.mivv.com\/es\/wp-json\/wp\/v2\/media\/63272"}],"wp:attachment":[{"href":"https:\/\/dev.mivv.com\/es\/wp-json\/wp\/v2\/media?parent=71010"}],"wp:term":[{"taxonomy":"product_brand","embeddable":true,"href":"https:\/\/dev.mivv.com\/es\/wp-json\/wp\/v2\/product_brand?post=71010"},{"taxonomy":"product_cat","embeddable":true,"href":"https:\/\/dev.mivv.com\/es\/wp-json\/wp\/v2\/product_cat?post=71010"},{"taxonomy":"product_tag","embeddable":true,"href":"https:\/\/dev.mivv.com\/es\/wp-json\/wp\/v2\/product_tag?post=71010"}],"curies":[{"name":"wp","href":"https:\/\/api.w.org\/{rel}","templated":true}]}}