{"id":71024,"date":"2026-04-15T17:39:17","date_gmt":"2026-04-15T15:39:17","guid":{"rendered":"https:\/\/dev.mivv.com\/scarico-moto\/acc-033-a1-suzuki-gsx-r-600-2006-2007\/"},"modified":"2026-04-15T17:39:17","modified_gmt":"2026-04-15T15:39:17","slug":"acc-033-a1-suzuki-gsx-r-600-2006-2007","status":"publish","type":"product","link":"https:\/\/dev.mivv.com\/es\/product\/acc-033-a1-suzuki-gsx-r-600-2006-2007\/","title":{"rendered":"ACC.033.A1 &#8211; SUZUKI GSX-R 600 2006 > 2007"},"content":{"rendered":"<p>Mivv utiliza catalizadores met\u00e1licos con el fin de garantizar a tu moto una mejor\u00eda de las performance y del sound.<br \/>\n\u00c9stos catalizadores est\u00e1n estudiados para obtener una adecuada disminuci\u00f3n de los gases contaminantes convirtiendo el escape en versi\u00f3n homologada seg\u00fan las normativas vigentes.<\/p>\n","protected":false},"excerpt":{"rendered":"<p>Mivv utiliza catalizadores met\u00e1licos con el fin de garantizar a tu moto una mejor\u00eda de las performance y del sound. \u00c9stos catalizadores est\u00e1n estudiados para obtener una adecuada disminuci\u00f3n de los gases contaminantes convirtiendo el escape en versi\u00f3n homologada seg\u00fan las normativas vigentes.<\/p>\n","protected":false},"featured_media":63272,"template":"","meta":{"_acf_changed":false},"product_brand":[21272,21269,21211],"product_cat":[691],"product_tag":[],"class_list":{"0":"post-71024","1":"product","2":"type-product","3":"status-publish","4":"has-post-thumbnail","6":"product_brand-2006-2007-gsx-r-600","7":"product_brand-gsx-r-600","8":"product_brand-suzuki","9":"product_cat-catalizador","11":"first","12":"instock","13":"shipping-taxable","14":"product-type-simple"},"acf":[],"_links":{"self":[{"href":"https:\/\/dev.mivv.com\/es\/wp-json\/wp\/v2\/product\/71024","targetHints":{"allow":["GET"]}}],"collection":[{"href":"https:\/\/dev.mivv.com\/es\/wp-json\/wp\/v2\/product"}],"about":[{"href":"https:\/\/dev.mivv.com\/es\/wp-json\/wp\/v2\/types\/product"}],"wp:featuredmedia":[{"embeddable":true,"href":"https:\/\/dev.mivv.com\/es\/wp-json\/wp\/v2\/media\/63272"}],"wp:attachment":[{"href":"https:\/\/dev.mivv.com\/es\/wp-json\/wp\/v2\/media?parent=71024"}],"wp:term":[{"taxonomy":"product_brand","embeddable":true,"href":"https:\/\/dev.mivv.com\/es\/wp-json\/wp\/v2\/product_brand?post=71024"},{"taxonomy":"product_cat","embeddable":true,"href":"https:\/\/dev.mivv.com\/es\/wp-json\/wp\/v2\/product_cat?post=71024"},{"taxonomy":"product_tag","embeddable":true,"href":"https:\/\/dev.mivv.com\/es\/wp-json\/wp\/v2\/product_tag?post=71024"}],"curies":[{"name":"wp","href":"https:\/\/api.w.org\/{rel}","templated":true}]}}