{"id":71325,"date":"2026-04-15T17:41:43","date_gmt":"2026-04-15T15:41:43","guid":{"rendered":"https:\/\/dev.mivv.com\/scarico-moto\/acc-040-a2-ktm-990-supermoto-smt-2009-2020\/"},"modified":"2026-04-15T17:41:43","modified_gmt":"2026-04-15T15:41:43","slug":"acc-040-a2-ktm-990-supermoto-smt-2009-2020","status":"publish","type":"product","link":"https:\/\/dev.mivv.com\/es\/product\/acc-040-a2-ktm-990-supermoto-smt-2009-2020\/","title":{"rendered":"ACC.040.A2 &#8211; KTM 990 SUPERMOTO SMT 2009 > 2020"},"content":{"rendered":"<p>Mivv utiliza catalizadores met\u00e1licos con el fin de garantizar a tu moto una mejor\u00eda de las performance y del sound.<br \/>\n\u00c9stos catalizadores est\u00e1n estudiados para obtener una adecuada disminuci\u00f3n de los gases contaminantes convirtiendo el escape en versi\u00f3n homologada seg\u00fan las normativas vigentes.<\/p>\n","protected":false},"excerpt":{"rendered":"<p>Mivv utiliza catalizadores met\u00e1licos con el fin de garantizar a tu moto una mejor\u00eda de las performance y del sound. \u00c9stos catalizadores est\u00e1n estudiados para obtener una adecuada disminuci\u00f3n de los gases contaminantes convirtiendo el escape en versi\u00f3n homologada seg\u00fan las normativas vigentes.<\/p>\n","protected":false},"featured_media":63272,"template":"","meta":{"_acf_changed":false},"product_brand":[21040,21039,20972],"product_cat":[691],"product_tag":[],"class_list":{"0":"post-71325","1":"product","2":"type-product","3":"status-publish","4":"has-post-thumbnail","6":"product_brand-2009-990-supermoto-smt","7":"product_brand-990-supermoto-smt","8":"product_brand-ktm","9":"product_cat-catalizador","11":"first","12":"instock","13":"shipping-taxable","14":"product-type-simple"},"acf":[],"_links":{"self":[{"href":"https:\/\/dev.mivv.com\/es\/wp-json\/wp\/v2\/product\/71325","targetHints":{"allow":["GET"]}}],"collection":[{"href":"https:\/\/dev.mivv.com\/es\/wp-json\/wp\/v2\/product"}],"about":[{"href":"https:\/\/dev.mivv.com\/es\/wp-json\/wp\/v2\/types\/product"}],"wp:featuredmedia":[{"embeddable":true,"href":"https:\/\/dev.mivv.com\/es\/wp-json\/wp\/v2\/media\/63272"}],"wp:attachment":[{"href":"https:\/\/dev.mivv.com\/es\/wp-json\/wp\/v2\/media?parent=71325"}],"wp:term":[{"taxonomy":"product_brand","embeddable":true,"href":"https:\/\/dev.mivv.com\/es\/wp-json\/wp\/v2\/product_brand?post=71325"},{"taxonomy":"product_cat","embeddable":true,"href":"https:\/\/dev.mivv.com\/es\/wp-json\/wp\/v2\/product_cat?post=71325"},{"taxonomy":"product_tag","embeddable":true,"href":"https:\/\/dev.mivv.com\/es\/wp-json\/wp\/v2\/product_tag?post=71325"}],"curies":[{"name":"wp","href":"https:\/\/api.w.org\/{rel}","templated":true}]}}